{"id":2085176,"date":"2025-11-11T12:05:10","date_gmt":"2025-11-11T12:05:10","guid":{"rendered":"https:\/\/bahiasexirentacar.com\/?page_id=2085176"},"modified":"2026-03-10T08:59:52","modified_gmt":"2026-03-10T08:59:52","slug":"hoteller-campingpladser","status":"publish","type":"page","link":"https:\/\/bahiasexirentacar.com\/da\/hoteller-campingpladser\/","title":{"rendered":"Hoteller og campingpladser"},"content":{"rendered":"<p>[vc_row][vc_column][vc_column_text]<\/p>\n<h1 class=\"servicios-title\">Leveringsservice af biler til hoteller og campingpladser<\/h1>\n<p>Nyd friheden ved at have en bil <strong>pr\u00e6cis n\u00e5r og hvor du har brug for den<\/strong>. Med vores <strong>leveringsservice til dit opholdssted (hotel, campingplads eller aftalt m\u00f8dested)<\/strong> st\u00e5r bilen klar til dig i <strong>M\u00e1laga og Granada<\/strong>, <strong>til den bedste pris<\/strong> og <strong>uden k\u00f8er eller transfers<\/strong>. Oplev den andalusiske kyst i dit eget tempo fra f\u00f8rste minut.<\/p>\n<p>Hvordan fungerer det?<\/p>\n<ol>\n<li><strong>V\u00e6lg din destination.<\/strong><\/li>\n<li><strong>Fort\u00e6l os dato og tidspunkt.<\/strong><\/li>\n<li><strong>Vi leverer bilen i receptionen<\/strong> (eller ved det aftalte m\u00f8dested), og du kan begynde din rejse. N\u00e5r du kommer tilbage, <strong>stiller du bilen ved receptionen eller m\u00f8destedet \u2013 s\u00e5 klarer vi resten<\/strong>.<\/li>\n<\/ol>\n<section class=\"destacadas\" aria-labelledby=\"titulo-destacadas\">\n<h2 id=\"titulo-destacadas\" class=\"servicios-title\">Udvalgte destinationer<\/h2>\n<div class=\"grid-cards\" role=\"list\">\n<article class=\"card-destino\" role=\"listitem\">\n<figure class=\"card-media\"><img decoding=\"async\" src=\"https:\/\/bahiasexirentacar.com\/wp-content\/uploads\/2025\/06\/nerja-portada-2.jpg\" alt=\"Levering af bil i Nerja \u2013 Bahia Sexi\" width=\"1080\" height=\"1920\" \/><\/figure>\n<h3>Nerja<\/h3>\n<p><a class=\"btn-detalles\" href=\"https:\/\/bahiasexirentacar.com\/da\/lej-en-bil-nerja\/\" target=\"_blank\" rel=\"noopener\" aria-label=\"Se detaljer \u2014 Nerja\">Detaljer<\/a><\/p>\n<\/article>\n<article class=\"card-destino\" role=\"listitem\">\n<figure class=\"card-media\"><img decoding=\"async\" src=\"https:\/\/bahiasexirentacar.com\/wp-content\/uploads\/2025\/07\/playa-almu.webp\" alt=\"Levering af bil i Almu\u00f1\u00e9car \u2013 Bahia Sexi\" width=\"1080\" height=\"1920\" \/><\/figure>\n<h3>Almu\u00f1\u00e9car<\/h3>\n<p><a class=\"btn-detalles\" href=\"https:\/\/bahiasexirentacar.com\/da\/lej-en-bil-almunecar\/\" target=\"_blank\" rel=\"noopener\" aria-label=\"Se detaljer \u2014 Almu\u00f1\u00e9car\">Detaljer<\/a><\/p>\n<\/article>\n<article class=\"card-destino\" role=\"listitem\">\n<figure class=\"card-media\"><img decoding=\"async\" src=\"https:\/\/bahiasexirentacar.com\/wp-content\/uploads\/2025\/11\/faro-e1762336257241.webp\" alt=\"Levering af bil i Torrox \u2013 Bahia Sexi\" width=\"1080\" height=\"1920\" \/><\/figure>\n<h3>Torrox<\/h3>\n<p><a class=\"btn-detalles\" href=\"https:\/\/bahiasexirentacar.com\/da\/lej-en-bil-torrox\/\" target=\"_blank\" rel=\"noopener\" aria-label=\"Se detaljer \u2014 Torrox\">Detaljer<\/a><\/p>\n<\/article>\n<article class=\"card-destino\" role=\"listitem\">\n<figure class=\"card-media\"><img decoding=\"async\" src=\"https:\/\/bahiasexirentacar.com\/wp-content\/uploads\/2025\/06\/iglesia-motril-1.webp\" alt=\"Levering af bil i Motril \u2013 Bahia Sexi\" width=\"1080\" height=\"1920\" \/><\/figure>\n<h3>Motril<\/h3>\n<p><a class=\"btn-detalles\" href=\"https:\/\/bahiasexirentacar.com\/da\/lej-en-bil-motril\/\" target=\"_blank\" rel=\"noopener\" aria-label=\"Se detaljer \u2014 Motril\">Detaljer<\/a><\/p>\n<\/article>\n<\/div>\n<\/section>\n<section id=\"ubicaciones\" class=\"listado\" aria-labelledby=\"titulo-todas\">\n<h2 id=\"titulo-todas\" class=\"servicios-title\">V\u00e6lg din destination<\/h2>\n<p class=\"intro-ubicaciones\">Leveringsservice til <strong>hotel<\/strong> og <strong>campingplads<\/strong>; <strong>m\u00f8dested<\/strong> hvor det er angivet.<\/p>\n<div id=\"prov-malaga\" class=\"bloque-provincia\" data-provincia=\"malaga\">\n<h3>M\u00e1laga<\/h3>\n<div class=\"grid-cards\" role=\"list\">\n<article class=\"card-destino\" role=\"listitem\">\n<figure class=\"card-media\"><img decoding=\"async\" src=\"https:\/\/bahiasexirentacar.com\/wp-content\/uploads\/2025\/06\/nerja-portada-2.jpg\" alt=\"Levering af bil i Nerja \u2013 Bahia Sexi\" width=\"1080\" height=\"1080\" \/><\/figure>\n<h4>Nerja<\/h4>\n<p class=\"tipos\">Hotel \u00b7 Campingplads \u00b7 M\u00f8dested<\/p>\n<p><a class=\"btn-detalles\" href=\"https:\/\/bahiasexirentacar.com\/da\/lej-en-bil-nerja\/\" target=\"_blank\" rel=\"noopener\" aria-label=\"Se detaljer \u2014 Nerja\">Detaljer<\/a><\/p>\n<\/article>\n<article class=\"card-destino\" role=\"listitem\">\n<figure class=\"card-media\"><img decoding=\"async\" src=\"https:\/\/bahiasexirentacar.com\/wp-content\/uploads\/2025\/11\/faro-e1762336257241.webp\" alt=\"Levering af bil i Torrox \u2013 Bahia Sexi\" width=\"1080\" height=\"1080\" \/><\/figure>\n<h4>Torrox<\/h4>\n<p class=\"tipos\">Hotel \u00b7 Campingplads<\/p>\n<p><a class=\"btn-detalles\" href=\"https:\/\/bahiasexirentacar.com\/da\/lej-en-bil-torrox\/\" target=\"_blank\" rel=\"noopener\" aria-label=\"Se detaljer \u2014 Torrox\">Detaljer<\/a><\/p>\n<\/article>\n<article class=\"card-destino\" role=\"listitem\">\n<figure class=\"card-media\"><img decoding=\"async\" src=\"https:\/\/bahiasexirentacar.com\/wp-content\/uploads\/2025\/07\/frigiliana.webp\" alt=\"Levering af bil i Frigiliana \u2013 Bahia Sexi\" width=\"1080\" height=\"1080\" \/><\/figure>\n<h4>Frigiliana<\/h4>\n<p class=\"tipos\">Hotel \u00b7 Campingplads<\/p>\n<p><a class=\"btn-detalles\" href=\"https:\/\/bahiasexirentacar.com\/da\/lej-en-bil-frigiliana\/\" target=\"_blank\" rel=\"noopener\" aria-label=\"Se detaljer \u2014 Frigiliana\">Detaljer<\/a><\/p>\n<\/article>\n<article class=\"card-destino\" role=\"listitem\">\n<figure class=\"card-media\"><img decoding=\"async\" src=\"https:\/\/bahiasexirentacar.com\/wp-content\/uploads\/2025\/07\/torre-del-mar-atardecer-nublado.jpg\" alt=\"Levering af bil i Torre del Mar \u2013 Bahia Sexi\" width=\"1080\" height=\"1080\" \/><\/figure>\n<h4>Torre del Mar<\/h4>\n<p class=\"tipos\">Hotel \u00b7 Campingplads<\/p>\n<p><a class=\"btn-detalles\" href=\"https:\/\/bahiasexirentacar.com\/da\/lej-en-bil-torre-del-mar\/\" target=\"_blank\" rel=\"noopener\" aria-label=\"Se detaljer \u2014 Torre del Mar\">Detaljer<\/a><\/p>\n<\/article>\n<article class=\"card-destino\" role=\"listitem\">\n<figure class=\"card-media\"><img decoding=\"async\" src=\"https:\/\/bahiasexirentacar.com\/wp-content\/uploads\/2025\/11\/almayate.webp\" alt=\"Levering af bil i Almayate \u2013 Bahia Sexi\" width=\"1080\" height=\"1080\" \/><\/figure>\n<h4>Almayate<\/h4>\n<p class=\"tipos\">Hotel \u00b7 Campingplads<\/p>\n<p><a class=\"btn-detalles\" href=\"https:\/\/bahiasexirentacar.com\/da\/biludlejning-almayate\/\" target=\"_blank\" rel=\"noopener\" aria-label=\"Se detaljer \u2014 Almayate\">Detaljer<\/a><\/p>\n<\/article>\n<article class=\"card-destino\" role=\"listitem\">\n<figure class=\"card-media\"><img decoding=\"async\" src=\"https:\/\/bahiasexirentacar.com\/wp-content\/uploads\/2025\/11\/rincon-de-la-victoria-scaled.jpg\" alt=\"Levering af bil i Rinc\u00f3n de la Victoria \u2013 Bahia Sexi\" width=\"1080\" height=\"1080\" \/><\/figure>\n<h4>Rinc\u00f3n de la Victoria<\/h4>\n<p class=\"tipos\">Hotel \u00b7 Campingplads<\/p>\n<p><a class=\"btn-detalles\" href=\"https:\/\/bahiasexirentacar.com\/da\/billeje-rincon-de-la-victoria\/\" target=\"_blank\" rel=\"noopener\" aria-label=\"Se detaljer \u2014 Rinc\u00f3n de la Victoria\">Detaljer<\/a><\/p>\n<\/article>\n<article class=\"card-destino\" role=\"listitem\">\n<figure class=\"card-media\"><img decoding=\"async\" src=\"https:\/\/bahiasexirentacar.com\/wp-content\/uploads\/2025\/09\/parque-de-la-bateria.jpg\" alt=\"Levering af bil i Torremolinos \u2013 Bahia Sexi\" width=\"1080\" height=\"1080\" \/><\/figure>\n<h4>Torremolinos<\/h4>\n<p class=\"tipos\">Hotel \u00b7 Campingplads<\/p>\n<p><a class=\"btn-detalles\" href=\"https:\/\/bahiasexirentacar.com\/da\/lej-en-bil-torremolinos\/\" target=\"_blank\" rel=\"noopener\" aria-label=\"Se detaljer \u2014 Torremolinos\">Detaljer<\/a><\/p>\n<\/article>\n<article class=\"card-destino\" role=\"listitem\">\n<figure class=\"card-media\"><img decoding=\"async\" src=\"https:\/\/bahiasexirentacar.com\/wp-content\/uploads\/2025\/11\/benalmadena.webp\" alt=\"Levering af bil i Benalm\u00e1dena \u2013 Bahia Sexi\" width=\"1080\" height=\"1080\" \/><\/figure>\n<h4>Benalm\u00e1dena<\/h4>\n<p class=\"tipos\">Hotel \u00b7 Campingplads<\/p>\n<p><a class=\"btn-detalles\" href=\"https:\/\/bahiasexirentacar.com\/da\/lej-en-bil-benalmadena\/\" target=\"_blank\" rel=\"noopener\" aria-label=\"Se detaljer \u2014 Benalm\u00e1dena\">Detaljer<\/a><\/p>\n<\/article>\n<article class=\"card-destino\" role=\"listitem\">\n<figure class=\"card-media\"><img decoding=\"async\" src=\"https:\/\/bahiasexirentacar.com\/wp-content\/uploads\/2025\/11\/mijas-costa.webp\" alt=\"Levering af bil i Mijas Costa \u2013 Bahia Sexi\" width=\"1080\" height=\"1080\" \/><\/figure>\n<h4>Mijas Costa<\/h4>\n<p class=\"tipos\">Hotel \u00b7 Campingplads<\/p>\n<p><a class=\"btn-detalles\" href=\"https:\/\/bahiasexirentacar.com\/da\/biludlejning-mijas-costa\/\" target=\"_blank\" rel=\"noopener\" aria-label=\"Se detaljer \u2014 Mijas Costa\">Detaljer<\/a><\/p>\n<\/article>\n<\/div>\n<\/div>\n<div id=\"prov-granada\" class=\"bloque-provincia\" data-provincia=\"granada\">\n<h3>Granada<\/h3>\n<div class=\"grid-cards\" role=\"list\">\n<article class=\"card-destino\" role=\"listitem\">\n<figure class=\"card-media\"><img decoding=\"async\" src=\"https:\/\/bahiasexirentacar.com\/wp-content\/uploads\/2025\/07\/playa-almu.webp\" alt=\"Levering af bil i Almu\u00f1\u00e9car \u2013 Bahia Sexi\" width=\"1080\" height=\"1080\" \/><\/figure>\n<h4>Almu\u00f1\u00e9car<\/h4>\n<p class=\"tipos\">Hotel \u00b7 Campingplads<\/p>\n<p><a class=\"btn-detalles\" href=\"https:\/\/bahiasexirentacar.com\/da\/lej-en-bil-almunecar\/\" target=\"_blank\" rel=\"noopener\" aria-label=\"Se detaljer \u2014 Almu\u00f1\u00e9car\">Detaljer<\/a><\/p>\n<\/article>\n<article class=\"card-destino\" role=\"listitem\">\n<figure class=\"card-media\"><img decoding=\"async\" src=\"https:\/\/bahiasexirentacar.com\/wp-content\/uploads\/2025\/07\/Atardecer-en-La-Herradura-scaled-e1753257717142.jpg\" alt=\"Levering af bil i La Herradura \u2013 Bahia Sexi\" width=\"1080\" height=\"1080\" \/><\/figure>\n<h4>La Herradura<\/h4>\n<p class=\"tipos\">Hotel \u00b7 Campingplads \u00b7 M\u00f8dested<\/p>\n<p><a class=\"btn-detalles\" href=\"https:\/\/bahiasexirentacar.com\/da\/lej-en-bil-la-herradura\/\" target=\"_blank\" rel=\"noopener\" aria-label=\"Se detaljer \u2014 La Herradura\">Detaljer<\/a><\/p>\n<\/article>\n<article class=\"card-destino\" role=\"listitem\">\n<figure class=\"card-media\"><img decoding=\"async\" src=\"https:\/\/bahiasexirentacar.com\/wp-content\/uploads\/2023\/02\/Salobrena.webp\" alt=\"Levering af bil i Salobre\u00f1a \u2013 Bahia Sexi\" width=\"1080\" height=\"1080\" \/><\/figure>\n<h4>Salobre\u00f1a<\/h4>\n<p class=\"tipos\">Hotel \u00b7 Campingplads<\/p>\n<p><a class=\"btn-detalles\" href=\"https:\/\/bahiasexirentacar.com\/da\/lej-en-bil-i-salobrena\/\" target=\"_blank\" rel=\"noopener\" aria-label=\"Se detaljer \u2014 Salobre\u00f1a\">Detaljer<\/a><\/p>\n<\/article>\n<article class=\"card-destino\" role=\"listitem\">\n<figure class=\"card-media\"><img decoding=\"async\" src=\"https:\/\/bahiasexirentacar.com\/wp-content\/uploads\/2025\/06\/iglesia-motril-1.webp\" alt=\"Levering af bil i Motril \u2013 Bahia Sexi\" width=\"1080\" height=\"1080\" \/><\/figure>\n<h4>Motril<\/h4>\n<p class=\"tipos\">Hotel \u00b7 Campingplads \u00b7 M\u00f8dested<\/p>\n<p><a class=\"btn-detalles\" href=\"https:\/\/bahiasexirentacar.com\/da\/lej-en-bil-motril\/\" target=\"_blank\" rel=\"noopener\" aria-label=\"Se detaljer \u2014 Motril\">Detaljer<\/a><\/p>\n<\/article>\n<article class=\"card-destino\" role=\"listitem\">\n<figure class=\"card-media\"><img decoding=\"async\" src=\"https:\/\/bahiasexirentacar.com\/wp-content\/uploads\/2025\/11\/Carchuna.jpg\" alt=\"Levering af bil i Carchuna \u2013 Bahia Sexi\" width=\"1080\" height=\"1080\" \/><\/figure>\n<h4>Carchuna<\/h4>\n<p class=\"tipos\">Hotel \u00b7 Campingplads<\/p>\n<p><a class=\"btn-detalles\" href=\"https:\/\/bahiasexirentacar.com\/da\/biludlejning-carchuna\/\" target=\"_blank\" rel=\"noopener\" aria-label=\"Se detaljer \u2014 Carchuna\">Detaljer<\/a><\/p>\n<\/article>\n<article class=\"card-destino\" role=\"listitem\">\n<figure class=\"card-media\"><img decoding=\"async\" src=\"https:\/\/bahiasexirentacar.com\/wp-content\/uploads\/2025\/11\/castell-de-ferro.jpg\" alt=\"Levering af bil i Castell de Ferro \u2013 Bahia Sexi\" width=\"1080\" height=\"1080\" \/><\/figure>\n<h4>Castell de Ferro<\/h4>\n<p class=\"tipos\">Hotel \u00b7 Campingplads<\/p>\n<p><a class=\"btn-detalles\" href=\"https:\/\/bahiasexirentacar.com\/da\/biludlejning-castell-de-ferro\/\" target=\"_blank\" rel=\"noopener\" aria-label=\"Se detaljer \u2014 Castell de Ferro\">Detaljer<\/a><\/p>\n<\/article>\n<article class=\"card-destino\" role=\"listitem\">\n<figure class=\"card-media\"><img decoding=\"async\" src=\"https:\/\/bahiasexirentacar.com\/wp-content\/uploads\/2025\/11\/orgiva.webp\" alt=\"Levering af bil i \u00d3rgiva \u2013 Bahia Sexi\" width=\"1080\" height=\"1080\" \/><\/figure>\n<h4>\u00d3rgiva<\/h4>\n<p class=\"tipos\">Hotel \u00b7 Campingplads \u00b7 M\u00f8dested<\/p>\n<p><a class=\"btn-detalles\" href=\"https:\/\/bahiasexirentacar.com\/da\/lej-en-bil-orgiva\/\" target=\"_blank\" rel=\"noopener\" aria-label=\"Se detaljer \u2014 \u00d3rgiva\">Detaljer<\/a><\/p>\n<\/article>\n<\/div>\n<\/div>\n<\/section>\n<p>[\/vc_column_text][\/vc_column][\/vc_row][vc_row][vc_column][vc_empty_space][\/vc_column][\/vc_row]<\/p>\n","protected":false},"excerpt":{"rendered":"<p>[vc_row][vc_column][vc_column_text] Leveringsservice af biler til hoteller og campingpladser Nyd friheden ved at have en bil pr\u00e6cis n\u00e5r og hvor du har brug for den. Med vores leveringsservice til dit opholdssted (hotel, campingplads eller aftalt m\u00f8dested) st\u00e5r bilen klar til dig i M\u00e1laga og Granada, til den bedste pris og uden k\u00f8er eller transfers. Oplev den&#8230;<\/p>\n","protected":false},"author":10,"featured_media":0,"parent":0,"menu_order":0,"comment_status":"closed","ping_status":"closed","template":"","meta":{"footnotes":""},"class_list":["post-2085176","page","type-page","status-publish","hentry"],"yoast_head":"<!-- This site is optimized with the Yoast SEO Premium plugin v27.3 (Yoast SEO v27.3) - https:\/\/yoast.com\/product\/yoast-seo-premium-wordpress\/ -->\n<title>Levering til hoteller og campingpladser | Bahia Sexi Rent a Car<\/title>\n<meta name=\"robots\" content=\"index, follow, max-snippet:-1, max-image-preview:large, max-video-preview:-1\" \/>\n<link rel=\"canonical\" href=\"https:\/\/bahiasexirentacar.com\/da\/hoteller-campingpladser\/\" \/>\n<meta property=\"og:locale\" content=\"da_DK\" \/>\n<meta property=\"og:type\" content=\"article\" \/>\n<meta property=\"og:title\" content=\"Hoteller og campingpladser\" \/>\n<meta property=\"og:description\" content=\"[vc_row][vc_column][vc_column_text] Leveringsservice af biler til hoteller og campingpladser Nyd friheden ved at have en bil pr\u00e6cis n\u00e5r og hvor du har brug for den. Med vores leveringsservice til dit opholdssted (hotel, campingplads eller aftalt m\u00f8dested) st\u00e5r bilen klar til dig i M\u00e1laga og Granada, til den bedste pris og uden k\u00f8er eller transfers. Oplev den...\" \/>\n<meta property=\"og:url\" content=\"https:\/\/bahiasexirentacar.com\/da\/hoteller-campingpladser\/\" \/>\n<meta property=\"og:site_name\" content=\"Bahia Sexi Rent a Car\" \/>\n<meta property=\"article:publisher\" content=\"https:\/\/www.facebook.com\/bahiasexi\" \/>\n<meta property=\"article:modified_time\" content=\"2026-03-10T08:59:52+00:00\" \/>\n<meta property=\"og:image\" content=\"https:\/\/bahiasexirentacar.com\/wp-content\/uploads\/2025\/06\/nerja-portada-2.jpg\" \/>\n<meta name=\"twitter:card\" content=\"summary_large_image\" \/>\n<meta name=\"twitter:label1\" content=\"Estimeret l\u00e6setid\" \/>\n\t<meta name=\"twitter:data1\" content=\"6 minutter\" \/>\n<script type=\"application\/ld+json\" class=\"yoast-schema-graph\">{\"@context\":\"https:\\\/\\\/schema.org\",\"@graph\":[{\"@type\":\"WebPage\",\"@id\":\"https:\\\/\\\/bahiasexirentacar.com\\\/da\\\/hoteller-campingpladser\\\/\",\"url\":\"https:\\\/\\\/bahiasexirentacar.com\\\/da\\\/hoteller-campingpladser\\\/\",\"name\":\"Levering til hoteller og campingpladser | Bahia Sexi Rent a Car\",\"isPartOf\":{\"@id\":\"https:\\\/\\\/bahiasexirentacar.com\\\/da\\\/#website\"},\"primaryImageOfPage\":{\"@id\":\"https:\\\/\\\/bahiasexirentacar.com\\\/da\\\/hoteller-campingpladser\\\/#primaryimage\"},\"image\":{\"@id\":\"https:\\\/\\\/bahiasexirentacar.com\\\/da\\\/hoteller-campingpladser\\\/#primaryimage\"},\"thumbnailUrl\":\"https:\\\/\\\/bahiasexirentacar.com\\\/wp-content\\\/uploads\\\/2025\\\/06\\\/nerja-portada-2.jpg\",\"datePublished\":\"2025-11-11T12:05:10+00:00\",\"dateModified\":\"2026-03-10T08:59:52+00:00\",\"breadcrumb\":{\"@id\":\"https:\\\/\\\/bahiasexirentacar.com\\\/da\\\/hoteller-campingpladser\\\/#breadcrumb\"},\"inLanguage\":\"da-DK\",\"potentialAction\":[{\"@type\":\"ReadAction\",\"target\":[\"https:\\\/\\\/bahiasexirentacar.com\\\/da\\\/hoteller-campingpladser\\\/\"]}]},{\"@type\":\"ImageObject\",\"inLanguage\":\"da-DK\",\"@id\":\"https:\\\/\\\/bahiasexirentacar.com\\\/da\\\/hoteller-campingpladser\\\/#primaryimage\",\"url\":\"https:\\\/\\\/bahiasexirentacar.com\\\/wp-content\\\/uploads\\\/2025\\\/06\\\/nerja-portada-2.jpg\",\"contentUrl\":\"https:\\\/\\\/bahiasexirentacar.com\\\/wp-content\\\/uploads\\\/2025\\\/06\\\/nerja-portada-2.jpg\"},{\"@type\":\"BreadcrumbList\",\"@id\":\"https:\\\/\\\/bahiasexirentacar.com\\\/da\\\/hoteller-campingpladser\\\/#breadcrumb\",\"itemListElement\":[{\"@type\":\"ListItem\",\"position\":1,\"name\":\"Home\",\"item\":\"https:\\\/\\\/bahiasexirentacar.com\\\/da\\\/\"},{\"@type\":\"ListItem\",\"position\":2,\"name\":\"Hoteller og campingpladser\"}]},{\"@type\":\"WebSite\",\"@id\":\"https:\\\/\\\/bahiasexirentacar.com\\\/da\\\/#website\",\"url\":\"https:\\\/\\\/bahiasexirentacar.com\\\/da\\\/\",\"name\":\"Bahia Sexi Rent a Car\",\"description\":\"Car rental at Malaga Airport\",\"publisher\":{\"@id\":\"https:\\\/\\\/bahiasexirentacar.com\\\/da\\\/#organization\"},\"potentialAction\":[{\"@type\":\"SearchAction\",\"target\":{\"@type\":\"EntryPoint\",\"urlTemplate\":\"https:\\\/\\\/bahiasexirentacar.com\\\/da\\\/?s={search_term_string}\"},\"query-input\":{\"@type\":\"PropertyValueSpecification\",\"valueRequired\":true,\"valueName\":\"search_term_string\"}}],\"inLanguage\":\"da-DK\"},{\"@type\":\"Organization\",\"@id\":\"https:\\\/\\\/bahiasexirentacar.com\\\/da\\\/#organization\",\"name\":\"Bahia Sexi Rent a Car\",\"url\":\"https:\\\/\\\/bahiasexirentacar.com\\\/da\\\/\",\"logo\":{\"@type\":\"ImageObject\",\"inLanguage\":\"da-DK\",\"@id\":\"https:\\\/\\\/bahiasexirentacar.com\\\/da\\\/#\\\/schema\\\/logo\\\/image\\\/\",\"url\":\"https:\\\/\\\/bahiasexirentacar.com\\\/wp-content\\\/uploads\\\/2024\\\/11\\\/cropped-Icono-sitio-web.jpg\",\"contentUrl\":\"https:\\\/\\\/bahiasexirentacar.com\\\/wp-content\\\/uploads\\\/2024\\\/11\\\/cropped-Icono-sitio-web.jpg\",\"width\":512,\"height\":512,\"caption\":\"Bahia Sexi Rent a Car\"},\"image\":{\"@id\":\"https:\\\/\\\/bahiasexirentacar.com\\\/da\\\/#\\\/schema\\\/logo\\\/image\\\/\"},\"sameAs\":[\"https:\\\/\\\/www.facebook.com\\\/bahiasexi\"]}]}<\/script>\n<!-- \/ Yoast SEO Premium plugin. -->","yoast_head_json":{"title":"Levering til hoteller og campingpladser | Bahia Sexi Rent a Car","robots":{"index":"index","follow":"follow","max-snippet":"max-snippet:-1","max-image-preview":"max-image-preview:large","max-video-preview":"max-video-preview:-1"},"canonical":"https:\/\/bahiasexirentacar.com\/da\/hoteller-campingpladser\/","og_locale":"da_DK","og_type":"article","og_title":"Hoteller og campingpladser","og_description":"[vc_row][vc_column][vc_column_text] Leveringsservice af biler til hoteller og campingpladser Nyd friheden ved at have en bil pr\u00e6cis n\u00e5r og hvor du har brug for den. Med vores leveringsservice til dit opholdssted (hotel, campingplads eller aftalt m\u00f8dested) st\u00e5r bilen klar til dig i M\u00e1laga og Granada, til den bedste pris og uden k\u00f8er eller transfers. Oplev den...","og_url":"https:\/\/bahiasexirentacar.com\/da\/hoteller-campingpladser\/","og_site_name":"Bahia Sexi Rent a Car","article_publisher":"https:\/\/www.facebook.com\/bahiasexi","article_modified_time":"2026-03-10T08:59:52+00:00","og_image":[{"url":"https:\/\/bahiasexirentacar.com\/wp-content\/uploads\/2025\/06\/nerja-portada-2.jpg","type":"","width":"","height":""}],"twitter_card":"summary_large_image","twitter_misc":{"Estimeret l\u00e6setid":"6 minutter"},"schema":{"@context":"https:\/\/schema.org","@graph":[{"@type":"WebPage","@id":"https:\/\/bahiasexirentacar.com\/da\/hoteller-campingpladser\/","url":"https:\/\/bahiasexirentacar.com\/da\/hoteller-campingpladser\/","name":"Levering til hoteller og campingpladser | Bahia Sexi Rent a Car","isPartOf":{"@id":"https:\/\/bahiasexirentacar.com\/da\/#website"},"primaryImageOfPage":{"@id":"https:\/\/bahiasexirentacar.com\/da\/hoteller-campingpladser\/#primaryimage"},"image":{"@id":"https:\/\/bahiasexirentacar.com\/da\/hoteller-campingpladser\/#primaryimage"},"thumbnailUrl":"https:\/\/bahiasexirentacar.com\/wp-content\/uploads\/2025\/06\/nerja-portada-2.jpg","datePublished":"2025-11-11T12:05:10+00:00","dateModified":"2026-03-10T08:59:52+00:00","breadcrumb":{"@id":"https:\/\/bahiasexirentacar.com\/da\/hoteller-campingpladser\/#breadcrumb"},"inLanguage":"da-DK","potentialAction":[{"@type":"ReadAction","target":["https:\/\/bahiasexirentacar.com\/da\/hoteller-campingpladser\/"]}]},{"@type":"ImageObject","inLanguage":"da-DK","@id":"https:\/\/bahiasexirentacar.com\/da\/hoteller-campingpladser\/#primaryimage","url":"https:\/\/bahiasexirentacar.com\/wp-content\/uploads\/2025\/06\/nerja-portada-2.jpg","contentUrl":"https:\/\/bahiasexirentacar.com\/wp-content\/uploads\/2025\/06\/nerja-portada-2.jpg"},{"@type":"BreadcrumbList","@id":"https:\/\/bahiasexirentacar.com\/da\/hoteller-campingpladser\/#breadcrumb","itemListElement":[{"@type":"ListItem","position":1,"name":"Home","item":"https:\/\/bahiasexirentacar.com\/da\/"},{"@type":"ListItem","position":2,"name":"Hoteller og campingpladser"}]},{"@type":"WebSite","@id":"https:\/\/bahiasexirentacar.com\/da\/#website","url":"https:\/\/bahiasexirentacar.com\/da\/","name":"Bahia Sexi Rent a Car","description":"Car rental at Malaga Airport","publisher":{"@id":"https:\/\/bahiasexirentacar.com\/da\/#organization"},"potentialAction":[{"@type":"SearchAction","target":{"@type":"EntryPoint","urlTemplate":"https:\/\/bahiasexirentacar.com\/da\/?s={search_term_string}"},"query-input":{"@type":"PropertyValueSpecification","valueRequired":true,"valueName":"search_term_string"}}],"inLanguage":"da-DK"},{"@type":"Organization","@id":"https:\/\/bahiasexirentacar.com\/da\/#organization","name":"Bahia Sexi Rent a Car","url":"https:\/\/bahiasexirentacar.com\/da\/","logo":{"@type":"ImageObject","inLanguage":"da-DK","@id":"https:\/\/bahiasexirentacar.com\/da\/#\/schema\/logo\/image\/","url":"https:\/\/bahiasexirentacar.com\/wp-content\/uploads\/2024\/11\/cropped-Icono-sitio-web.jpg","contentUrl":"https:\/\/bahiasexirentacar.com\/wp-content\/uploads\/2024\/11\/cropped-Icono-sitio-web.jpg","width":512,"height":512,"caption":"Bahia Sexi Rent a Car"},"image":{"@id":"https:\/\/bahiasexirentacar.com\/da\/#\/schema\/logo\/image\/"},"sameAs":["https:\/\/www.facebook.com\/bahiasexi"]}]}},"_links":{"self":[{"href":"https:\/\/bahiasexirentacar.com\/da\/wp-json\/wp\/v2\/pages\/2085176","targetHints":{"allow":["GET"]}}],"collection":[{"href":"https:\/\/bahiasexirentacar.com\/da\/wp-json\/wp\/v2\/pages"}],"about":[{"href":"https:\/\/bahiasexirentacar.com\/da\/wp-json\/wp\/v2\/types\/page"}],"author":[{"embeddable":true,"href":"https:\/\/bahiasexirentacar.com\/da\/wp-json\/wp\/v2\/users\/10"}],"replies":[{"embeddable":true,"href":"https:\/\/bahiasexirentacar.com\/da\/wp-json\/wp\/v2\/comments?post=2085176"}],"version-history":[{"count":6,"href":"https:\/\/bahiasexirentacar.com\/da\/wp-json\/wp\/v2\/pages\/2085176\/revisions"}],"predecessor-version":[{"id":2239700,"href":"https:\/\/bahiasexirentacar.com\/da\/wp-json\/wp\/v2\/pages\/2085176\/revisions\/2239700"}],"wp:attachment":[{"href":"https:\/\/bahiasexirentacar.com\/da\/wp-json\/wp\/v2\/media?parent=2085176"}],"curies":[{"name":"wp","href":"https:\/\/api.w.org\/{rel}","templated":true}]}}