{"id":32842,"date":"2023-01-05T15:27:47","date_gmt":"2023-01-05T15:27:47","guid":{"rendered":"https:\/\/bahiasexirentacar.com\/?page_id=32842"},"modified":"2023-01-05T15:27:48","modified_gmt":"2023-01-05T15:27:48","slug":"om-os","status":"publish","type":"page","link":"https:\/\/bahiasexirentacar.com\/da\/om-os\/","title":{"rendered":"Om os"},"content":{"rendered":"<p>[vc_row css=&#8221;.vc_custom_1485428309292{margin-top: 60px !important;margin-bottom: 51px !important;}&#8221;][vc_column width=&#8221;1\/2&#8243; el_class=&#8221;stm-col-pad-right&#8221;][vc_single_image image=&#8221;32443&#8243; img_size=&#8221;full&#8221; stm_fancybox=&#8221;yes&#8221; css=&#8221;.vc_custom_1598458732825{margin-bottom: 35px !important;}&#8221;][\/vc_column][vc_column width=&#8221;1\/2&#8243; el_class=&#8221;stm-col-pad-left&#8221;][vc_column_text]<\/p>\n<h3 style=\"margin-bottom: 18px;\">OM <span style=\"color: #f0c540;\">SEXI<\/span><\/h3>\n<p style=\"margin-bottom: 26px;\">Almu\u00f1\u00e9car begyndte som en f\u00f8nikisk koloni ved navn Sexi, og selv i dag kalder nogle af dens indbyggere sig selv Sexitanos. Under maurerne blomstrede Almu\u00f1\u00e9car som fiskerbyen Al-Munakkab. Selvom distriktets f\u00f8nikiske og romerske historie var kendt fra gr\u00e6ske og romerske kilder, blev det f\u00f8rst i 1950&#8217;erne, at der blev opdaget betydelige ark\u00e6ologiske beviser.<\/p>\n<p>[\/vc_column_text][\/vc_column][\/vc_row][vc_row css=&#8221;.vc_custom_1445594570930{margin-bottom: 83px !important;}&#8221;][vc_column width=&#8221;1\/2&#8243; el_class=&#8221;stm-col-pad-right&#8221;][vc_column_text css=&#8221;.vc_custom_1600166405732{margin-bottom: 23px !important;}&#8221;]<\/p>\n<h3>F\u00f8nikisk<\/h3>\n<p>[\/vc_column_text][vc_separator css=&#8221;.vc_custom_1445496980428{margin-bottom: 19px !important;}&#8221;][vc_column_text css=&#8221;.vc_custom_1600166657592{margin-bottom: 24px !important;}&#8221;]<span style=\"color: #888888; font-size: 13px;\"><span data-sheets-value=\"{&quot;1&quot;:2,&quot;2&quot;:&quot;The Phoenicians first established a colony in Almu\u00f1\u00e9car in about 800 BC and this developed for six hundred years into an important port and town with the name of Ex or Sexi and with a large fish salting and curing industry that was a major supplier of Greece and Rome. They also supplied a prized fish paste called garum made from the intestines of small fishes by a process of fermentation. Archaeological evidence comes chiefly from Phoenician cemeteries, the earlier Laurita necropolis on the hillside at Cerro San Cristobal and the later necropolis at Punte de Noy. An extensive collection of Phoenician grave goods and other artifacts is on display in the town museum located at the Castle of San Miguel and in the \u2018Cueva de Siete Palacios\u2019.&quot;}\" data-sheets-userformat=\"{&quot;2&quot;:769,&quot;3&quot;:{&quot;1&quot;:0},&quot;11&quot;:4,&quot;12&quot;:0}\">F\u00f8nikerne oprettede f\u00f8rst en koloni i Almu\u00f1\u00e9car omkring 800 f.Kr. og dette udviklede sig i seks hundrede \u00e5r til en vigtig havn og by med navnet Ex eller Sexi og med en stor fiskesaltnings- og h\u00e6rdningsindustri, der var en stor leverand\u00f8r af Gr\u00e6kenland og Rom .<\/span><\/span>[\/vc_column_text][vc_column_text]De leverede ogs\u00e5 en v\u00e6rdsat fiskepasta kaldet garum lavet af tarmene hos sm\u00e5 fisk ved en g\u00e6ringsproces. Ark\u00e6ologiske beviser kommer hovedsageligt fra f\u00f8nikiske kirkeg\u00e5rde, den tidligere Laurita-nekropolis p\u00e5 en bjergskr\u00e5ning ved Cerro San Cristobal og den senere nekropolis ved Punte de Noy. En omfattende samling af f\u00f8nikiske gravgoder og andre artefakter vises p\u00e5 bymuseet p\u00e5 San Miguel Slot og i &#8216;Cueva de Siete Palacios&#8217;.[\/vc_column_text][\/vc_column][vc_column width=&#8221;1\/2&#8243; el_class=&#8221;stm-col-pad-left&#8221;][vc_single_image image=&#8221;32456&#8243; img_size=&#8221;full&#8221; stm_fancybox=&#8221;yes&#8221; css=&#8221;.vc_custom_1598458792319{margin-bottom: 35px !important;}&#8221;][\/vc_column][\/vc_row][vc_row css=&#8221;.vc_custom_1445594570930{margin-bottom: 83px !important;}&#8221;][vc_column width=&#8221;1\/2&#8243; el_class=&#8221;stm-col-pad-right&#8221;][vc_column_text css=&#8221;.vc_custom_1600166687998{margin-bottom: 23px !important;}&#8221;]<\/p>\n<h3>Romersk regel<\/h3>\n<p>[\/vc_column_text][vc_separator css=&#8221;.vc_custom_1445496980428{margin-bottom: 19px !important;}&#8221;][vc_column_text css=&#8221;.vc_custom_1600166701401{margin-bottom: 24px !important;}&#8221;]<span style=\"color: #888888; font-size: 13px;\"><span data-sheets-value=\"{&quot;1&quot;:2,&quot;2&quot;:&quot;The Phoenicians first established a colony in Almu\u00f1\u00e9car in about 800 BC and this developed for six hundred years into an important port and town with the name of Ex or Sexi and with a large fish salting and curing industry that was a major supplier of Greece and Rome. They also supplied a prized fish paste called garum made from the intestines of small fishes by a process of fermentation. Archaeological evidence comes chiefly from Phoenician cemeteries, the earlier Laurita necropolis on the hillside at Cerro San Cristobal and the later necropolis at Punte de Noy. An extensive collection of Phoenician grave goods and other artifacts is on display in the town museum located at the Castle of San Miguel and in the \u2018Cueva de Siete Palacios\u2019.&quot;}\" data-sheets-userformat=\"{&quot;2&quot;:769,&quot;3&quot;:{&quot;1&quot;:0},&quot;11&quot;:4,&quot;12&quot;:0}\">&#8220;Romerne kom til det sydlige Spanien p\u00e5 tidspunktet for den anden puniske krig mellem Rom og Kartago i 218 f.Kr. som en del af deres kampagne for at underkaste de f\u00f8nikiske bos\u00e6ttelser langs kysten. I l\u00f8bet af 700 \u00e5r med romersk kolonistyring blomstrede byen og dens industri, og i 49 f.Kr. fik kommunen (en af \u200b\u200b20 byer i Spanien h\u00e6dret p\u00e5 det tidspunkt) titlen Firmium Julium Sexi i anerkendelse af byens loyalitet over for Rom.<\/span><\/span>[\/vc_column_text][vc_column_text]St\u00f8rre beviser for fiskesaltnings- og h\u00e6rdningsindustrien blev afd\u00e6kket under udgravninger i 1970&#8217;erne og 1980&#8217;erne i den omfattende Majuelo Botaniske Have. Disse afsl\u00f8rede det store omfang af genopbygning og modernisering af industrien under romersk indflydelse. Et segment af webstedet er omhyggeligt bevaret, hvilket giver en ide om branchens st\u00f8rrelse. Denne industri kr\u00e6vede ikke kun store m\u00e6ngder fisk og havsalt, der blev produceret mange steder langs kysten, men ogs\u00e5 en konstant forsyning med ferskvand.<\/p>\n<p>For at im\u00f8dekomme dette krav byggede romerne i det 1. \u00e5rhundrede e.Kr. fire miles vandr\u00f8r i dalen i Rio Seco og Rio Verde, herunder fem betydningsfulde akv\u00e6dukter. Alle st\u00e5r, bem\u00e6rkelsesv\u00e6rdigt, stadig og fire af dem er stadig i brug efter 2.000 \u00e5r &#8211; tilpasset af maurerne gennem \u00e5rhundrederne til at im\u00f8dekomme behovet for afgr\u00f8dervanding. Den romerske vandforsyning tjente ogs\u00e5 byen, og nylige udgravninger i byens centrum har afsl\u00f8ret den femte akv\u00e6dukt og de romerske bade.<\/p>\n<p>Romerne var sandsynligvis de f\u00f8rste til at bef\u00e6ste slottet Sankt Miguel, selvom hyppig genopbygning har udslettet de fleste af de meget omfattende romerske bef\u00e6stninger. Disse omfattede en bro fra slottet til &#8216;Pe\u00f1on del Santo&#8217; med en massiv 100 fod (30 m) h\u00f8j bue, der overlevede indtil mindst 1800.<\/p>\n<p>Lige under slottet p\u00e5 landsiden er &#8216;Cueva de Siete Palacios&#8217;, der overs\u00e6ttes som &#8216;De syv paladsers hul&#8217;. Det er dog faktisk ikke en hule, men snarere er det den st\u00f8rste rest af et romersk palads, der endnu er fundet i Almu\u00f1\u00e9car, efter at have overlevet i hundreder af \u00e5r som &#8216;sociale boliger&#8217;, indtil &#8216;huleboerne&#8217; blev genoprettet i 1970&#8217;erne. F\u00f8rst da blev dens sande oprindelse synlig. Det huser nu bymuseet.<\/p>\n<p>Andre vigtige romerske rester i distriktet inkluderer en romersk bro ved Cotobro og romerske grave flere steder. &#8220;[\/vc_column_text][\/vc_column][vc_column width=&#8221;1\/2&#8243; el_class=&#8221;stm-col-pad-left&#8221;][\/vc_column][\/vc_row][vc_row css=&#8221;.vc_custom_1445594570930{margin-bottom: 83px !important;}&#8221;][vc_column width=&#8221;1\/2&#8243; el_class=&#8221;stm-col-pad-right&#8221;][vc_column_text css=&#8221;.vc_custom_1600166749328{margin-bottom: 23px !important;}&#8221;]<\/p>\n<h3>Visigotisk regel<\/h3>\n<p>[\/vc_column_text][vc_separator css=&#8221;.vc_custom_1445496980428{margin-bottom: 19px !important;}&#8221;][vc_column_text css=&#8221;.vc_custom_1600166764748{margin-bottom: 24px !important;}&#8221;]<span style=\"color: #888888; font-size: 13px;\"><span data-sheets-value=\"{&quot;1&quot;:2,&quot;2&quot;:&quot;The Phoenicians first established a colony in Almu\u00f1\u00e9car in about 800 BC and this developed for six hundred years into an important port and town with the name of Ex or Sexi and with a large fish salting and curing industry that was a major supplier of Greece and Rome. They also supplied a prized fish paste called garum made from the intestines of small fishes by a process of fermentation. Archaeological evidence comes chiefly from Phoenician cemeteries, the earlier Laurita necropolis on the hillside at Cerro San Cristobal and the later necropolis at Punte de Noy. An extensive collection of Phoenician grave goods and other artifacts is on display in the town museum located at the Castle of San Miguel and in the \u2018Cueva de Siete Palacios\u2019.&quot;}\" data-sheets-userformat=\"{&quot;2&quot;:769,&quot;3&quot;:{&quot;1&quot;:0},&quot;11&quot;:4,&quot;12&quot;:0}\">Med det vestlige romerske imperiums tilbagegang i det 5. \u00e5rhundrede krydsede germanske folk, herunder vestgoterne, Pyren\u00e6ernes bjergk\u00e6de ind i den iberiske halv\u00f8. I 456 opstod vestgoterne som den dominerende magt og udvidede deres territorium til den sydvestlige middelhavskyst. Imidlertid forblev Hispania relativt romaniseret under deres styre.<\/span><\/span>[\/vc_column_text][vc_column_text]Visigoterne vedtog romersk kultur og sprog og vedligeholdt mange af de gamle romerske institutioner, sk\u00f8nt meget af den \u00f8konomiske struktur kollapsede, og ved Almu\u00f1\u00e9car faldt fiskebehandlingsindustrien hurtigt. De katolske biskopper var modstandere af den visigotiske magt og kultur indtil slutningen af \u200b\u200bdet 6. og begyndelsen af \u200b\u200bdet 7. \u00e5rhundrede &#8211; overgangsperioden fra arianisme til katolicisme i det vestgotiske rige.[\/vc_column_text][\/vc_column][vc_column width=&#8221;1\/2&#8243; el_class=&#8221;stm-col-pad-left&#8221;][\/vc_column][\/vc_row][vc_row css=&#8221;.vc_custom_1445594570930{margin-bottom: 83px !important;}&#8221;][vc_column width=&#8221;1\/2&#8243; el_class=&#8221;stm-col-pad-right&#8221;][vc_column_text css=&#8221;.vc_custom_1600168150600{margin-bottom: 23px !important;}&#8221;]<\/p>\n<h3>Muslimsk regel<\/h3>\n<p>[\/vc_column_text][vc_separator css=&#8221;.vc_custom_1445496980428{margin-bottom: 19px !important;}&#8221;][vc_column_text css=&#8221;.vc_custom_1600168165246{margin-bottom: 24px !important;}&#8221;]<span style=\"color: #888888; font-size: 13px;\"><span data-sheets-value=\"{&quot;1&quot;:2,&quot;2&quot;:&quot;The Phoenicians first established a colony in Almu\u00f1\u00e9car in about 800 BC and this developed for six hundred years into an important port and town with the name of Ex or Sexi and with a large fish salting and curing industry that was a major supplier of Greece and Rome. They also supplied a prized fish paste called garum made from the intestines of small fishes by a process of fermentation. Archaeological evidence comes chiefly from Phoenician cemeteries, the earlier Laurita necropolis on the hillside at Cerro San Cristobal and the later necropolis at Punte de Noy. An extensive collection of Phoenician grave goods and other artifacts is on display in the town museum located at the Castle of San Miguel and in the \u2018Cueva de Siete Palacios\u2019.&quot;}\" data-sheets-userformat=\"{&quot;2&quot;:769,&quot;3&quot;:{&quot;1&quot;:0},&quot;11&quot;:4,&quot;12&quot;:0}\">&#8220;Den f\u00f8rste arabiske invasion af det sydlige Spanien kom i 711 e.Kr. ved eller n\u00e6r Gibraltar. Ved Almu\u00f1\u00e9car husker byen den 15. august 755, da Omeya Abd ar-Rahman I fra Damaskus, grundl\u00e6ggeren af \u200b\u200bemiratet Cordoba, ankom fra Nordafrika for at etablere hans arabiske rige.<\/span><\/span>[\/vc_column_text][vc_column_text]Morerne introducerede dyrkning af sukkerr\u00f8r og opretholdt fiskeribranchen; mange af gaderne og bygningerne i den gamle by blev udviklet af maurerne. Slottet forblev byens h\u00f8jborg og regeringss\u00e6det og dets mure blev styrket. Der blev bygget omfattende fangehuller for dem, der var utilfredse med lokale herskere, men ogs\u00e5 bade til brug for den sociale elite.<\/p>\n<p>Korset p\u00e5 Pe\u00f1on Del Santo, klippen ved den gamle havneindgang, markerer arabernes nederlag, deres overgivelse ved Almu\u00f1\u00e9car og kristendommens tilbagevenden i 1489 efterfulgt af et \u00e5rhundredes sameksistens. &#8220;[\/vc_column_text][\/vc_column][vc_column width=&#8221;1\/2&#8243; el_class=&#8221;stm-col-pad-left&#8221;][\/vc_column][\/vc_row][vc_row css=&#8221;.vc_custom_1445594570930{margin-bottom: 83px !important;}&#8221;][vc_column width=&#8221;1\/2&#8243; el_class=&#8221;stm-col-pad-right&#8221;][vc_column_text css=&#8221;.vc_custom_1600168266117{margin-bottom: 23px !important;}&#8221;]<\/p>\n<h3>Christian regel<\/h3>\n<p>[\/vc_column_text][vc_separator css=&#8221;.vc_custom_1445496980428{margin-bottom: 19px !important;}&#8221;][vc_column_text css=&#8221;.vc_custom_1600168693329{margin-bottom: 24px !important;}&#8221;]<span style=\"color: #888888; font-size: 13px;\"><span data-sheets-value=\"{&quot;1&quot;:2,&quot;2&quot;:&quot;The Phoenicians first established a colony in Almu\u00f1\u00e9car in about 800 BC and this developed for six hundred years into an important port and town with the name of Ex or Sexi and with a large fish salting and curing industry that was a major supplier of Greece and Rome. They also supplied a prized fish paste called garum made from the intestines of small fishes by a process of fermentation. Archaeological evidence comes chiefly from Phoenician cemeteries, the earlier Laurita necropolis on the hillside at Cerro San Cristobal and the later necropolis at Punte de Noy. An extensive collection of Phoenician grave goods and other artifacts is on display in the town museum located at the Castle of San Miguel and in the \u2018Cueva de Siete Palacios\u2019.&quot;}\" data-sheets-userformat=\"{&quot;2&quot;:769,&quot;3&quot;:{&quot;1&quot;:0},&quot;11&quot;:4,&quot;12&quot;:0}\">Efter genoprettelsen af \u200b\u200bdet kristne styre blev der fremsat nye arkitektoniske udsagn &#8211; for eksempel blev opf\u00f8relsen af \u200b\u200ben ny kirke startet i 1557 og afsluttet til det nyeste design i 1600, den f\u00f8rste kirke i barokstil i provinsen Granada.<\/span><\/span>[\/vc_column_text][vc_column_text]Den gamle by blev ogs\u00e5 kristnet (eller m\u00e5ske hedenske &#8211; af frugtbarhedsgudinden selv), som i bygningen af \u200b\u200bvandfont\u00e6net p\u00e5 Calle Real (Royal Street), dateret til 1559 og med den kongelige cypher ovenfor, men p\u00e5 det tidspunkt ved hj\u00e6lp af den eksisterende romerske vandforsyning fra Las Angosturas, der f\u00f8rst blev installeret 1500 \u00e5r tidligere.<\/p>\n<p>Slottet blev igen omfattende genopbygget og placeret under protektion af San Miguel. Det blev genopbygget og st\u00e6rkt bef\u00e6stet af den kristne konge Charles III og sidst forsvaret (af franskm\u00e6ndene) i Napoleonskrigene. Bare et t\u00e5rn blev delvist \u00f8delagt, men ogs\u00e5 de fleste af de interne bygninger. Dette var arbejdet med bes\u00e6tningen p\u00e5 det britiske skib, HMS Hyacinth, der handlede i samarbejde med spanske partisaner fra Nerja den 27. maj 1812. De fik den franske garnison til at flygte og fors\u00f8gte derefter at g\u00f8re slottet ubrugeligt, men med ringe succes &#8211; p\u00e5 grund af kruttet er fugtigt. Slottet blev imidlertid f\u00e6rdiggjort som en milit\u00e6r h\u00f8jborg, og efter et koleraudbrud i 1830 blev slottet byens kirkeg\u00e5rd, hvorfra det blev ryddet i 1986 for at tillade restaurering, som stadig er i gang.<\/p>\n<p>I 1562 sank en spansk fl\u00e5de i en storm i La Herradura Bay.[\/vc_column_text][\/vc_column][vc_column width=&#8221;1\/2&#8243; el_class=&#8221;stm-col-pad-left&#8221;][\/vc_column][\/vc_row]<\/p>\n","protected":false},"excerpt":{"rendered":"<p>[vc_row css=&#8221;.vc_custom_1485428309292{margin-top: 60px !important;margin-bottom: 51px !important;}&#8221;][vc_column width=&#8221;1\/2&#8243; el_class=&#8221;stm-col-pad-right&#8221;][vc_single_image image=&#8221;32443&#8243; img_size=&#8221;full&#8221; stm_fancybox=&#8221;yes&#8221; css=&#8221;.vc_custom_1598458732825{margin-bottom: 35px !important;}&#8221;][\/vc_column][vc_column width=&#8221;1\/2&#8243; el_class=&#8221;stm-col-pad-left&#8221;][vc_column_text] OM SEXI Almu\u00f1\u00e9car begyndte som en f\u00f8nikisk koloni ved navn Sexi, og selv i dag kalder nogle af dens indbyggere sig selv Sexitanos. Under maurerne blomstrede Almu\u00f1\u00e9car som fiskerbyen Al-Munakkab. Selvom distriktets f\u00f8nikiske og romerske historie var kendt fra&#8230;<\/p>\n","protected":false},"author":3,"featured_media":0,"parent":0,"menu_order":0,"comment_status":"closed","ping_status":"closed","template":"","meta":{"footnotes":""},"class_list":["post-32842","page","type-page","status-publish","hentry"],"yoast_head":"<!-- This site is optimized with the Yoast SEO Premium plugin v27.3 (Yoast SEO v27.3) - https:\/\/yoast.com\/product\/yoast-seo-premium-wordpress\/ -->\n<title>Om os - Bahia Sexi Rent a Car<\/title>\n<meta name=\"robots\" content=\"index, follow, max-snippet:-1, max-image-preview:large, max-video-preview:-1\" \/>\n<link rel=\"canonical\" href=\"https:\/\/bahiasexirentacar.com\/da\/om-os\/\" \/>\n<meta property=\"og:locale\" content=\"da_DK\" \/>\n<meta property=\"og:type\" content=\"article\" \/>\n<meta property=\"og:title\" content=\"Om os\" \/>\n<meta property=\"og:description\" content=\"[vc_row css=&#8221;.vc_custom_1485428309292{margin-top: 60px !important;margin-bottom: 51px !important;}&#8221;][vc_column width=&#8221;1\/2&#8243; el_class=&#8221;stm-col-pad-right&#8221;][vc_single_image image=&#8221;32443&#8243; img_size=&#8221;full&#8221; stm_fancybox=&#8221;yes&#8221; css=&#8221;.vc_custom_1598458732825{margin-bottom: 35px !important;}&#8221;][\/vc_column][vc_column width=&#8221;1\/2&#8243; el_class=&#8221;stm-col-pad-left&#8221;][vc_column_text] OM SEXI Almu\u00f1\u00e9car begyndte som en f\u00f8nikisk koloni ved navn Sexi, og selv i dag kalder nogle af dens indbyggere sig selv Sexitanos. Under maurerne blomstrede Almu\u00f1\u00e9car som fiskerbyen Al-Munakkab. Selvom distriktets f\u00f8nikiske og romerske historie var kendt fra...\" \/>\n<meta property=\"og:url\" content=\"https:\/\/bahiasexirentacar.com\/da\/om-os\/\" \/>\n<meta property=\"og:site_name\" content=\"Bahia Sexi Rent a Car\" \/>\n<meta property=\"article:publisher\" content=\"https:\/\/www.facebook.com\/bahiasexi\" \/>\n<meta property=\"article:modified_time\" content=\"2023-01-05T15:27:48+00:00\" \/>\n<meta name=\"twitter:card\" content=\"summary_large_image\" \/>\n<meta name=\"twitter:label1\" content=\"Estimeret l\u00e6setid\" \/>\n\t<meta name=\"twitter:data1\" content=\"5 minutter\" \/>\n<script type=\"application\/ld+json\" class=\"yoast-schema-graph\">{\"@context\":\"https:\\\/\\\/schema.org\",\"@graph\":[{\"@type\":\"WebPage\",\"@id\":\"https:\\\/\\\/bahiasexirentacar.com\\\/da\\\/om-os\\\/\",\"url\":\"https:\\\/\\\/bahiasexirentacar.com\\\/da\\\/om-os\\\/\",\"name\":\"Om os - Bahia Sexi Rent a Car\",\"isPartOf\":{\"@id\":\"https:\\\/\\\/bahiasexirentacar.com\\\/da\\\/#website\"},\"datePublished\":\"2023-01-05T15:27:47+00:00\",\"dateModified\":\"2023-01-05T15:27:48+00:00\",\"breadcrumb\":{\"@id\":\"https:\\\/\\\/bahiasexirentacar.com\\\/da\\\/om-os\\\/#breadcrumb\"},\"inLanguage\":\"da-DK\",\"potentialAction\":[{\"@type\":\"ReadAction\",\"target\":[\"https:\\\/\\\/bahiasexirentacar.com\\\/da\\\/om-os\\\/\"]}]},{\"@type\":\"BreadcrumbList\",\"@id\":\"https:\\\/\\\/bahiasexirentacar.com\\\/da\\\/om-os\\\/#breadcrumb\",\"itemListElement\":[{\"@type\":\"ListItem\",\"position\":1,\"name\":\"Home\",\"item\":\"https:\\\/\\\/bahiasexirentacar.com\\\/da\\\/\"},{\"@type\":\"ListItem\",\"position\":2,\"name\":\"Om os\"}]},{\"@type\":\"WebSite\",\"@id\":\"https:\\\/\\\/bahiasexirentacar.com\\\/da\\\/#website\",\"url\":\"https:\\\/\\\/bahiasexirentacar.com\\\/da\\\/\",\"name\":\"Bahia Sexi Rent a Car\",\"description\":\"Car rental at Malaga Airport\",\"publisher\":{\"@id\":\"https:\\\/\\\/bahiasexirentacar.com\\\/da\\\/#organization\"},\"potentialAction\":[{\"@type\":\"SearchAction\",\"target\":{\"@type\":\"EntryPoint\",\"urlTemplate\":\"https:\\\/\\\/bahiasexirentacar.com\\\/da\\\/?s={search_term_string}\"},\"query-input\":{\"@type\":\"PropertyValueSpecification\",\"valueRequired\":true,\"valueName\":\"search_term_string\"}}],\"inLanguage\":\"da-DK\"},{\"@type\":\"Organization\",\"@id\":\"https:\\\/\\\/bahiasexirentacar.com\\\/da\\\/#organization\",\"name\":\"Bahia Sexi Rent a Car\",\"url\":\"https:\\\/\\\/bahiasexirentacar.com\\\/da\\\/\",\"logo\":{\"@type\":\"ImageObject\",\"inLanguage\":\"da-DK\",\"@id\":\"https:\\\/\\\/bahiasexirentacar.com\\\/da\\\/#\\\/schema\\\/logo\\\/image\\\/\",\"url\":\"https:\\\/\\\/bahiasexirentacar.com\\\/wp-content\\\/uploads\\\/2024\\\/11\\\/cropped-Icono-sitio-web.jpg\",\"contentUrl\":\"https:\\\/\\\/bahiasexirentacar.com\\\/wp-content\\\/uploads\\\/2024\\\/11\\\/cropped-Icono-sitio-web.jpg\",\"width\":512,\"height\":512,\"caption\":\"Bahia Sexi Rent a Car\"},\"image\":{\"@id\":\"https:\\\/\\\/bahiasexirentacar.com\\\/da\\\/#\\\/schema\\\/logo\\\/image\\\/\"},\"sameAs\":[\"https:\\\/\\\/www.facebook.com\\\/bahiasexi\"]}]}<\/script>\n<!-- \/ Yoast SEO Premium plugin. -->","yoast_head_json":{"title":"Om os - Bahia Sexi Rent a Car","robots":{"index":"index","follow":"follow","max-snippet":"max-snippet:-1","max-image-preview":"max-image-preview:large","max-video-preview":"max-video-preview:-1"},"canonical":"https:\/\/bahiasexirentacar.com\/da\/om-os\/","og_locale":"da_DK","og_type":"article","og_title":"Om os","og_description":"[vc_row css=&#8221;.vc_custom_1485428309292{margin-top: 60px !important;margin-bottom: 51px !important;}&#8221;][vc_column width=&#8221;1\/2&#8243; el_class=&#8221;stm-col-pad-right&#8221;][vc_single_image image=&#8221;32443&#8243; img_size=&#8221;full&#8221; stm_fancybox=&#8221;yes&#8221; css=&#8221;.vc_custom_1598458732825{margin-bottom: 35px !important;}&#8221;][\/vc_column][vc_column width=&#8221;1\/2&#8243; el_class=&#8221;stm-col-pad-left&#8221;][vc_column_text] OM SEXI Almu\u00f1\u00e9car begyndte som en f\u00f8nikisk koloni ved navn Sexi, og selv i dag kalder nogle af dens indbyggere sig selv Sexitanos. Under maurerne blomstrede Almu\u00f1\u00e9car som fiskerbyen Al-Munakkab. Selvom distriktets f\u00f8nikiske og romerske historie var kendt fra...","og_url":"https:\/\/bahiasexirentacar.com\/da\/om-os\/","og_site_name":"Bahia Sexi Rent a Car","article_publisher":"https:\/\/www.facebook.com\/bahiasexi","article_modified_time":"2023-01-05T15:27:48+00:00","twitter_card":"summary_large_image","twitter_misc":{"Estimeret l\u00e6setid":"5 minutter"},"schema":{"@context":"https:\/\/schema.org","@graph":[{"@type":"WebPage","@id":"https:\/\/bahiasexirentacar.com\/da\/om-os\/","url":"https:\/\/bahiasexirentacar.com\/da\/om-os\/","name":"Om os - Bahia Sexi Rent a Car","isPartOf":{"@id":"https:\/\/bahiasexirentacar.com\/da\/#website"},"datePublished":"2023-01-05T15:27:47+00:00","dateModified":"2023-01-05T15:27:48+00:00","breadcrumb":{"@id":"https:\/\/bahiasexirentacar.com\/da\/om-os\/#breadcrumb"},"inLanguage":"da-DK","potentialAction":[{"@type":"ReadAction","target":["https:\/\/bahiasexirentacar.com\/da\/om-os\/"]}]},{"@type":"BreadcrumbList","@id":"https:\/\/bahiasexirentacar.com\/da\/om-os\/#breadcrumb","itemListElement":[{"@type":"ListItem","position":1,"name":"Home","item":"https:\/\/bahiasexirentacar.com\/da\/"},{"@type":"ListItem","position":2,"name":"Om os"}]},{"@type":"WebSite","@id":"https:\/\/bahiasexirentacar.com\/da\/#website","url":"https:\/\/bahiasexirentacar.com\/da\/","name":"Bahia Sexi Rent a Car","description":"Car rental at Malaga Airport","publisher":{"@id":"https:\/\/bahiasexirentacar.com\/da\/#organization"},"potentialAction":[{"@type":"SearchAction","target":{"@type":"EntryPoint","urlTemplate":"https:\/\/bahiasexirentacar.com\/da\/?s={search_term_string}"},"query-input":{"@type":"PropertyValueSpecification","valueRequired":true,"valueName":"search_term_string"}}],"inLanguage":"da-DK"},{"@type":"Organization","@id":"https:\/\/bahiasexirentacar.com\/da\/#organization","name":"Bahia Sexi Rent a Car","url":"https:\/\/bahiasexirentacar.com\/da\/","logo":{"@type":"ImageObject","inLanguage":"da-DK","@id":"https:\/\/bahiasexirentacar.com\/da\/#\/schema\/logo\/image\/","url":"https:\/\/bahiasexirentacar.com\/wp-content\/uploads\/2024\/11\/cropped-Icono-sitio-web.jpg","contentUrl":"https:\/\/bahiasexirentacar.com\/wp-content\/uploads\/2024\/11\/cropped-Icono-sitio-web.jpg","width":512,"height":512,"caption":"Bahia Sexi Rent a Car"},"image":{"@id":"https:\/\/bahiasexirentacar.com\/da\/#\/schema\/logo\/image\/"},"sameAs":["https:\/\/www.facebook.com\/bahiasexi"]}]}},"_links":{"self":[{"href":"https:\/\/bahiasexirentacar.com\/da\/wp-json\/wp\/v2\/pages\/32842","targetHints":{"allow":["GET"]}}],"collection":[{"href":"https:\/\/bahiasexirentacar.com\/da\/wp-json\/wp\/v2\/pages"}],"about":[{"href":"https:\/\/bahiasexirentacar.com\/da\/wp-json\/wp\/v2\/types\/page"}],"author":[{"embeddable":true,"href":"https:\/\/bahiasexirentacar.com\/da\/wp-json\/wp\/v2\/users\/3"}],"replies":[{"embeddable":true,"href":"https:\/\/bahiasexirentacar.com\/da\/wp-json\/wp\/v2\/comments?post=32842"}],"version-history":[{"count":3,"href":"https:\/\/bahiasexirentacar.com\/da\/wp-json\/wp\/v2\/pages\/32842\/revisions"}],"predecessor-version":[{"id":32845,"href":"https:\/\/bahiasexirentacar.com\/da\/wp-json\/wp\/v2\/pages\/32842\/revisions\/32845"}],"wp:attachment":[{"href":"https:\/\/bahiasexirentacar.com\/da\/wp-json\/wp\/v2\/media?parent=32842"}],"curies":[{"name":"wp","href":"https:\/\/api.w.org\/{rel}","templated":true}]}}