{"id":2085170,"date":"2025-11-11T11:59:02","date_gmt":"2025-11-11T11:59:02","guid":{"rendered":"https:\/\/bahiasexirentacar.com\/?page_id=2085170"},"modified":"2026-03-09T08:54:21","modified_gmt":"2026-03-09T08:54:21","slug":"hotels-campingplaetze","status":"publish","type":"page","link":"https:\/\/bahiasexirentacar.com\/de\/hotels-campingplaetze\/","title":{"rendered":"Hotels und Campingpl\u00e4tze"},"content":{"rendered":"<p>[vc_row][vc_column][vc_column_text]<\/p>\n<h1 class=\"servicios-title\">Service zur Zustellung von Fahrzeugen an Hotels und Campingpl\u00e4tzen<\/h1>\n<p>Genie\u00dfen Sie Ihr Auto <strong>wann und wo Sie es brauchen<\/strong>. Mit unserem <strong>Zustellservice zu Ihrer Unterkunft (Hotel, Campingplatz oder Treffpunkt)<\/strong> steht Ihr Fahrzeug in <strong>M\u00e1laga und Granada<\/strong> <strong>zum besten Preis<\/strong> und <strong>ohne Warteschlangen oder Transfers<\/strong> f\u00fcr Sie bereit. Entdecken Sie die andalusische K\u00fcste von der ersten Minute an in Ihrem eigenen Tempo.<\/p>\n<p>Wie funktioniert es?<\/p>\n<ol>\n<li><strong>W\u00e4hlen Sie Ihren Ort.<\/strong><\/li>\n<li><strong>Nennen Sie uns Datum und Uhrzeit.<\/strong><\/li>\n<li><strong>Wir liefern das Auto an die Rezeption<\/strong> (oder an den vereinbarten Treffpunkt) und Sie starten Ihre Reise. Bei der R\u00fcckgabe <strong>lassen Sie es einfach an der Rezeption oder am Treffpunkt stehen \u2013 das war\u2019s<\/strong>.<\/li>\n<\/ol>\n<section class=\"destacadas\" aria-labelledby=\"titulo-destacadas\">\n<h2 id=\"titulo-destacadas\" class=\"servicios-title\">Ausgew\u00e4hlte Standorte<\/h2>\n<div class=\"grid-cards\" role=\"list\">\n<article class=\"card-destino\" role=\"listitem\">\n<figure class=\"card-media\"><img decoding=\"async\" src=\"https:\/\/bahiasexirentacar.com\/wp-content\/uploads\/2025\/06\/nerja-portada-2.jpg\" alt=\"Autolieferung in Nerja \u2013 Bahia Sexi\" width=\"1080\" height=\"1920\" \/><\/figure>\n<h3>Nerja<\/h3>\n<p><a class=\"btn-detalles\" href=\"https:\/\/bahiasexirentacar.com\/de\/autovermietung-nerja\/\" target=\"_blank\" rel=\"noopener\" aria-label=\"Details anzeigen \u2014 Nerja\">Details<\/a><\/p>\n<\/article>\n<article class=\"card-destino\" role=\"listitem\">\n<figure class=\"card-media\"><img decoding=\"async\" src=\"https:\/\/bahiasexirentacar.com\/wp-content\/uploads\/2025\/07\/playa-almu.webp\" alt=\"Autolieferung in Almu\u00f1\u00e9car \u2013 Bahia Sexi\" width=\"1080\" height=\"1920\" \/><\/figure>\n<h3>Almu\u00f1\u00e9car<\/h3>\n<p><a class=\"btn-detalles\" href=\"https:\/\/bahiasexirentacar.com\/de\/mieten-sie-ein-auto-in-almunecar\/\" target=\"_blank\" rel=\"noopener\" aria-label=\"Details anzeigen \u2014 Almu\u00f1\u00e9car\">Details<\/a><\/p>\n<\/article>\n<article class=\"card-destino\" role=\"listitem\">\n<figure class=\"card-media\"><img decoding=\"async\" src=\"https:\/\/bahiasexirentacar.com\/wp-content\/uploads\/2025\/11\/faro-e1762336257241.webp\" alt=\"Autolieferung in Torrox \u2013 Bahia Sexi\" width=\"1080\" height=\"1920\" \/><\/figure>\n<h3>Torrox<\/h3>\n<p><a class=\"btn-detalles\" href=\"https:\/\/bahiasexirentacar.com\/de\/autovermietung-torrox\/\" target=\"_blank\" rel=\"noopener\" aria-label=\"Details anzeigen \u2014 Torrox\">Details<\/a><\/p>\n<\/article>\n<article class=\"card-destino\" role=\"listitem\">\n<figure class=\"card-media\"><img decoding=\"async\" src=\"https:\/\/bahiasexirentacar.com\/wp-content\/uploads\/2025\/06\/iglesia-motril-1.webp\" alt=\"Autolieferung in Motril \u2013 Bahia Sexi\" width=\"1080\" height=\"1920\" \/><\/figure>\n<h3>Motril<\/h3>\n<p><a class=\"btn-detalles\" href=\"https:\/\/bahiasexirentacar.com\/de\/mietwagen-in-motril\/\" target=\"_blank\" rel=\"noopener\" aria-label=\"Details anzeigen \u2014 Motril\">Details<\/a><\/p>\n<\/article>\n<\/div>\n<\/section>\n<section id=\"ubicaciones\" class=\"listado\" aria-labelledby=\"titulo-todas\">\n<h2 id=\"titulo-todas\" class=\"servicios-title\">W\u00e4hlen Sie Ihren Ort<\/h2>\n<p class=\"intro-ubicaciones\">Zustellservice zu <strong>Hotels<\/strong> und <strong>Campingpl\u00e4tzen<\/strong>; <strong>Treffpunkt<\/strong> dort, wo dies angegeben ist.<\/p>\n<div id=\"prov-malaga\" class=\"bloque-provincia\" data-provincia=\"malaga\">\n<h3>M\u00e1laga<\/h3>\n<div class=\"grid-cards\" role=\"list\">\n<article class=\"card-destino\" role=\"listitem\">\n<figure class=\"card-media\"><img decoding=\"async\" src=\"https:\/\/bahiasexirentacar.com\/wp-content\/uploads\/2025\/06\/nerja-portada-2.jpg\" alt=\"Autolieferung in Nerja \u2013 Bahia Sexi\" width=\"1080\" height=\"1080\" \/><\/figure>\n<h4>Nerja<\/h4>\n<p class=\"tipos\">Hotel \u00b7 Campingplatz \u00b7 Treffpunkt<\/p>\n<p><a class=\"btn-detalles\" href=\"https:\/\/bahiasexirentacar.com\/de\/autovermietung-nerja\/\" target=\"_blank\" rel=\"noopener\" aria-label=\"Details anzeigen \u2014 Nerja\">Details<\/a><\/p>\n<\/article>\n<article class=\"card-destino\" role=\"listitem\">\n<figure class=\"card-media\"><img decoding=\"async\" src=\"https:\/\/bahiasexirentacar.com\/wp-content\/uploads\/2025\/11\/faro-e1762336257241.webp\" alt=\"Autolieferung in Torrox \u2013 Bahia Sexi\" width=\"1080\" height=\"1080\" \/><\/figure>\n<h4>Torrox<\/h4>\n<p class=\"tipos\">Hotel \u00b7 Campingplatz<\/p>\n<p><a class=\"btn-detalles\" href=\"https:\/\/bahiasexirentacar.com\/de\/autovermietung-torrox\/\" target=\"_blank\" rel=\"noopener\" aria-label=\"Details anzeigen \u2014 Torrox\">Details<\/a><\/p>\n<\/article>\n<article class=\"card-destino\" role=\"listitem\">\n<figure class=\"card-media\"><img decoding=\"async\" src=\"https:\/\/bahiasexirentacar.com\/wp-content\/uploads\/2025\/07\/frigiliana.webp\" alt=\"Autolieferung in Frigiliana \u2013 Bahia Sexi\" width=\"1080\" height=\"1080\" \/><\/figure>\n<h4>Frigiliana<\/h4>\n<p class=\"tipos\">Hotel \u00b7 Campingplatz<\/p>\n<p><a class=\"btn-detalles\" href=\"https:\/\/bahiasexirentacar.com\/de\/mietwagen-in-frigiliana\/\" target=\"_blank\" rel=\"noopener\" aria-label=\"Details anzeigen \u2014 Frigiliana\">Details<\/a><\/p>\n<\/article>\n<article class=\"card-destino\" role=\"listitem\">\n<figure class=\"card-media\"><img decoding=\"async\" src=\"https:\/\/bahiasexirentacar.com\/wp-content\/uploads\/2025\/07\/torre-del-mar-atardecer-nublado.jpg\" alt=\"Autolieferung in Torre del Mar \u2013 Bahia Sexi\" width=\"1080\" height=\"1080\" \/><\/figure>\n<h4>Torre del Mar<\/h4>\n<p class=\"tipos\">Hotel \u00b7 Campingplatz<\/p>\n<p><a class=\"btn-detalles\" href=\"https:\/\/bahiasexirentacar.com\/de\/mietwagen-in-torre-del-mar\/\" target=\"_blank\" rel=\"noopener\" aria-label=\"Details anzeigen \u2014 Torre del Mar\">Details<\/a><\/p>\n<\/article>\n<article class=\"card-destino\" role=\"listitem\">\n<figure class=\"card-media\"><img decoding=\"async\" src=\"https:\/\/bahiasexirentacar.com\/wp-content\/uploads\/2025\/11\/almayate.webp\" alt=\"Autolieferung in Almayate \u2013 Bahia Sexi\" width=\"1080\" height=\"1080\" \/><\/figure>\n<h4>Almayate<\/h4>\n<p class=\"tipos\">Hotel \u00b7 Campingplatz<\/p>\n<p><a class=\"btn-detalles\" href=\"https:\/\/bahiasexirentacar.com\/de\/mietwagen-almayate\/\" target=\"_blank\" rel=\"noopener\" aria-label=\"Details anzeigen \u2014 Almayate\">Details<\/a><\/p>\n<\/article>\n<article class=\"card-destino\" role=\"listitem\">\n<figure class=\"card-media\"><img decoding=\"async\" src=\"https:\/\/bahiasexirentacar.com\/wp-content\/uploads\/2025\/11\/rincon-de-la-victoria-scaled.jpg\" alt=\"Autolieferung in Rinc\u00f3n de la Victoria \u2013 Bahia Sexi\" width=\"1080\" height=\"1080\" \/><\/figure>\n<h4>Rinc\u00f3n de la Victoria<\/h4>\n<p class=\"tipos\">Hotel \u00b7 Campingplatz<\/p>\n<p><a class=\"btn-detalles\" href=\"https:\/\/bahiasexirentacar.com\/de\/mietwagen-rincon-de-la-victoria\/\" target=\"_blank\" rel=\"noopener\" aria-label=\"Details anzeigen \u2014 Rinc\u00f3n de la Victoria\">Details<\/a><\/p>\n<\/article>\n<article class=\"card-destino\" role=\"listitem\">\n<figure class=\"card-media\"><img decoding=\"async\" src=\"https:\/\/bahiasexirentacar.com\/wp-content\/uploads\/2025\/09\/parque-de-la-bateria.jpg\" alt=\"Autolieferung in Torremolinos \u2013 Bahia Sexi\" width=\"1080\" height=\"1080\" \/><\/figure>\n<h4>Torremolinos<\/h4>\n<p class=\"tipos\">Hotel \u00b7 Campingplatz<\/p>\n<p><a class=\"btn-detalles\" href=\"https:\/\/bahiasexirentacar.com\/de\/mieten-sie-ein-auto-in-torremolinos\/\" target=\"_blank\" rel=\"noopener\" aria-label=\"Details anzeigen \u2014 Torremolinos\">Details<\/a><\/p>\n<\/article>\n<article class=\"card-destino\" role=\"listitem\">\n<figure class=\"card-media\"><img decoding=\"async\" src=\"https:\/\/bahiasexirentacar.com\/wp-content\/uploads\/2025\/11\/benalmadena.webp\" alt=\"Autolieferung in Benalm\u00e1dena \u2013 Bahia Sexi\" width=\"1080\" height=\"1080\" \/><\/figure>\n<h4>Benalm\u00e1dena<\/h4>\n<p class=\"tipos\">Hotel \u00b7 Campingplatz<\/p>\n<p><a class=\"btn-detalles\" href=\"https:\/\/bahiasexirentacar.com\/de\/mietwagen-in-benalmadena\/\" target=\"_blank\" rel=\"noopener\" aria-label=\"Details anzeigen \u2014 Benalm\u00e1dena\">Details<\/a><\/p>\n<\/article>\n<article class=\"card-destino\" role=\"listitem\">\n<figure class=\"card-media\"><img decoding=\"async\" src=\"https:\/\/bahiasexirentacar.com\/wp-content\/uploads\/2025\/11\/mijas-costa.webp\" alt=\"Autolieferung in Mijas Costa \u2013 Bahia Sexi\" width=\"1080\" height=\"1080\" \/><\/figure>\n<h4>Mijas Costa<\/h4>\n<p class=\"tipos\">Hotel \u00b7 Campingplatz<\/p>\n<p><a class=\"btn-detalles\" href=\"https:\/\/bahiasexirentacar.com\/de\/mietwagen-mijas-costa\/\" target=\"_blank\" rel=\"noopener\" aria-label=\"Details anzeigen \u2014 Mijas Costa\">Details<\/a><\/p>\n<\/article>\n<\/div>\n<\/div>\n<div id=\"prov-granada\" class=\"bloque-provincia\" data-provincia=\"granada\">\n<h3>Granada<\/h3>\n<div class=\"grid-cards\" role=\"list\">\n<article class=\"card-destino\" role=\"listitem\">\n<figure class=\"card-media\"><img decoding=\"async\" src=\"https:\/\/bahiasexirentacar.com\/wp-content\/uploads\/2025\/07\/playa-almu.webp\" alt=\"Autolieferung in Almu\u00f1\u00e9car \u2013 Bahia Sexi\" width=\"1080\" height=\"1080\" \/><\/figure>\n<h4>Almu\u00f1\u00e9car<\/h4>\n<p class=\"tipos\">Hotel \u00b7 Campingplatz<\/p>\n<p><a class=\"btn-detalles\" href=\"https:\/\/bahiasexirentacar.com\/de\/mieten-sie-ein-auto-in-almunecar\/\" target=\"_blank\" rel=\"noopener\" aria-label=\"Details anzeigen \u2014 Almu\u00f1\u00e9car\">Details<\/a><\/p>\n<\/article>\n<article class=\"card-destino\" role=\"listitem\">\n<figure class=\"card-media\"><img decoding=\"async\" src=\"https:\/\/bahiasexirentacar.com\/wp-content\/uploads\/2025\/07\/Atardecer-en-La-Herradura-scaled-e1753257717142.jpg\" alt=\"Autolieferung in La Herradura \u2013 Bahia Sexi\" width=\"1080\" height=\"1080\" \/><\/figure>\n<h4>La Herradura<\/h4>\n<p class=\"tipos\">Hotel \u00b7 Campingplatz \u00b7 Treffpunkt<\/p>\n<p><a class=\"btn-detalles\" href=\"https:\/\/bahiasexirentacar.com\/de\/mietwagen-in-la-herradura\/\" target=\"_blank\" rel=\"noopener\" aria-label=\"Details anzeigen \u2014 La Herradura\">Details<\/a><\/p>\n<\/article>\n<article class=\"card-destino\" role=\"listitem\">\n<figure class=\"card-media\"><img decoding=\"async\" src=\"https:\/\/bahiasexirentacar.com\/wp-content\/uploads\/2023\/02\/Salobrena.webp\" alt=\"Autolieferung in Salobre\u00f1a \u2013 Bahia Sexi\" width=\"1080\" height=\"1080\" \/><\/figure>\n<h4>Salobre\u00f1a<\/h4>\n<p class=\"tipos\">Hotel \u00b7 Campingplatz<\/p>\n<p><a class=\"btn-detalles\" href=\"https:\/\/bahiasexirentacar.com\/de\/mietwagen-in-salobrena\/\" target=\"_blank\" rel=\"noopener\" aria-label=\"Details anzeigen \u2014 Salobre\u00f1a\">Details<\/a><\/p>\n<\/article>\n<article class=\"card-destino\" role=\"listitem\">\n<figure class=\"card-media\"><img decoding=\"async\" src=\"https:\/\/bahiasexirentacar.com\/wp-content\/uploads\/2025\/06\/iglesia-motril-1.webp\" alt=\"Autolieferung in Motril \u2013 Bahia Sexi\" width=\"1080\" height=\"1080\" \/><\/figure>\n<h4>Motril<\/h4>\n<p class=\"tipos\">Hotel \u00b7 Campingplatz \u00b7 Treffpunkt<\/p>\n<p><a class=\"btn-detalles\" href=\"https:\/\/bahiasexirentacar.com\/de\/mietwagen-in-motril\/\" target=\"_blank\" rel=\"noopener\" aria-label=\"Details anzeigen \u2014 Motril\">Details<\/a><\/p>\n<\/article>\n<article class=\"card-destino\" role=\"listitem\">\n<figure class=\"card-media\"><img decoding=\"async\" src=\"https:\/\/bahiasexirentacar.com\/wp-content\/uploads\/2025\/11\/Carchuna.jpg\" alt=\"Autolieferung in Carchuna \u2013 Bahia Sexi\" width=\"1080\" height=\"1080\" \/><\/figure>\n<h4>Carchuna<\/h4>\n<p class=\"tipos\">Hotel \u00b7 Campingplatz<\/p>\n<p><a class=\"btn-detalles\" href=\"https:\/\/bahiasexirentacar.com\/de\/mietwagen-carchuna\/\" target=\"_blank\" rel=\"noopener\" aria-label=\"Details anzeigen \u2014 Carchuna\">Details<\/a><\/p>\n<\/article>\n<article class=\"card-destino\" role=\"listitem\">\n<figure class=\"card-media\"><img decoding=\"async\" src=\"https:\/\/bahiasexirentacar.com\/wp-content\/uploads\/2025\/11\/castell-de-ferro.jpg\" alt=\"Autolieferung in Castell de Ferro \u2013 Bahia Sexi\" width=\"1080\" height=\"1080\" \/><\/figure>\n<h4>Castell de Ferro<\/h4>\n<p class=\"tipos\">Hotel \u00b7 Campingplatz<\/p>\n<p><a class=\"btn-detalles\" href=\"https:\/\/bahiasexirentacar.com\/de\/mietwagen-castell-de-ferro\/\" target=\"_blank\" rel=\"noopener\" aria-label=\"Details anzeigen \u2014 Castell de Ferro\">Details<\/a><\/p>\n<\/article>\n<article class=\"card-destino\" role=\"listitem\">\n<figure class=\"card-media\"><img decoding=\"async\" src=\"https:\/\/bahiasexirentacar.com\/wp-content\/uploads\/2025\/11\/orgiva.webp\" alt=\"Autolieferung in \u00d3rgiva \u2013 Bahia Sexi\" width=\"1080\" height=\"1080\" \/><\/figure>\n<h4>\u00d3rgiva<\/h4>\n<p class=\"tipos\">Hotel \u00b7 Campingplatz \u00b7 Treffpunkt<\/p>\n<p><a class=\"btn-detalles\" href=\"https:\/\/bahiasexirentacar.com\/de\/mietwagen-in-orgiva\/\" target=\"_blank\" rel=\"noopener\" aria-label=\"Details anzeigen \u2014 \u00d3rgiva\">Details<\/a><\/p>\n<\/article>\n<\/div>\n<\/div>\n<\/section>\n<p>[\/vc_column_text][\/vc_column][\/vc_row][vc_row][vc_column][vc_empty_space][\/vc_column][\/vc_row]<\/p>\n","protected":false},"excerpt":{"rendered":"<p>[vc_row][vc_column][vc_column_text] Service zur Zustellung von Fahrzeugen an Hotels und Campingpl\u00e4tzen Genie\u00dfen Sie Ihr Auto wann und wo Sie es brauchen. Mit unserem Zustellservice zu Ihrer Unterkunft (Hotel, Campingplatz oder Treffpunkt) steht Ihr Fahrzeug in M\u00e1laga und Granada zum besten Preis und ohne Warteschlangen oder Transfers f\u00fcr Sie bereit. Entdecken Sie die andalusische K\u00fcste von der&#8230;<\/p>\n","protected":false},"author":10,"featured_media":0,"parent":0,"menu_order":0,"comment_status":"closed","ping_status":"closed","template":"","meta":{"footnotes":""},"class_list":["post-2085170","page","type-page","status-publish","hentry"],"yoast_head":"<!-- This site is optimized with the Yoast SEO Premium plugin v27.3 (Yoast SEO v27.3) - https:\/\/yoast.com\/product\/yoast-seo-premium-wordpress\/ -->\n<title>Lieferservice zu Hotels und Campingpl\u00e4tzen | Bahia Sexi<\/title>\n<meta name=\"robots\" content=\"index, follow, max-snippet:-1, max-image-preview:large, max-video-preview:-1\" \/>\n<link rel=\"canonical\" href=\"https:\/\/bahiasexirentacar.com\/de\/hotels-campingplaetze\/\" \/>\n<meta property=\"og:locale\" content=\"de_DE\" \/>\n<meta property=\"og:type\" content=\"article\" \/>\n<meta property=\"og:title\" content=\"Hotels und Campingpl\u00e4tze\" \/>\n<meta property=\"og:description\" content=\"[vc_row][vc_column][vc_column_text] Service zur Zustellung von Fahrzeugen an Hotels und Campingpl\u00e4tzen Genie\u00dfen Sie Ihr Auto wann und wo Sie es brauchen. Mit unserem Zustellservice zu Ihrer Unterkunft (Hotel, Campingplatz oder Treffpunkt) steht Ihr Fahrzeug in M\u00e1laga und Granada zum besten Preis und ohne Warteschlangen oder Transfers f\u00fcr Sie bereit. Entdecken Sie die andalusische K\u00fcste von der...\" \/>\n<meta property=\"og:url\" content=\"https:\/\/bahiasexirentacar.com\/de\/hotels-campingplaetze\/\" \/>\n<meta property=\"og:site_name\" content=\"Bahia Sexi Rent a Car\" \/>\n<meta property=\"article:publisher\" content=\"https:\/\/www.facebook.com\/bahiasexi\" \/>\n<meta property=\"article:modified_time\" content=\"2026-03-09T08:54:21+00:00\" \/>\n<meta property=\"og:image\" content=\"https:\/\/bahiasexirentacar.com\/wp-content\/uploads\/2025\/06\/nerja-portada-2.jpg\" \/>\n<meta name=\"twitter:card\" content=\"summary_large_image\" \/>\n<meta name=\"twitter:label1\" content=\"Gesch\u00e4tzte Lesezeit\" \/>\n\t<meta name=\"twitter:data1\" content=\"6\u00a0Minuten\" \/>\n<script type=\"application\/ld+json\" class=\"yoast-schema-graph\">{\"@context\":\"https:\\\/\\\/schema.org\",\"@graph\":[{\"@type\":\"WebPage\",\"@id\":\"https:\\\/\\\/bahiasexirentacar.com\\\/de\\\/hotels-campingplaetze\\\/\",\"url\":\"https:\\\/\\\/bahiasexirentacar.com\\\/de\\\/hotels-campingplaetze\\\/\",\"name\":\"Lieferservice zu Hotels und Campingpl\u00e4tzen | Bahia Sexi\",\"isPartOf\":{\"@id\":\"https:\\\/\\\/bahiasexirentacar.com\\\/de\\\/#website\"},\"primaryImageOfPage\":{\"@id\":\"https:\\\/\\\/bahiasexirentacar.com\\\/de\\\/hotels-campingplaetze\\\/#primaryimage\"},\"image\":{\"@id\":\"https:\\\/\\\/bahiasexirentacar.com\\\/de\\\/hotels-campingplaetze\\\/#primaryimage\"},\"thumbnailUrl\":\"https:\\\/\\\/bahiasexirentacar.com\\\/wp-content\\\/uploads\\\/2025\\\/06\\\/nerja-portada-2.jpg\",\"datePublished\":\"2025-11-11T11:59:02+00:00\",\"dateModified\":\"2026-03-09T08:54:21+00:00\",\"breadcrumb\":{\"@id\":\"https:\\\/\\\/bahiasexirentacar.com\\\/de\\\/hotels-campingplaetze\\\/#breadcrumb\"},\"inLanguage\":\"de\",\"potentialAction\":[{\"@type\":\"ReadAction\",\"target\":[\"https:\\\/\\\/bahiasexirentacar.com\\\/de\\\/hotels-campingplaetze\\\/\"]}]},{\"@type\":\"ImageObject\",\"inLanguage\":\"de\",\"@id\":\"https:\\\/\\\/bahiasexirentacar.com\\\/de\\\/hotels-campingplaetze\\\/#primaryimage\",\"url\":\"https:\\\/\\\/bahiasexirentacar.com\\\/wp-content\\\/uploads\\\/2025\\\/06\\\/nerja-portada-2.jpg\",\"contentUrl\":\"https:\\\/\\\/bahiasexirentacar.com\\\/wp-content\\\/uploads\\\/2025\\\/06\\\/nerja-portada-2.jpg\"},{\"@type\":\"BreadcrumbList\",\"@id\":\"https:\\\/\\\/bahiasexirentacar.com\\\/de\\\/hotels-campingplaetze\\\/#breadcrumb\",\"itemListElement\":[{\"@type\":\"ListItem\",\"position\":1,\"name\":\"Home\",\"item\":\"https:\\\/\\\/bahiasexirentacar.com\\\/de\\\/\"},{\"@type\":\"ListItem\",\"position\":2,\"name\":\"Hotels und Campingpl\u00e4tze\"}]},{\"@type\":\"WebSite\",\"@id\":\"https:\\\/\\\/bahiasexirentacar.com\\\/de\\\/#website\",\"url\":\"https:\\\/\\\/bahiasexirentacar.com\\\/de\\\/\",\"name\":\"Bahia Sexi Rent a Car\",\"description\":\"Car rental at Malaga Airport\",\"publisher\":{\"@id\":\"https:\\\/\\\/bahiasexirentacar.com\\\/de\\\/#organization\"},\"potentialAction\":[{\"@type\":\"SearchAction\",\"target\":{\"@type\":\"EntryPoint\",\"urlTemplate\":\"https:\\\/\\\/bahiasexirentacar.com\\\/de\\\/?s={search_term_string}\"},\"query-input\":{\"@type\":\"PropertyValueSpecification\",\"valueRequired\":true,\"valueName\":\"search_term_string\"}}],\"inLanguage\":\"de\"},{\"@type\":\"Organization\",\"@id\":\"https:\\\/\\\/bahiasexirentacar.com\\\/de\\\/#organization\",\"name\":\"Bahia Sexi Rent a Car\",\"url\":\"https:\\\/\\\/bahiasexirentacar.com\\\/de\\\/\",\"logo\":{\"@type\":\"ImageObject\",\"inLanguage\":\"de\",\"@id\":\"https:\\\/\\\/bahiasexirentacar.com\\\/de\\\/#\\\/schema\\\/logo\\\/image\\\/\",\"url\":\"https:\\\/\\\/bahiasexirentacar.com\\\/wp-content\\\/uploads\\\/2024\\\/11\\\/cropped-Icono-sitio-web.jpg\",\"contentUrl\":\"https:\\\/\\\/bahiasexirentacar.com\\\/wp-content\\\/uploads\\\/2024\\\/11\\\/cropped-Icono-sitio-web.jpg\",\"width\":512,\"height\":512,\"caption\":\"Bahia Sexi Rent a Car\"},\"image\":{\"@id\":\"https:\\\/\\\/bahiasexirentacar.com\\\/de\\\/#\\\/schema\\\/logo\\\/image\\\/\"},\"sameAs\":[\"https:\\\/\\\/www.facebook.com\\\/bahiasexi\"]}]}<\/script>\n<!-- \/ Yoast SEO Premium plugin. -->","yoast_head_json":{"title":"Lieferservice zu Hotels und Campingpl\u00e4tzen | Bahia Sexi","robots":{"index":"index","follow":"follow","max-snippet":"max-snippet:-1","max-image-preview":"max-image-preview:large","max-video-preview":"max-video-preview:-1"},"canonical":"https:\/\/bahiasexirentacar.com\/de\/hotels-campingplaetze\/","og_locale":"de_DE","og_type":"article","og_title":"Hotels und Campingpl\u00e4tze","og_description":"[vc_row][vc_column][vc_column_text] Service zur Zustellung von Fahrzeugen an Hotels und Campingpl\u00e4tzen Genie\u00dfen Sie Ihr Auto wann und wo Sie es brauchen. Mit unserem Zustellservice zu Ihrer Unterkunft (Hotel, Campingplatz oder Treffpunkt) steht Ihr Fahrzeug in M\u00e1laga und Granada zum besten Preis und ohne Warteschlangen oder Transfers f\u00fcr Sie bereit. Entdecken Sie die andalusische K\u00fcste von der...","og_url":"https:\/\/bahiasexirentacar.com\/de\/hotels-campingplaetze\/","og_site_name":"Bahia Sexi Rent a Car","article_publisher":"https:\/\/www.facebook.com\/bahiasexi","article_modified_time":"2026-03-09T08:54:21+00:00","og_image":[{"url":"https:\/\/bahiasexirentacar.com\/wp-content\/uploads\/2025\/06\/nerja-portada-2.jpg","type":"","width":"","height":""}],"twitter_card":"summary_large_image","twitter_misc":{"Gesch\u00e4tzte Lesezeit":"6\u00a0Minuten"},"schema":{"@context":"https:\/\/schema.org","@graph":[{"@type":"WebPage","@id":"https:\/\/bahiasexirentacar.com\/de\/hotels-campingplaetze\/","url":"https:\/\/bahiasexirentacar.com\/de\/hotels-campingplaetze\/","name":"Lieferservice zu Hotels und Campingpl\u00e4tzen | Bahia Sexi","isPartOf":{"@id":"https:\/\/bahiasexirentacar.com\/de\/#website"},"primaryImageOfPage":{"@id":"https:\/\/bahiasexirentacar.com\/de\/hotels-campingplaetze\/#primaryimage"},"image":{"@id":"https:\/\/bahiasexirentacar.com\/de\/hotels-campingplaetze\/#primaryimage"},"thumbnailUrl":"https:\/\/bahiasexirentacar.com\/wp-content\/uploads\/2025\/06\/nerja-portada-2.jpg","datePublished":"2025-11-11T11:59:02+00:00","dateModified":"2026-03-09T08:54:21+00:00","breadcrumb":{"@id":"https:\/\/bahiasexirentacar.com\/de\/hotels-campingplaetze\/#breadcrumb"},"inLanguage":"de","potentialAction":[{"@type":"ReadAction","target":["https:\/\/bahiasexirentacar.com\/de\/hotels-campingplaetze\/"]}]},{"@type":"ImageObject","inLanguage":"de","@id":"https:\/\/bahiasexirentacar.com\/de\/hotels-campingplaetze\/#primaryimage","url":"https:\/\/bahiasexirentacar.com\/wp-content\/uploads\/2025\/06\/nerja-portada-2.jpg","contentUrl":"https:\/\/bahiasexirentacar.com\/wp-content\/uploads\/2025\/06\/nerja-portada-2.jpg"},{"@type":"BreadcrumbList","@id":"https:\/\/bahiasexirentacar.com\/de\/hotels-campingplaetze\/#breadcrumb","itemListElement":[{"@type":"ListItem","position":1,"name":"Home","item":"https:\/\/bahiasexirentacar.com\/de\/"},{"@type":"ListItem","position":2,"name":"Hotels und Campingpl\u00e4tze"}]},{"@type":"WebSite","@id":"https:\/\/bahiasexirentacar.com\/de\/#website","url":"https:\/\/bahiasexirentacar.com\/de\/","name":"Bahia Sexi Rent a Car","description":"Car rental at Malaga Airport","publisher":{"@id":"https:\/\/bahiasexirentacar.com\/de\/#organization"},"potentialAction":[{"@type":"SearchAction","target":{"@type":"EntryPoint","urlTemplate":"https:\/\/bahiasexirentacar.com\/de\/?s={search_term_string}"},"query-input":{"@type":"PropertyValueSpecification","valueRequired":true,"valueName":"search_term_string"}}],"inLanguage":"de"},{"@type":"Organization","@id":"https:\/\/bahiasexirentacar.com\/de\/#organization","name":"Bahia Sexi Rent a Car","url":"https:\/\/bahiasexirentacar.com\/de\/","logo":{"@type":"ImageObject","inLanguage":"de","@id":"https:\/\/bahiasexirentacar.com\/de\/#\/schema\/logo\/image\/","url":"https:\/\/bahiasexirentacar.com\/wp-content\/uploads\/2024\/11\/cropped-Icono-sitio-web.jpg","contentUrl":"https:\/\/bahiasexirentacar.com\/wp-content\/uploads\/2024\/11\/cropped-Icono-sitio-web.jpg","width":512,"height":512,"caption":"Bahia Sexi Rent a Car"},"image":{"@id":"https:\/\/bahiasexirentacar.com\/de\/#\/schema\/logo\/image\/"},"sameAs":["https:\/\/www.facebook.com\/bahiasexi"]}]}},"_links":{"self":[{"href":"https:\/\/bahiasexirentacar.com\/de\/wp-json\/wp\/v2\/pages\/2085170","targetHints":{"allow":["GET"]}}],"collection":[{"href":"https:\/\/bahiasexirentacar.com\/de\/wp-json\/wp\/v2\/pages"}],"about":[{"href":"https:\/\/bahiasexirentacar.com\/de\/wp-json\/wp\/v2\/types\/page"}],"author":[{"embeddable":true,"href":"https:\/\/bahiasexirentacar.com\/de\/wp-json\/wp\/v2\/users\/10"}],"replies":[{"embeddable":true,"href":"https:\/\/bahiasexirentacar.com\/de\/wp-json\/wp\/v2\/comments?post=2085170"}],"version-history":[{"count":5,"href":"https:\/\/bahiasexirentacar.com\/de\/wp-json\/wp\/v2\/pages\/2085170\/revisions"}],"predecessor-version":[{"id":2239576,"href":"https:\/\/bahiasexirentacar.com\/de\/wp-json\/wp\/v2\/pages\/2085170\/revisions\/2239576"}],"wp:attachment":[{"href":"https:\/\/bahiasexirentacar.com\/de\/wp-json\/wp\/v2\/media?parent=2085170"}],"curies":[{"name":"wp","href":"https:\/\/api.w.org\/{rel}","templated":true}]}}