{"id":42246,"date":"2022-01-25T10:21:14","date_gmt":"2022-01-25T10:21:14","guid":{"rendered":"https:\/\/bahiasexirentacar.com\/?page_id=42246"},"modified":"2022-01-25T10:21:16","modified_gmt":"2022-01-25T10:21:16","slug":"cookies-politik","status":"publish","type":"page","link":"https:\/\/bahiasexirentacar.com\/de\/cookies-politik\/","title":{"rendered":"Cookies-Politik"},"content":{"rendered":"<p>[vc_row][vc_column][vc_empty_space height=&#8221;42px&#8221;][vc_column_text]Auf der Website https:\/\/bahiasexirentacar.com verwenden wir Cookies, um die Beziehung zwischen den Besuchern und unseren Inhalten zu erleichtern und um Statistiken \u00fcber die Besucher zu erstellen, die wir erhalten.<\/p>\n<p>In \u00dcbereinstimmung mit der Richtlinie 2009\/136\/EG, die in unserer Gesetzgebung durch den zweiten Absatz des Artikels 22 des Gesetzes \u00fcber die Dienste der Informationsgesellschaft umgesetzt wurde, informieren wir Sie gem\u00e4\u00df den Richtlinien der spanischen Datenschutzbeh\u00f6rde ausf\u00fchrlich \u00fcber die Verwendung von Cookies auf unserer Website.<\/p>\n<p>Cookies sind kleine Dateien, die im Browser eines jeden Besuchers unserer Website gespeichert werden, so dass der Server sich an den Besuch des Nutzers erinnern kann, wenn dieser sp\u00e4ter erneut auf unsere Inhalte zugreift. Diese Informationen geben weder Ihre Identit\u00e4t oder pers\u00f6nliche Daten preis, noch greifen sie auf die auf Ihrem PC gespeicherten Inhalte zu. Sie erm\u00f6glichen es unserem System jedoch, Sie als einen bestimmten Benutzer zu identifizieren, der die Website schon einmal besucht hat, bestimmte Seiten aufgerufen hat usw., und sie erlauben es uns auch, Ihre pers\u00f6nlichen Pr\u00e4ferenzen und technische Informationen zu speichern, wie z. B. die durchgef\u00fchrten Besuche oder bestimmte Seiten, die Sie besuchen.<\/p>\n<p>Der Zweck von Cookies ist es, dem Nutzer einen schnelleren Zugang zu den ausgew\u00e4hlten Diensten zu erm\u00f6glichen.<\/p>\n<p>Wenn Sie nicht m\u00f6chten, dass Cookies in Ihrem Browser gespeichert werden, oder wenn Sie es vorziehen, jedes Mal informiert zu werden, wenn ein Cookie installiert werden soll, k\u00f6nnen Sie Ihre Browseroptionen so einstellen, dass dies geschieht. Bei den meisten Browsern k\u00f6nnen Cookies auf 3 verschiedene Arten verwaltet werden:<\/p>\n<ul>\n<li>Cookies werden immer abgelehnt;<\/li>\n<li>Der Browser fragt bei jedem Cookie, ob der Benutzer es installieren m\u00f6chte;<\/li>\n<li>Cookies werden immer akzeptiert;<\/li>\n<\/ul>\n<p>Ihr Browser kann auch die M\u00f6glichkeit bieten, im Detail auszuw\u00e4hlen, welche Cookies auf Ihrem Computer installiert werden sollen. Insbesondere kann der Benutzer normalerweise eine der folgenden Optionen akzeptieren:<\/p>\n<ul>\n<li>Cookies von bestimmten Dom\u00e4nen ablehnen;<\/li>\n<li>Cookies von Drittanbietern ablehnen;<\/li>\n<li>Cookies als nicht persistent akzeptieren (sie werden beim Schlie\u00dfen des Browsers gel\u00f6scht);<\/li>\n<li>Dem Server erlauben, Cookies f\u00fcr eine andere Dom\u00e4ne zu erstellen.<\/li>\n<\/ul>\n<p>&nbsp;<\/p>\n<p><strong>Sie k\u00f6nnen die auf Ihrem Computer installierten Cookies zulassen, kennenlernen, blockieren oder l\u00f6schen, indem Sie die auf Ihrem Computer installierten Browseroptionen konfigurieren.<\/strong><\/p>\n<p>Informationen zur Konfiguration der gebr\u00e4uchlichsten Browser finden Sie an den folgenden Stellen:<\/p>\n<ul>\n<li><strong>Internet Explorer:<\/strong> Extras -&gt; Internetoptionen -&gt; Datenschutz -&gt; Einstellungen. Weitere Informationen erhalten Sie beim Microsoft-Support oder in der Hilfe des Browsers.<\/li>\n<li><strong>Firefox:<\/strong> Extras -&gt; Optionen -&gt; Datenschutz -&gt; Verlauf -&gt; Benutzerdefinierte Einstellungen. Weitere Informationen erhalten Sie beim Mozilla-Support oder in der Hilfe des Browsers.<\/li>\n<li><strong>Chrome:<\/strong> Einstellungen -&gt; Erweiterte Optionen anzeigen -&gt; Datenschutz -&gt; Inhaltseinstellungen. Weitere Informationen erhalten Sie beim Google-Support oder in der Hilfe des Browsers.<\/li>\n<li><strong>Safari:<\/strong> Voreinstellungen -&gt; Sicherheit. Weitere Informationen erhalten Sie beim Apple-Support oder in der Hilfe des Browsers.<\/li>\n<\/ul>\n<p>In Bezug auf Cookies von Dritten, d.h. von au\u00dferhalb unserer Website, k\u00f6nnen wir nicht f\u00fcr den Inhalt und den Wahrheitsgehalt der Datenschutzrichtlinien verantwortlich gemacht werden, die sie enthalten, daher beziehen sich die von uns angebotenen Informationen immer auf die Quelle.<\/p>\n<p>Im Folgenden informieren wir Sie ausf\u00fchrlich \u00fcber die Cookies, die von unserer Website installiert werden k\u00f6nnen. Je nachdem, wie Sie browsen, k\u00f6nnen alle oder nur einige von ihnen installiert sein.<\/p>\n<div id=\"listadodecookies\">\n<table>\n<tbody>\n<tr align=\"center\">\n<td>Nombre<\/td>\n<td>Categoria<\/td>\n<td>Descripci\u00f3n<\/td>\n<td>Propiedad<\/td>\n<td>Duraci\u00f3n<\/td>\n<\/tr>\n<tr id=\"_ga\" align=\"center\">\n<td>_ga<\/td>\n<td>An\u00e1lisis<\/td>\n<td>Se usa para distinguir a los usuarios.<\/td>\n<td>Terceros<\/td>\n<td>2 a\u00f1os<\/td>\n<\/tr>\n<tr id=\"_gid\" align=\"center\">\n<td>_gid<\/td>\n<td>An\u00e1lisis<\/td>\n<td>Se usa para distinguir a los usuarios.<\/td>\n<td>Terceros<\/td>\n<td>24 horas<\/td>\n<\/tr>\n<tr id=\"PHPSESSID\" align=\"center\">\n<td>PHPSESSID<\/td>\n<td>Funcionalidad<\/td>\n<td>Esta cookie es usado por el lenguaje de encriptado PHP para permitir que las variables de sesi\u00f3n sean guardadas en el servidor web.<\/td>\n<td>Propia<\/td>\n<td>Finalizaci\u00f3n de la sesi\u00f3n<\/td>\n<\/tr>\n<tr id=\"wordpress_\" align=\"center\">\n<td>wordpress_<\/td>\n<td>Funcionalidad<\/td>\n<td>Se activa durante el login y guarda los detalles de autentificaci\u00f3n.<\/td>\n<td>Propia<\/td>\n<td>1 a\u00f1o<\/td>\n<\/tr>\n<tr id=\"wordpress_logged_in_\" align=\"center\">\n<td>wordpress_logged_in_<\/td>\n<td>Funcionalidad<\/td>\n<td>Se activa durante el login y guarda los detalles de autentificaci\u00f3n.<\/td>\n<td>Propia<\/td>\n<td>1 a\u00f1o<\/td>\n<\/tr>\n<tr id=\"wp-settings-\" align=\"center\">\n<td>wp-settings-<\/td>\n<td>Funcionalidad<\/td>\n<td>Sirve para personalizar la Interfaz de Usuario.<\/td>\n<td>Propia<\/td>\n<td>1 a\u00f1o<\/td>\n<\/tr>\n<tr id=\"wp-settings-time-\" align=\"center\">\n<td>wp-settings-time-<\/td>\n<td>Funcionalidad<\/td>\n<td>Sirve para personalizar la Interfaz de Usuario.<\/td>\n<td>Propia<\/td>\n<td>Finalizaci\u00f3n de la sesi\u00f3n<\/td>\n<\/tr>\n<tr id=\"vchideactivationmsg_vc11\" align=\"center\">\n<td>vchideactivationmsg_vc11<\/td>\n<td>Funcionalidad<\/td>\n<td>Desconocemos el origen de la cookie<\/td>\n<td>Terceros<\/td>\n<td>Desconocemos el origen de la cookie<\/td>\n<\/tr>\n<tr id=\"intercom-lou-cd6nxj3z\" align=\"center\">\n<td>intercom-lou-cd6nxj3z<\/td>\n<td>Funcionalidad<\/td>\n<td>Desconocemos el origen de la cookie<\/td>\n<td>Terceros<\/td>\n<td>Desconocemos el origen de la cookie<\/td>\n<\/tr>\n<tr id=\"_icl_current_admin_language_d41d8cd98f00b204e9800998ecf8427e\" align=\"center\">\n<td>_icl_current_admin_language_d41d8cd98f00b204e9800998ecf8427e<\/td>\n<td>Funcionalidad<\/td>\n<td>Desconocemos el origen de la cookie<\/td>\n<td>Terceros<\/td>\n<td>Desconocemos el origen de la cookie<\/td>\n<\/tr>\n<tr id=\"redux_current_tab\" align=\"center\">\n<td>redux_current_tab<\/td>\n<td>Funcionalidad<\/td>\n<td>Desconocemos el origen de la cookie<\/td>\n<td>Terceros<\/td>\n<td>Desconocemos el origen de la cookie<\/td>\n<\/tr>\n<tr id=\"_icl_visitor_lang_js\" align=\"center\">\n<td>_icl_visitor_lang_js<\/td>\n<td>Funcionalidad<\/td>\n<td>Desconocemos el origen de la cookie<\/td>\n<td>Terceros<\/td>\n<td>Desconocemos el origen de la cookie<\/td>\n<\/tr>\n<tr id=\"_icl_current_language\" align=\"center\">\n<td>_icl_current_language<\/td>\n<td>Funcionalidad<\/td>\n<td>Desconocemos el origen de la cookie<\/td>\n<td>Terceros<\/td>\n<td>Desconocemos el origen de la cookie<\/td>\n<\/tr>\n<tr id=\"wfwaf-authcookie-2bd7f7eec5e9b236fd0a6ef9b7bb649b\" align=\"center\">\n<td>wfwaf-authcookie-2bd7f7eec5e9b236fd0a6ef9b7bb649b<\/td>\n<td>Funcionalidad<\/td>\n<td>Desconocemos el origen de la cookie<\/td>\n<td>Terceros<\/td>\n<td>Desconocemos el origen de la cookie<\/td>\n<\/tr>\n<tr id=\"mp_a36067b00a263cce0299cfd960e26ecf_mixpanel\" align=\"center\">\n<td>mp_a36067b00a263cce0299cfd960e26ecf_mixpanel<\/td>\n<td>Funcionalidad<\/td>\n<td>Desconocemos el origen de la cookie<\/td>\n<td>Terceros<\/td>\n<td>Desconocemos el origen de la cookie<\/td>\n<\/tr>\n<\/tbody>\n<\/table>\n<\/div>\n<p>Die vorliegende Cookie-Politik kann aufgrund gesetzlicher oder beh\u00f6rdlicher Anforderungen oder zur Anpassung an die von der spanischen Datenschutzbeh\u00f6rde herausgegebenen Anweisungen ge\u00e4ndert werden, weshalb den Nutzern empfohlen wird, sie in regelm\u00e4\u00dfigen Abst\u00e4nden zu lesen.<\/p>\n<p>Wenn wesentliche \u00c4nderungen an dieser Cookie-Politik vorgenommen werden, werden sie den Benutzern entweder \u00fcber die Website oder per E-Mail an die registrierten Benutzer mitgeteilt.<\/p>\n<p>[\/vc_column_text][vc_empty_space height=&#8221;42px&#8221;][\/vc_column][\/vc_row]<\/p>\n","protected":false},"excerpt":{"rendered":"<p>[vc_row][vc_column][vc_empty_space height=&#8221;42px&#8221;][vc_column_text]Auf der Website https:\/\/bahiasexirentacar.com verwenden wir Cookies, um die Beziehung zwischen den Besuchern und unseren Inhalten zu erleichtern und um Statistiken \u00fcber die Besucher zu erstellen, die wir erhalten. In \u00dcbereinstimmung mit der Richtlinie 2009\/136\/EG, die in unserer Gesetzgebung durch den zweiten Absatz des Artikels 22 des Gesetzes \u00fcber die Dienste der Informationsgesellschaft umgesetzt&#8230;<\/p>\n","protected":false},"author":3,"featured_media":0,"parent":0,"menu_order":0,"comment_status":"closed","ping_status":"closed","template":"","meta":{"footnotes":""},"class_list":["post-42246","page","type-page","status-publish","hentry"],"yoast_head":"<!-- This site is optimized with the Yoast SEO Premium plugin v27.3 (Yoast SEO v27.3) - https:\/\/yoast.com\/product\/yoast-seo-premium-wordpress\/ -->\n<title>Cookies-Politik - Bahia Sexi Rent a Car<\/title>\n<meta name=\"robots\" content=\"index, follow, max-snippet:-1, max-image-preview:large, max-video-preview:-1\" \/>\n<link rel=\"canonical\" href=\"https:\/\/bahiasexirentacar.com\/de\/cookies-politik\/\" \/>\n<meta property=\"og:locale\" content=\"de_DE\" \/>\n<meta property=\"og:type\" content=\"article\" \/>\n<meta property=\"og:title\" content=\"Cookies-Politik\" \/>\n<meta property=\"og:description\" content=\"[vc_row][vc_column][vc_empty_space height=&#8221;42px&#8221;][vc_column_text]Auf der Website https:\/\/bahiasexirentacar.com verwenden wir Cookies, um die Beziehung zwischen den Besuchern und unseren Inhalten zu erleichtern und um Statistiken \u00fcber die Besucher zu erstellen, die wir erhalten. In \u00dcbereinstimmung mit der Richtlinie 2009\/136\/EG, die in unserer Gesetzgebung durch den zweiten Absatz des Artikels 22 des Gesetzes \u00fcber die Dienste der Informationsgesellschaft umgesetzt...\" \/>\n<meta property=\"og:url\" content=\"https:\/\/bahiasexirentacar.com\/de\/cookies-politik\/\" \/>\n<meta property=\"og:site_name\" content=\"Bahia Sexi Rent a Car\" \/>\n<meta property=\"article:publisher\" content=\"https:\/\/www.facebook.com\/bahiasexi\" \/>\n<meta property=\"article:modified_time\" content=\"2022-01-25T10:21:16+00:00\" \/>\n<meta name=\"twitter:card\" content=\"summary_large_image\" \/>\n<meta name=\"twitter:label1\" content=\"Gesch\u00e4tzte Lesezeit\" \/>\n\t<meta name=\"twitter:data1\" content=\"4\u00a0Minuten\" \/>\n<script type=\"application\/ld+json\" class=\"yoast-schema-graph\">{\"@context\":\"https:\\\/\\\/schema.org\",\"@graph\":[{\"@type\":\"WebPage\",\"@id\":\"https:\\\/\\\/bahiasexirentacar.com\\\/de\\\/cookies-politik\\\/\",\"url\":\"https:\\\/\\\/bahiasexirentacar.com\\\/de\\\/cookies-politik\\\/\",\"name\":\"Cookies-Politik - Bahia Sexi Rent a Car\",\"isPartOf\":{\"@id\":\"https:\\\/\\\/bahiasexirentacar.com\\\/de\\\/#website\"},\"datePublished\":\"2022-01-25T10:21:14+00:00\",\"dateModified\":\"2022-01-25T10:21:16+00:00\",\"breadcrumb\":{\"@id\":\"https:\\\/\\\/bahiasexirentacar.com\\\/de\\\/cookies-politik\\\/#breadcrumb\"},\"inLanguage\":\"de\",\"potentialAction\":[{\"@type\":\"ReadAction\",\"target\":[\"https:\\\/\\\/bahiasexirentacar.com\\\/de\\\/cookies-politik\\\/\"]}]},{\"@type\":\"BreadcrumbList\",\"@id\":\"https:\\\/\\\/bahiasexirentacar.com\\\/de\\\/cookies-politik\\\/#breadcrumb\",\"itemListElement\":[{\"@type\":\"ListItem\",\"position\":1,\"name\":\"Home\",\"item\":\"https:\\\/\\\/bahiasexirentacar.com\\\/de\\\/\"},{\"@type\":\"ListItem\",\"position\":2,\"name\":\"Cookies-Politik\"}]},{\"@type\":\"WebSite\",\"@id\":\"https:\\\/\\\/bahiasexirentacar.com\\\/de\\\/#website\",\"url\":\"https:\\\/\\\/bahiasexirentacar.com\\\/de\\\/\",\"name\":\"Bahia Sexi Rent a Car\",\"description\":\"Car rental at Malaga Airport\",\"publisher\":{\"@id\":\"https:\\\/\\\/bahiasexirentacar.com\\\/de\\\/#organization\"},\"potentialAction\":[{\"@type\":\"SearchAction\",\"target\":{\"@type\":\"EntryPoint\",\"urlTemplate\":\"https:\\\/\\\/bahiasexirentacar.com\\\/de\\\/?s={search_term_string}\"},\"query-input\":{\"@type\":\"PropertyValueSpecification\",\"valueRequired\":true,\"valueName\":\"search_term_string\"}}],\"inLanguage\":\"de\"},{\"@type\":\"Organization\",\"@id\":\"https:\\\/\\\/bahiasexirentacar.com\\\/de\\\/#organization\",\"name\":\"Bahia Sexi Rent a Car\",\"url\":\"https:\\\/\\\/bahiasexirentacar.com\\\/de\\\/\",\"logo\":{\"@type\":\"ImageObject\",\"inLanguage\":\"de\",\"@id\":\"https:\\\/\\\/bahiasexirentacar.com\\\/de\\\/#\\\/schema\\\/logo\\\/image\\\/\",\"url\":\"https:\\\/\\\/bahiasexirentacar.com\\\/wp-content\\\/uploads\\\/2024\\\/11\\\/cropped-Icono-sitio-web.jpg\",\"contentUrl\":\"https:\\\/\\\/bahiasexirentacar.com\\\/wp-content\\\/uploads\\\/2024\\\/11\\\/cropped-Icono-sitio-web.jpg\",\"width\":512,\"height\":512,\"caption\":\"Bahia Sexi Rent a Car\"},\"image\":{\"@id\":\"https:\\\/\\\/bahiasexirentacar.com\\\/de\\\/#\\\/schema\\\/logo\\\/image\\\/\"},\"sameAs\":[\"https:\\\/\\\/www.facebook.com\\\/bahiasexi\"]}]}<\/script>\n<!-- \/ Yoast SEO Premium plugin. -->","yoast_head_json":{"title":"Cookies-Politik - Bahia Sexi Rent a Car","robots":{"index":"index","follow":"follow","max-snippet":"max-snippet:-1","max-image-preview":"max-image-preview:large","max-video-preview":"max-video-preview:-1"},"canonical":"https:\/\/bahiasexirentacar.com\/de\/cookies-politik\/","og_locale":"de_DE","og_type":"article","og_title":"Cookies-Politik","og_description":"[vc_row][vc_column][vc_empty_space height=&#8221;42px&#8221;][vc_column_text]Auf der Website https:\/\/bahiasexirentacar.com verwenden wir Cookies, um die Beziehung zwischen den Besuchern und unseren Inhalten zu erleichtern und um Statistiken \u00fcber die Besucher zu erstellen, die wir erhalten. In \u00dcbereinstimmung mit der Richtlinie 2009\/136\/EG, die in unserer Gesetzgebung durch den zweiten Absatz des Artikels 22 des Gesetzes \u00fcber die Dienste der Informationsgesellschaft umgesetzt...","og_url":"https:\/\/bahiasexirentacar.com\/de\/cookies-politik\/","og_site_name":"Bahia Sexi Rent a Car","article_publisher":"https:\/\/www.facebook.com\/bahiasexi","article_modified_time":"2022-01-25T10:21:16+00:00","twitter_card":"summary_large_image","twitter_misc":{"Gesch\u00e4tzte Lesezeit":"4\u00a0Minuten"},"schema":{"@context":"https:\/\/schema.org","@graph":[{"@type":"WebPage","@id":"https:\/\/bahiasexirentacar.com\/de\/cookies-politik\/","url":"https:\/\/bahiasexirentacar.com\/de\/cookies-politik\/","name":"Cookies-Politik - Bahia Sexi Rent a Car","isPartOf":{"@id":"https:\/\/bahiasexirentacar.com\/de\/#website"},"datePublished":"2022-01-25T10:21:14+00:00","dateModified":"2022-01-25T10:21:16+00:00","breadcrumb":{"@id":"https:\/\/bahiasexirentacar.com\/de\/cookies-politik\/#breadcrumb"},"inLanguage":"de","potentialAction":[{"@type":"ReadAction","target":["https:\/\/bahiasexirentacar.com\/de\/cookies-politik\/"]}]},{"@type":"BreadcrumbList","@id":"https:\/\/bahiasexirentacar.com\/de\/cookies-politik\/#breadcrumb","itemListElement":[{"@type":"ListItem","position":1,"name":"Home","item":"https:\/\/bahiasexirentacar.com\/de\/"},{"@type":"ListItem","position":2,"name":"Cookies-Politik"}]},{"@type":"WebSite","@id":"https:\/\/bahiasexirentacar.com\/de\/#website","url":"https:\/\/bahiasexirentacar.com\/de\/","name":"Bahia Sexi Rent a Car","description":"Car rental at Malaga Airport","publisher":{"@id":"https:\/\/bahiasexirentacar.com\/de\/#organization"},"potentialAction":[{"@type":"SearchAction","target":{"@type":"EntryPoint","urlTemplate":"https:\/\/bahiasexirentacar.com\/de\/?s={search_term_string}"},"query-input":{"@type":"PropertyValueSpecification","valueRequired":true,"valueName":"search_term_string"}}],"inLanguage":"de"},{"@type":"Organization","@id":"https:\/\/bahiasexirentacar.com\/de\/#organization","name":"Bahia Sexi Rent a Car","url":"https:\/\/bahiasexirentacar.com\/de\/","logo":{"@type":"ImageObject","inLanguage":"de","@id":"https:\/\/bahiasexirentacar.com\/de\/#\/schema\/logo\/image\/","url":"https:\/\/bahiasexirentacar.com\/wp-content\/uploads\/2024\/11\/cropped-Icono-sitio-web.jpg","contentUrl":"https:\/\/bahiasexirentacar.com\/wp-content\/uploads\/2024\/11\/cropped-Icono-sitio-web.jpg","width":512,"height":512,"caption":"Bahia Sexi Rent a Car"},"image":{"@id":"https:\/\/bahiasexirentacar.com\/de\/#\/schema\/logo\/image\/"},"sameAs":["https:\/\/www.facebook.com\/bahiasexi"]}]}},"_links":{"self":[{"href":"https:\/\/bahiasexirentacar.com\/de\/wp-json\/wp\/v2\/pages\/42246","targetHints":{"allow":["GET"]}}],"collection":[{"href":"https:\/\/bahiasexirentacar.com\/de\/wp-json\/wp\/v2\/pages"}],"about":[{"href":"https:\/\/bahiasexirentacar.com\/de\/wp-json\/wp\/v2\/types\/page"}],"author":[{"embeddable":true,"href":"https:\/\/bahiasexirentacar.com\/de\/wp-json\/wp\/v2\/users\/3"}],"replies":[{"embeddable":true,"href":"https:\/\/bahiasexirentacar.com\/de\/wp-json\/wp\/v2\/comments?post=42246"}],"version-history":[{"count":2,"href":"https:\/\/bahiasexirentacar.com\/de\/wp-json\/wp\/v2\/pages\/42246\/revisions"}],"predecessor-version":[{"id":42250,"href":"https:\/\/bahiasexirentacar.com\/de\/wp-json\/wp\/v2\/pages\/42246\/revisions\/42250"}],"wp:attachment":[{"href":"https:\/\/bahiasexirentacar.com\/de\/wp-json\/wp\/v2\/media?parent=42246"}],"curies":[{"name":"wp","href":"https:\/\/api.w.org\/{rel}","templated":true}]}}