{"id":162786,"date":"2022-06-28T16:55:32","date_gmt":"2022-06-28T16:55:32","guid":{"rendered":"https:\/\/bahiasexirentacar.com\/?page_id=162786"},"modified":"2025-12-03T10:13:12","modified_gmt":"2025-12-03T10:13:12","slug":"politica-de-privacidad","status":"publish","type":"page","link":"https:\/\/bahiasexirentacar.com\/es\/politica-de-privacidad\/","title":{"rendered":"Pol\u00edtica de privacidad"},"content":{"rendered":"<p>[vc_row][vc_column][vc_empty_space height=&#8221;52px&#8221;][vc_column_text]<\/p>\n<p>Este texto legal le da detalles de c\u00f3mo se recopilan y procesan sus datos personales al usar nuestro sitio web https:\/\/bahiasexirentacar.com\/, incluyendo cualquier informaci\u00f3n que pueda proporcionarnos a trav\u00e9s del sitio cuando proporciona sus datos de contacto a trav\u00e9s del formulario habilitado para ello.<\/p>\n<p>Le informamos que, al proporcionarnos sus datos, nuestros servicios no son posibles para aquellas personas que la normativa les impide prestar consentimiento, por lo que cuando nos remite los formularios nos garantiza que tiene la capacidad suficiente para otorgar tal consentimiento.<\/p>\n<hr \/>\n<h2>1. Responsable del tratamiento<\/h2>\n<p><strong>Datos de contacto del responsable:<\/strong><\/p>\n<p>AUTO SEXI SL, A.P. 202, 18690, Almu\u00f1\u00e9car (Granada)<br \/>\nCorreo electr\u00f3nico: rentacar@bahiasexi.com<\/p>\n<hr \/>\n<h2>2. \u00bfQu\u00e9 datos recopilamos?<\/h2>\n<p>Seg\u00fan el Reglamento General de Protecci\u00f3n de Datos, un dato personal es toda informaci\u00f3n sobre una persona f\u00edsica identificada o identificable, es decir, toda la informaci\u00f3n capaz de identificar a una persona. Esto no incluir\u00eda los datos an\u00f3nimos, ni porcentuales.<\/p>\n<p><strong>Los datos personales que se procesan en nuestra Web podr\u00edan incluir, entre otros:<\/strong><\/p>\n<ul>\n<li>Datos de identidad: nombre, apellido y nombre de usuario.<\/li>\n<li>Datos de contacto: email o direcci\u00f3n de facturaci\u00f3n.<\/li>\n<\/ul>\n<p><strong>No recopilamos ning\u00fan dato relativo a categor\u00edas especiales de datos personales<\/strong> (aquellos que desvelen su origen \u00e9tnico o racial, las opiniones pol\u00edticas, las convicciones religiosas o filos\u00f3ficas, la afiliaci\u00f3n sindical e informaci\u00f3n sobre su salud, datos gen\u00e9ticos o biom\u00e9tricos).<\/p>\n<p>En caso de que se le solicite recopilar datos personales por ley o seg\u00fan los t\u00e9rminos de contrataci\u00f3n entre nosotros y se niegue a facilit\u00e1rnoslos, es posible que no podamos realizar dicho contrato o prestar el servicio, debiendo comunic\u00e1rnoslo con antelaci\u00f3n.<\/p>\n<hr \/>\n<h2>3. \u00bfC\u00f3mo recopilamos sus datos personales?<\/h2>\n<p><strong>Los medios que usamos para recopilar datos personales son:<\/strong><\/p>\n<p><strong>a) A trav\u00e9s del formulario de nuestra p\u00e1gina web, a trav\u00e9s de nuestros emails de contacto, por tel\u00e9fono o correo postal, cuando, entre otras cosas:<\/strong><\/p>\n<ul>\n<li>Solicita informaci\u00f3n de nuestros productos o servicios<\/li>\n<li>Contrata la prestaci\u00f3n de nuestros servicios o productos<\/li>\n<li>Solicita presupuestos<\/li>\n<li>Env\u00eda sus comentarios<\/li>\n<\/ul>\n<p>Para asegurar la calidad de nuestro portal, tenemos que reservamos el derecho de rechazar cualquier solicitud de registro o bien de suspender o cancelar un registro previamente aceptado si entendemos que no cumple estos requisitos o cualquier otra ley o norma. Si esto ocurre, intentaremos exponer los motivos de nuestra decisi\u00f3n, pero no nos podemos comprometer a hacerlo en todos los casos.<\/p>\n<p><strong>b) A trav\u00e9s de la tecnolog\u00eda o interacciones automatizadas:<\/strong><\/p>\n<p>En nuestro sitio Web podemos recopilar autom\u00e1ticamente datos t\u00e9cnicos sobre su equipo, acciones de navegaci\u00f3n y patrones de uso. Estos datos son recopilados a trav\u00e9s de cookies o tecnolog\u00edas similares.<br \/>\n<strong>Si quiere ampliar la informaci\u00f3n, puede consultar nuestra <a href=\"https:\/\/bahiasexirentacar.com\/es\/cookies-policy\/\">pol\u00edtica de cookies<\/a>.<\/strong><\/p>\n<p><strong>c) A trav\u00e9s de terceros:<\/strong><\/p>\n<p><strong>Google:<\/strong> datos anal\u00edticos o datos de b\u00fasqueda. <em>Fuera de la Uni\u00f3n Europea.<\/em><\/p>\n<hr \/>\n<h2>4. Finalidad y legitimidad para el uso de sus datos<\/h2>\n<p><strong>Los usos m\u00e1s comunes de sus datos personales son:<\/strong><\/p>\n<ul>\n<li>Para la formalizaci\u00f3n de un contrato entre AUTO SEXI SL y usted.<\/li>\n<li>Cuando preste su consentimiento en el tratamiento de sus datos.<\/li>\n<li>Cuando los necesitemos para dar cumplimiento a una obligaci\u00f3n legal o regulatoria.<\/li>\n<li>Cuando sea necesario para nuestro inter\u00e9s leg\u00edtimo o de un tercero.<\/li>\n<\/ul>\n<p>El Usuario podr\u00e1 revocar el consentimiento prestado en cualquier momento enviando un correo a rentacar@bahiasexi.com\u00a0o consultando el apartado de ejercicio de derechos m\u00e1s adelante.<\/p>\n<p>Podemos procesar alg\u00fan dato personal por alg\u00fan motivo legal adicional, por lo que si necesita detalles al respecto puede enviar un correo electr\u00f3nico a rentacar@bahiasexi.com.<\/p>\n<p><strong>Finalidad:<\/strong> sus datos s\u00f3lo ser\u00e1n utilizados para los fines para los que los recopilamos, a menos que se considere razonablemente que debemos usarlos para otro motivo. Previamente se le notificar\u00e1 para que est\u00e9 informado del motivo legal de su procesamiento y siempre y cuando el fin sea compatible con el prop\u00f3sito original.<\/p>\n<p><strong>Plazo de conservaci\u00f3n:<\/strong> Se conservar\u00e1n durante el tiempo necesario para cumplir con la finalidad para la que se recabaron y para determinar las posibles responsabilidades que se pudieran derivar de dicha finalidad y del tratamiento de los datos. Ser\u00e1 de aplicaci\u00f3n lo dispuesto en las diferentes normativas respecto al plazo de conservaci\u00f3n, en lo que resulte de aplicaci\u00f3n al presente tratamiento.<\/p>\n<hr \/>\n<h2>5. Sus Derechos en Protecci\u00f3n de Datos<\/h2>\n<p>Los usuarios se podr\u00e1n poner en contacto enviando una comunicaci\u00f3n al domicilio social de AUTO SEXI SL o direcci\u00f3n de correo electr\u00f3nico rentacar@bahiasexi.com, incluyendo fotocopia de su D.N.I u otro documento de identificaci\u00f3n similar, para solicitar el ejercicio de los siguientes derechos:<\/p>\n<ul>\n<li><strong>Acceso<\/strong> a sus datos personales: podr\u00e1 preguntar a AUTO SEXI SL si est\u00e1 usando sus datos personales.<\/li>\n<li><strong>Rectificaci\u00f3n<\/strong> de sus datos personales, si no fuesen correctos.<\/li>\n<li><strong>Derecho al olvido<\/strong> de sus datos personales.<\/li>\n<li><strong>Limitaci\u00f3n del tratamiento:<\/strong> sus datos solo ser\u00e1n conservados por AUTO SEXI SL para el ejercicio o defensa de reclamaciones.<\/li>\n<li><strong>Oposici\u00f3n:<\/strong> podr\u00e1 oponerse al tratamiento de sus datos. En este caso AUTO SEXI SL dejar\u00e1 tratar los datos en la forma que nos indiques, salvo que por motivos leg\u00edtimos o para el ejercicio o defensa de posibles reclamaciones, estos deban seguir siendo tratados.<\/li>\n<li><strong>Portabilidad:<\/strong> en caso de que quiera que sus datos sean tratados por otra firma, AUTO SEXI SL le facilitar\u00e1 la portabilidad de sus datos al nuevo responsable.<\/li>\n<\/ul>\n<p>Para ejercer estos derechos podr\u00e1 utilizar los modelos puestos a su disposici\u00f3n por la Agencia Espa\u00f1ola de Protecci\u00f3n de Datos.<\/p>\n<p>De igual modo, podr\u00e1 reclamar ante la <strong>A.E.P.D.<\/strong> si considera que hay un problema con la forma en que AUTO SEXI SL est\u00e1 tratando sus datos.<br \/>\nPodr\u00e1 dirigir sus reclamaciones a la autoridad de control correspondiente: <strong>La Agencia Espa\u00f1ola de Protecci\u00f3n de Datos.<\/strong><\/p>\n<p>Es posible que tengamos que solicitarle informaci\u00f3n espec\u00edfica para ayudarnos a confirmar su identidad y garantizar su derecho a acceder a sus datos personales (o ejercer cualquier otro de los derechos mencionados anteriormente). Esto es una medida de seguridad para garantizar que los datos personales no se revelen a ninguna persona que no tenga derecho a recibirlos.<\/p>\n<p>Todas las solicitudes las solventamos en el plazo legal indicado de <strong>1 mes<\/strong>. No obstante, puede llevarnos m\u00e1s de un mes si su solicitud es particularmente compleja, o si ya ha realizado una serie de actuaciones previamente. En este caso, le notificaremos y le mantendremos actualizado.<\/p>\n<hr \/>\n<h2>6. Acceso a datos personales para prestaci\u00f3n de servicios<\/h2>\n<p>Es posible que, en el desempe\u00f1o de nuestro trabajo, necesitemos de la ayuda de terceros (<strong>encargados de tratamiento<\/strong>), que solo tratar\u00e1n los datos para prestar el servicio contratado, y con los que disponemos de las correspondientes medidas para garantizar sus derechos:<\/p>\n<ul>\n<li>Proveedores de servicios que brindan servicios de administraci\u00f3n de sistemas y tecnolog\u00eda de la informaci\u00f3n.<\/li>\n<li>Asesores profesionales que incluyen abogados, auditores y aseguradores que brindan servicios de consultor\u00eda bancarios, legales, de seguros y de contabilidad.<\/li>\n<\/ul>\n<p>Todos los encargados de tratamiento a quienes transferimos sus datos respetar\u00e1n la seguridad de sus datos personales y los tratar\u00e1n de acuerdo al <strong>R.G.P.D.<\/strong><\/p>\n<p>Solo permitimos que dichos encargados traten sus datos para fines determinados y de conformidad con nuestras instrucciones.<br \/>\n<strong>No obstante, puede solicitarnos, en cumplimiento de la transparencia, un listado de qui\u00e9nes son estas empresas que nos prestan servicios. Puede hacerlo al email: rentacar@bahiasexi.com<\/strong><\/p>\n<hr \/>\n<h2>7. Seguridad de Datos<\/h2>\n<p>Hemos implementado las medidas de seguridad adecuadas para evitar que sus datos personales se pierdan accidentalmente, se usen o accedan de forma no autorizada, se modifiquen o divulguen.<\/p>\n<p>Adem\u00e1s, limitamos el acceso a sus datos personales a aquellos empleados, agentes contratistas y otros terceros que tengan una necesidad comercial de conocer dichos datos. Solo procesar\u00e1n sus datos personales seg\u00fan nuestras instrucciones y estar\u00e1n sujetos a un deber de confidencialidad.<\/p>\n<p>Hemos implementado procedimientos para tratar cualquier sospecha de violaci\u00f3n de sus datos personales y se lo notificaremos a usted y a la Autoridad de Control en caso de que ocurriera, tal como queda regulado en el RGPD en sus art\u00edculos 33 y 34, una brecha de seguridad.<\/p>\n<hr \/>\n<p>[\/vc_column_text][vc_empty_space height=&#8221;52px&#8221;][\/vc_column][\/vc_row]<\/p>\n","protected":false},"excerpt":{"rendered":"<p>[vc_row][vc_column][vc_empty_space height=&#8221;52px&#8221;][vc_column_text] Este texto legal le da detalles de c\u00f3mo se recopilan y procesan sus datos personales al usar nuestro sitio web https:\/\/bahiasexirentacar.com\/, incluyendo cualquier informaci\u00f3n que pueda proporcionarnos a trav\u00e9s del sitio cuando proporciona sus datos de contacto a trav\u00e9s del formulario habilitado para ello. Le informamos que, al proporcionarnos sus datos, nuestros servicios&#8230;<\/p>\n","protected":false},"author":3,"featured_media":0,"parent":0,"menu_order":0,"comment_status":"closed","ping_status":"closed","template":"","meta":{"footnotes":""},"class_list":["post-162786","page","type-page","status-publish","hentry"],"yoast_head":"<!-- This site is optimized with the Yoast SEO Premium plugin v27.3 (Yoast SEO v27.3) - https:\/\/yoast.com\/product\/yoast-seo-premium-wordpress\/ -->\n<title>Pol\u00edtica de privacidad - Bahia Sexi Rent a Car<\/title>\n<meta name=\"robots\" content=\"index, follow, max-snippet:-1, max-image-preview:large, max-video-preview:-1\" \/>\n<link rel=\"canonical\" href=\"https:\/\/bahiasexirentacar.com\/es\/politica-de-privacidad\/\" \/>\n<meta property=\"og:locale\" content=\"es_ES\" \/>\n<meta property=\"og:type\" content=\"article\" \/>\n<meta property=\"og:title\" content=\"Pol\u00edtica de privacidad\" \/>\n<meta property=\"og:description\" content=\"[vc_row][vc_column][vc_empty_space height=&#8221;52px&#8221;][vc_column_text] Este texto legal le da detalles de c\u00f3mo se recopilan y procesan sus datos personales al usar nuestro sitio web https:\/\/bahiasexirentacar.com\/, incluyendo cualquier informaci\u00f3n que pueda proporcionarnos a trav\u00e9s del sitio cuando proporciona sus datos de contacto a trav\u00e9s del formulario habilitado para ello. Le informamos que, al proporcionarnos sus datos, nuestros servicios...\" \/>\n<meta property=\"og:url\" content=\"https:\/\/bahiasexirentacar.com\/es\/politica-de-privacidad\/\" \/>\n<meta property=\"og:site_name\" content=\"Bahia Sexi Rent a Car\" \/>\n<meta property=\"article:publisher\" content=\"https:\/\/www.facebook.com\/bahiasexi\" \/>\n<meta property=\"article:modified_time\" content=\"2025-12-03T10:13:12+00:00\" \/>\n<meta name=\"twitter:card\" content=\"summary_large_image\" \/>\n<meta name=\"twitter:label1\" content=\"Tiempo de lectura\" \/>\n\t<meta name=\"twitter:data1\" content=\"6 minutos\" \/>\n<script type=\"application\/ld+json\" class=\"yoast-schema-graph\">{\"@context\":\"https:\\\/\\\/schema.org\",\"@graph\":[{\"@type\":\"WebPage\",\"@id\":\"https:\\\/\\\/bahiasexirentacar.com\\\/es\\\/politica-de-privacidad\\\/\",\"url\":\"https:\\\/\\\/bahiasexirentacar.com\\\/es\\\/politica-de-privacidad\\\/\",\"name\":\"Pol\u00edtica de privacidad - Bahia Sexi Rent a Car\",\"isPartOf\":{\"@id\":\"https:\\\/\\\/bahiasexirentacar.com\\\/es\\\/#website\"},\"datePublished\":\"2022-06-28T16:55:32+00:00\",\"dateModified\":\"2025-12-03T10:13:12+00:00\",\"breadcrumb\":{\"@id\":\"https:\\\/\\\/bahiasexirentacar.com\\\/es\\\/politica-de-privacidad\\\/#breadcrumb\"},\"inLanguage\":\"es\",\"potentialAction\":[{\"@type\":\"ReadAction\",\"target\":[\"https:\\\/\\\/bahiasexirentacar.com\\\/es\\\/politica-de-privacidad\\\/\"]}]},{\"@type\":\"BreadcrumbList\",\"@id\":\"https:\\\/\\\/bahiasexirentacar.com\\\/es\\\/politica-de-privacidad\\\/#breadcrumb\",\"itemListElement\":[{\"@type\":\"ListItem\",\"position\":1,\"name\":\"Home\",\"item\":\"https:\\\/\\\/bahiasexirentacar.com\\\/es\\\/\"},{\"@type\":\"ListItem\",\"position\":2,\"name\":\"Pol\u00edtica de privacidad\"}]},{\"@type\":\"WebSite\",\"@id\":\"https:\\\/\\\/bahiasexirentacar.com\\\/es\\\/#website\",\"url\":\"https:\\\/\\\/bahiasexirentacar.com\\\/es\\\/\",\"name\":\"Bahia Sexi Rent a Car\",\"description\":\"Car rental at Malaga Airport\",\"publisher\":{\"@id\":\"https:\\\/\\\/bahiasexirentacar.com\\\/es\\\/#organization\"},\"potentialAction\":[{\"@type\":\"SearchAction\",\"target\":{\"@type\":\"EntryPoint\",\"urlTemplate\":\"https:\\\/\\\/bahiasexirentacar.com\\\/es\\\/?s={search_term_string}\"},\"query-input\":{\"@type\":\"PropertyValueSpecification\",\"valueRequired\":true,\"valueName\":\"search_term_string\"}}],\"inLanguage\":\"es\"},{\"@type\":\"Organization\",\"@id\":\"https:\\\/\\\/bahiasexirentacar.com\\\/es\\\/#organization\",\"name\":\"Bahia Sexi Rent a Car\",\"url\":\"https:\\\/\\\/bahiasexirentacar.com\\\/es\\\/\",\"logo\":{\"@type\":\"ImageObject\",\"inLanguage\":\"es\",\"@id\":\"https:\\\/\\\/bahiasexirentacar.com\\\/es\\\/#\\\/schema\\\/logo\\\/image\\\/\",\"url\":\"https:\\\/\\\/bahiasexirentacar.com\\\/wp-content\\\/uploads\\\/2024\\\/11\\\/cropped-Icono-sitio-web.jpg\",\"contentUrl\":\"https:\\\/\\\/bahiasexirentacar.com\\\/wp-content\\\/uploads\\\/2024\\\/11\\\/cropped-Icono-sitio-web.jpg\",\"width\":512,\"height\":512,\"caption\":\"Bahia Sexi Rent a Car\"},\"image\":{\"@id\":\"https:\\\/\\\/bahiasexirentacar.com\\\/es\\\/#\\\/schema\\\/logo\\\/image\\\/\"},\"sameAs\":[\"https:\\\/\\\/www.facebook.com\\\/bahiasexi\"]}]}<\/script>\n<!-- \/ Yoast SEO Premium plugin. -->","yoast_head_json":{"title":"Pol\u00edtica de privacidad - Bahia Sexi Rent a Car","robots":{"index":"index","follow":"follow","max-snippet":"max-snippet:-1","max-image-preview":"max-image-preview:large","max-video-preview":"max-video-preview:-1"},"canonical":"https:\/\/bahiasexirentacar.com\/es\/politica-de-privacidad\/","og_locale":"es_ES","og_type":"article","og_title":"Pol\u00edtica de privacidad","og_description":"[vc_row][vc_column][vc_empty_space height=&#8221;52px&#8221;][vc_column_text] Este texto legal le da detalles de c\u00f3mo se recopilan y procesan sus datos personales al usar nuestro sitio web https:\/\/bahiasexirentacar.com\/, incluyendo cualquier informaci\u00f3n que pueda proporcionarnos a trav\u00e9s del sitio cuando proporciona sus datos de contacto a trav\u00e9s del formulario habilitado para ello. Le informamos que, al proporcionarnos sus datos, nuestros servicios...","og_url":"https:\/\/bahiasexirentacar.com\/es\/politica-de-privacidad\/","og_site_name":"Bahia Sexi Rent a Car","article_publisher":"https:\/\/www.facebook.com\/bahiasexi","article_modified_time":"2025-12-03T10:13:12+00:00","twitter_card":"summary_large_image","twitter_misc":{"Tiempo de lectura":"6 minutos"},"schema":{"@context":"https:\/\/schema.org","@graph":[{"@type":"WebPage","@id":"https:\/\/bahiasexirentacar.com\/es\/politica-de-privacidad\/","url":"https:\/\/bahiasexirentacar.com\/es\/politica-de-privacidad\/","name":"Pol\u00edtica de privacidad - Bahia Sexi Rent a Car","isPartOf":{"@id":"https:\/\/bahiasexirentacar.com\/es\/#website"},"datePublished":"2022-06-28T16:55:32+00:00","dateModified":"2025-12-03T10:13:12+00:00","breadcrumb":{"@id":"https:\/\/bahiasexirentacar.com\/es\/politica-de-privacidad\/#breadcrumb"},"inLanguage":"es","potentialAction":[{"@type":"ReadAction","target":["https:\/\/bahiasexirentacar.com\/es\/politica-de-privacidad\/"]}]},{"@type":"BreadcrumbList","@id":"https:\/\/bahiasexirentacar.com\/es\/politica-de-privacidad\/#breadcrumb","itemListElement":[{"@type":"ListItem","position":1,"name":"Home","item":"https:\/\/bahiasexirentacar.com\/es\/"},{"@type":"ListItem","position":2,"name":"Pol\u00edtica de privacidad"}]},{"@type":"WebSite","@id":"https:\/\/bahiasexirentacar.com\/es\/#website","url":"https:\/\/bahiasexirentacar.com\/es\/","name":"Bahia Sexi Rent a Car","description":"Car rental at Malaga Airport","publisher":{"@id":"https:\/\/bahiasexirentacar.com\/es\/#organization"},"potentialAction":[{"@type":"SearchAction","target":{"@type":"EntryPoint","urlTemplate":"https:\/\/bahiasexirentacar.com\/es\/?s={search_term_string}"},"query-input":{"@type":"PropertyValueSpecification","valueRequired":true,"valueName":"search_term_string"}}],"inLanguage":"es"},{"@type":"Organization","@id":"https:\/\/bahiasexirentacar.com\/es\/#organization","name":"Bahia Sexi Rent a Car","url":"https:\/\/bahiasexirentacar.com\/es\/","logo":{"@type":"ImageObject","inLanguage":"es","@id":"https:\/\/bahiasexirentacar.com\/es\/#\/schema\/logo\/image\/","url":"https:\/\/bahiasexirentacar.com\/wp-content\/uploads\/2024\/11\/cropped-Icono-sitio-web.jpg","contentUrl":"https:\/\/bahiasexirentacar.com\/wp-content\/uploads\/2024\/11\/cropped-Icono-sitio-web.jpg","width":512,"height":512,"caption":"Bahia Sexi Rent a Car"},"image":{"@id":"https:\/\/bahiasexirentacar.com\/es\/#\/schema\/logo\/image\/"},"sameAs":["https:\/\/www.facebook.com\/bahiasexi"]}]}},"_links":{"self":[{"href":"https:\/\/bahiasexirentacar.com\/es\/wp-json\/wp\/v2\/pages\/162786","targetHints":{"allow":["GET"]}}],"collection":[{"href":"https:\/\/bahiasexirentacar.com\/es\/wp-json\/wp\/v2\/pages"}],"about":[{"href":"https:\/\/bahiasexirentacar.com\/es\/wp-json\/wp\/v2\/types\/page"}],"author":[{"embeddable":true,"href":"https:\/\/bahiasexirentacar.com\/es\/wp-json\/wp\/v2\/users\/3"}],"replies":[{"embeddable":true,"href":"https:\/\/bahiasexirentacar.com\/es\/wp-json\/wp\/v2\/comments?post=162786"}],"version-history":[{"count":4,"href":"https:\/\/bahiasexirentacar.com\/es\/wp-json\/wp\/v2\/pages\/162786\/revisions"}],"predecessor-version":[{"id":1745697,"href":"https:\/\/bahiasexirentacar.com\/es\/wp-json\/wp\/v2\/pages\/162786\/revisions\/1745697"}],"wp:attachment":[{"href":"https:\/\/bahiasexirentacar.com\/es\/wp-json\/wp\/v2\/media?parent=162786"}],"curies":[{"name":"wp","href":"https:\/\/api.w.org\/{rel}","templated":true}]}}