{"id":162790,"date":"2022-06-28T16:56:42","date_gmt":"2022-06-28T16:56:42","guid":{"rendered":"https:\/\/bahiasexirentacar.com\/?page_id=162790"},"modified":"2025-08-20T15:10:06","modified_gmt":"2025-08-20T15:10:06","slug":"aviso-legal","status":"publish","type":"page","link":"https:\/\/bahiasexirentacar.com\/es\/aviso-legal\/","title":{"rendered":"Aviso Legal"},"content":{"rendered":"<p>[vc_row][vc_column][vc_empty_space height=&#8221;42px&#8221;][vc_empty_space height=&#8221;42px&#8221;][vc_column_text]<\/p>\n<h3>1. Informaci\u00f3n legal y aceptaci\u00f3n<\/h3>\n<p>Le informamos que, en virtud del cumplimiento del art\u00edculo 10 de la Ley 34\/2002, de 11 de julio, de Servicios de la Sociedad de la Informaci\u00f3n y Comercio Electr\u00f3nico (LSSICE), los datos identificativos de la empresa responsable de este sitio web son:<\/p>\n<ul>\n<li>Raz\u00f3n Social: AUTO SEXI SL<\/li>\n<li>NIF: B18513572<\/li>\n<li>Direcci\u00f3n: A.P. 202, 18690, Almu\u00f1ecar (Granada)<\/li>\n<li>Tel\u00e9fono: 958630708<\/li>\n<li>Email: rentacar@bahiasexi.com<\/li>\n<\/ul>\n<p>El uso del Sitio Web implica la expresa y plena aceptaci\u00f3n de las condiciones generales en la versi\u00f3n publicada en el momento en que el usuario acceda al mismo, sin perjuicio de las condiciones particulares que pudieran aplicarse a algunos de los servicios concretos del sitio web.<\/p>\n<p>El acceso al Sitio Web es gratuito salvo en lo relativo al coste de la conexi\u00f3n a trav\u00e9s de la red de telecomunicaciones suministrada por el proveedor de acceso contratado por los usuarios. Determinados servicios son exclusivos para nuestros clientes y su acceso se encuentra restringido.<\/p>\n<p>La utilizaci\u00f3n del Sitio Web atribuye la condici\u00f3n de usuario de \u00e9ste (en adelante, el &#8220;Usuario&#8221;) e implica la aceptaci\u00f3n de todas las condiciones incluidas en este Aviso Legal. La prestaci\u00f3n del servicio del Sitio Web tiene una duraci\u00f3n limitada al momento en el que el Usuario se encuentre conectado al Sitio Web o a alguno de los servicios que a trav\u00e9s del mismo se facilitan. Por tanto, el Usuario debe leer atentamente el presente Aviso Legal en cada una de las ocasiones en que se proponga utilizar el Sitio Web, ya que \u00e9ste y sus condiciones de uso recogidas en el presente Aviso Legal pueden sufrir modificaciones.<\/p>\n<p>Algunos servicios del Sitio Web accesibles para los usuarios de Internet o exclusivos para los clientes de AUTO SEXI SL, pueden estar sometidos a condiciones particulares, reglamentos e instrucciones que, en su caso, sustituyen, completan y\/o modifican el presente Aviso Legal y que deber\u00e1n ser aceptadas por el Usuario antes de iniciarse la prestaci\u00f3n del servicio correspondiente.<\/p>\n<hr \/>\n<h3>2. Propiedad intelectual e industrial<\/h3>\n<p>Este Sitio Web y los contenidos que alberga se encuentran protegidos por la legislaci\u00f3n vigente en materia de propiedad intelectual.<\/p>\n<p>AUTO SEXI SL es titular de todos los derechos de propiedad intelectual e industrial de su web, as\u00ed como de los elementos contenidos en la misma. Por ello, queda expresamente prohibida la reproducci\u00f3n, distribuci\u00f3n, comunicaci\u00f3n p\u00fablica y transformaci\u00f3n de la totalidad o parte de los contenidos de esta web, con fines comerciales, en cualquier soporte y por cualquier medio t\u00e9cnico, sin la autorizaci\u00f3n expresa de AUTO SEXI SL.<\/p>\n<h4>2.1 T\u00e9rminos y Condiciones<\/h4>\n<p>Las marcas, nombres comerciales o signos distintivos son titularidad de AUTO SEXI SL o terceros, sin que pueda entenderse que el acceso al Sitio Web atribuya ning\u00fan derecho sobre las citadas marcas, nombres comerciales y\/o signos distintivos.<\/p>\n<p>Todos los productos y servicios de estas p\u00e1ginas que NO son propiedad de AUTO SEXI SL son marcas registradas de sus respectivos propietarios y son reconocidas como tales por nuestra empresa. Solamente aparecen en la web de AUTO SEXI SL a efectos de promoci\u00f3n y de recopilaci\u00f3n de informaci\u00f3n. Estos propietarios pueden solicitar la modificaci\u00f3n o eliminaci\u00f3n de la informaci\u00f3n que les pertenece.<\/p>\n<hr \/>\n<h3>3. Condiciones de uso del Sitio Web<\/h3>\n<h4>3.1 General<\/h4>\n<p>El Usuario se obliga a hacer un uso correcto del Sitio Web de conformidad con la Ley y el presente Aviso Legal. El Usuario responder\u00e1 frente a AUTO SEXI SL o frente a terceros, de cualesquiera da\u00f1os y perjuicios que pudieran causarse como consecuencia del incumplimiento de dicha obligaci\u00f3n.<\/p>\n<p>Queda expresamente prohibido el uso del Sitio Web con fines lesivos de bienes o intereses de AUTO SEXI SL o de terceros o que de cualquier otra forma sobrecarguen, da\u00f1en o inutilicen las redes, servidores y dem\u00e1s equipos inform\u00e1ticos (hardware) o productos y aplicaciones inform\u00e1ticas (software) de AUTO SEXI SL o de terceros.<\/p>\n<h4>3.2 Contenidos<\/h4>\n<p>El Usuario se compromete a utilizar los Contenidos de conformidad con la Ley y el presente Aviso Legal, as\u00ed como con las dem\u00e1s condiciones, reglamentos e instrucciones que en su caso pudieran ser de aplicaci\u00f3n de conformidad con lo dispuesto en la cl\u00e1usula 1.<\/p>\n<p>Con car\u00e1cter meramente enunciativo, el Usuario de acuerdo con la legislaci\u00f3n vigente deber\u00e1 abstenerse de:<\/p>\n<ul>\n<li>Reproducir, copiar, distribuir, poner a disposici\u00f3n, comunicar p\u00fablicamente, transformar o modificar los Contenidos salvo en los casos autorizados en la ley o expresamente consentidos por AUTO SEXI SL o por quien ostente la titularidad de los derechos de explotaci\u00f3n en su caso.<\/li>\n<li>Reproducir o copiar para uso privado los Contenidos que puedan ser considerados como Software o Base de Datos de conformidad con la legislaci\u00f3n vigente en materia de propiedad intelectual, as\u00ed como su comunicaci\u00f3n p\u00fablica o puesta a disposici\u00f3n de terceros cuando estos actos impliquen necesariamente la reproducci\u00f3n por parte del Usuario o de un tercero.<\/li>\n<li>Extraer y\/o reutilizar la totalidad o una parte sustancial de los Contenidos integrantes del Sitio Web as\u00ed como de las bases de datos que AUTO SEXI SL pongan a disposici\u00f3n de los Usuarios.<\/li>\n<\/ul>\n<h4>3.3 Introducci\u00f3n de enlaces al Sitio Web<\/h4>\n<p>El usuario de Internet que quiera introducir enlaces desde sus propias p\u00e1ginas web al Sitio Web deber\u00e1 cumplir con las condiciones que se detallan a continuaci\u00f3n sin que el desconocimiento de las mismas evite las responsabilidades derivadas de la Ley:<\/p>\n<p>El enlace \u00fanicamente vincular\u00e1 con la home page o p\u00e1gina principal del Sitio Web pero no podr\u00e1 reproducirla de ninguna forma (online links, copia de los textos, gr\u00e1ficos, etc).<\/p>\n<p>Quedar\u00e1 en todo caso prohibido, de acuerdo con la legislaci\u00f3n aplicable y vigente en cada momento, establecer frames o marcos de cualquier tipo que envuelvan al Sitio Web o permitan la visualizaci\u00f3n de los Contenidos a trav\u00e9s de direcciones de Internet distintas a las del Sitio Web y, en cualquier caso, cuando se visualicen conjuntamente con contenidos ajenos al Sitio Web de forma que:<\/p>\n<p>(I) produzca, o pueda producir, error, confusi\u00f3n o enga\u00f1o en los usuarios sobre la verdadera procedencia del servicio o Contenidos;<br \/>\n(II) suponga un acto de comparaci\u00f3n o imitaci\u00f3n desleal;<br \/>\n(III) sirva para aprovechar la reputaci\u00f3n de la marca y prestigio de AUTO SEXI SL;<br \/>\n(IV) de cualquier otra forma resulte prohibido por la legislaci\u00f3n vigente.<\/p>\n<p>No se realizar\u00e1n desde la p\u00e1gina que introduce el enlace ning\u00fan tipo de manifestaci\u00f3n falsa, inexacta o incorrecta sobre AUTO SEXI SL, sus socios, empleados, clientes o sobre la calidad de los servicios que presta.<\/p>\n<p>En ning\u00fan caso, se expresar\u00e1 en la p\u00e1gina donde se ubique el enlace que AUTO SEXI SL ha prestado su consentimiento para la inserci\u00f3n del enlace o que de otra forma patrocina, colabora, verifica o supervisa los servicios del remitente.<\/p>\n<p>Est\u00e1 prohibida la utilizaci\u00f3n de cualquier marca denominativa, gr\u00e1fica o mixta o cualquier otro signo distintivo de AUTO SEXI SL dentro de la p\u00e1gina del remitente salvo en los casos permitidos por la ley o expresamente autorizados por AUTO SEXI SL y siempre que se permita, en estos casos, un enlace directo con el Sitio Web en la forma establecida en esta cl\u00e1usula.<\/p>\n<p>La p\u00e1gina que establezca el enlace deber\u00e1 cumplir fielmente con la ley y no podr\u00e1 en ning\u00fan caso disponer o enlazar con contenidos propios o de terceros que:<\/p>\n<p>(I) sean il\u00edcitos, nocivos o contrarios a la moral y a las buenas costumbres (pornogr\u00e1ficos, violentos, racistas, etc.);<br \/>\n(II) induzcan o puedan inducir en el Usuario la falsa concepci\u00f3n de que AUTO SEXI SL suscribe, respalda, se adhiere o de cualquier manera apoya, las ideas, manifestaciones o expresiones, l\u00edcitas o il\u00edcitas, del remitente;<br \/>\n(III) resulten inapropiados o no pertinentes con la actividad de AUTO SEXI SL en atenci\u00f3n al lugar, contenidos y tem\u00e1tica de la p\u00e1gina web del remitente.<\/p>\n<hr \/>\n<h3>4. Exclusi\u00f3n de responsabilidad<\/h3>\n<h4>4.1 De la Informaci\u00f3n<\/h4>\n<p>El acceso al Sitio Web no implica la obligaci\u00f3n por parte de AUTO SEXI SL de comprobar la veracidad, exactitud, adecuaci\u00f3n, idoneidad, exhaustividad y actualidad de la informaci\u00f3n suministrada a trav\u00e9s del mismo. Los contenidos de esta p\u00e1gina son de car\u00e1cter general y no constituyen, en modo alguno, la prestaci\u00f3n de un servicio de asesoramiento legal o de ning\u00fan tipo, por lo que dicha informaci\u00f3n resulta insuficiente para la toma de decisiones personales o empresariales por parte del Usuario.<\/p>\n<p>AUTO SEXI SL no se responsabiliza de las decisiones tomadas a partir de la informaci\u00f3n suministrada en el Sitio Web ni de los da\u00f1os y perjuicios producidos en el Usuario o terceros con motivo de actuaciones que tengan como \u00fanico fundamento la informaci\u00f3n obtenida en el Sitio Web.<\/p>\n<h4>4.2 De la calidad del servicio<\/h4>\n<p>El acceso al Sitio Web no implica la obligaci\u00f3n por parte de AUTO SEXI SL de controlar la ausencia de virus, gusanos o cualquier otro elemento inform\u00e1tico da\u00f1ino. Corresponde al Usuario, en todo caso, la disponibilidad de herramientas adecuadas para la detecci\u00f3n y desinfecci\u00f3n de programas inform\u00e1ticos da\u00f1inos.<\/p>\n<p>AUTO SEXI SL no se responsabiliza de los da\u00f1os producidos en los equipos inform\u00e1ticos de los Usuarios o de terceros durante la prestaci\u00f3n del servicio del Sitio Web.<\/p>\n<h4>4.3 De la disponibilidad del Servicio<\/h4>\n<p>El acceso al Sitio Web requiere de servicios y suministros de terceros, incluidos el transporte a trav\u00e9s de redes de telecomunicaciones cuya fiabilidad, calidad, continuidad y funcionamiento no corresponde a AUTO SEXI SL. Por consiguiente, los servicios prove\u00eddos a trav\u00e9s del Sitio Web pueden ser suspendidos, cancelados o resultar inaccesibles, con car\u00e1cter previo o simult\u00e1neo a la prestaci\u00f3n del servicio del Sitio Web.<\/p>\n<p>AUTO SEXI SL no se responsabiliza de los da\u00f1os o perjuicios de cualquier tipo producidos en el Usuario que traigan causa de fallos o desconexiones en las redes de telecomunicaciones que produzcan la suspensi\u00f3n, cancelaci\u00f3n o interrupci\u00f3n del servicio del Sitio Web durante la prestaci\u00f3n del mismo o con car\u00e1cter previo.<\/p>\n<h4>4.4 De los contenidos y servicios enlazados a trav\u00e9s del Sitio Web<\/h4>\n<p>El servicio de acceso al Sitio Web incluye dispositivos t\u00e9cnicos de enlace, directorios e incluso instrumentos de b\u00fasqueda que permiten al Usuario acceder a otras p\u00e1ginas y Sitio Webs de Internet (en adelante, &#8220;Sitios Enlazados&#8221;). En estos casos AUTO SEXI SL act\u00faa como prestador de servicios de intermediaci\u00f3n de conformidad con el art\u00edculo 17 de la Ley 34\/2002, de 12 de julio, de Servicios de la Sociedad de la Informaci\u00f3n y el Comercio Electr\u00f3nico (LSSI) y s\u00f3lo ser\u00e1 responsable de los contenidos y servicios suministrados en los Sitios Enlazados en la medida en que tenga conocimiento efectivo de la ilicitud y no haya desactivado el enlace con la diligencia debida.<\/p>\n<p>En el supuesto de que el Usuario considere que existe un Sitio Enlazado con contenidos il\u00edcitos o inadecuados podr\u00e1 comunic\u00e1rselo a AUTO SEXI SL de acuerdo con el procedimiento y los efectos establecidos en la cl\u00e1usula 6, sin que en ning\u00fan caso esta comunicaci\u00f3n conlleve la obligaci\u00f3n de retirar el correspondiente enlace.<\/p>\n<p>En ning\u00fan caso, la existencia de Sitios Enlazados debe presuponer la existencia de acuerdos con los responsables o titulares de los mismos, ni la recomendaci\u00f3n, promoci\u00f3n o identificaci\u00f3n de AUTO SEXI SL con las manifestaciones, contenidos o servicios prove\u00eddos.<\/p>\n<p>AUTO SEXI SL no conoce los contenidos y servicios de los Sitios Enlazados y por tanto no se hace responsable por los da\u00f1os producidos por la ilicitud, calidad, desactualizaci\u00f3n, indisponibilidad, error e inutilidad de los contenidos y\/o servicios de los Sitios Enlazados ni por cualquier otro da\u00f1o que no sea directamente imputable a AUTO SEXI SL.<\/p>\n<hr \/>\n<h3>5. Protecci\u00f3n de datos<\/h3>\n<h4>INFORMACI\u00d3N PROTECCI\u00d3N DE DATOS<\/h4>\n<ul>\n<li><strong>Responsable<\/strong>: AUTO SEXI SL con CIF B18513572<\/li>\n<li><strong>Direcci\u00f3n<\/strong>: A.P. 202, 18690, Almu\u00f1ecar (Granada)<\/li>\n<li><strong>Finalidad<\/strong>: Gesti\u00f3n de contactos y usuarios, as\u00ed como solicitudes de informaci\u00f3n recibidas por la web.<\/li>\n<li><strong>Base jur\u00eddica<\/strong>: Consentimiento del interesado. Inter\u00e9s Leg\u00edtimo.<\/li>\n<li><strong>Plazo de conservaci\u00f3n<\/strong>: Se conservar\u00e1n durante el tiempo necesario para cumplir con la finalidad para la que se recabaron y para determinar las posibles responsabilidades que se pudieran derivar de dicha finalidad y del tratamiento de los datos. Ser\u00e1 de aplicaci\u00f3n lo dispuesto en la normativa de archivos y documentaci\u00f3n.<\/li>\n<li><strong>Destinatarios<\/strong>: No se ceder\u00e1n datos a terceros, excepto para el cumplimiento de las obligaciones legales.<\/li>\n<li><strong>Transferencias Internacionales<\/strong>: No se realizar\u00e1n transferencias internacionales de datos.<\/li>\n<li><strong>Derechos:<\/strong>\n<ul>\n<li>Acceso (Qu\u00e9 informaci\u00f3n disponemos)<\/li>\n<li>Rectificaci\u00f3n (Modificaci\u00f3n de los datos que almacenamos)<\/li>\n<li>Supresi\u00f3n (Eliminaci\u00f3n de los datos)<\/li>\n<li>Portabilidad (Traslado a otro tercero de los datos)<\/li>\n<li>Oposici\u00f3n al tratamiento (Negaci\u00f3n a alg\u00fan tratamiento en concreto)<\/li>\n<li>Limitaci\u00f3n del tratamiento (Condicionamiento de alg\u00fan tratamiento en concreto)<\/li>\n<li>Para ejercitar cualquier derecho, debe dirigirse al responsable con copia de su NIF.<\/li>\n<\/ul>\n<\/li>\n<li><strong>Reclamaci\u00f3n: <\/strong>Puede presentar una reclamaci\u00f3n dirigida a la AGPD, mediante la <a href=\"https:\/\/sedeaepd.gob.es\/sede-electronica-web\/\">sede electr\u00f3nica de la Autoridad<\/a> \u00a0o por medios no electr\u00f3nicos.<\/li>\n<\/ul>\n<hr \/>\n<h3>6. Comunicaci\u00f3n de actividades de car\u00e1cter il\u00edcito e inadecuado<\/h3>\n<p>En el caso de que el Usuario o cualquier otro usuario de Internet tuvieran conocimiento de que los Sitios Enlazados remiten a p\u00e1ginas cuyos contenidos o servicios son il\u00edcitos, nocivos, denigrantes, violentos o contrarios a la moral podr\u00e1 ponerse en contacto con AUTO SEXI SL indicando los siguientes extremos:<\/p>\n<ul>\n<li>Datos personales del comunicante: nombre, direcci\u00f3n, n\u00famero de tel\u00e9fono y direcci\u00f3n de correo electr\u00f3nico.<\/li>\n<li>Descripci\u00f3n de los hechos que revelan el car\u00e1cter il\u00edcito o inadecuado del Sitio Enlazado.<\/li>\n<li>En el supuesto de violaci\u00f3n de derechos, tales como propiedad intelectual e industrial, los datos personales del titular del derecho infringido cuando sea persona distinta del comunicante.<\/li>\n<li>Asimismo deber\u00e1 aportar el t\u00edtulo que acredite la legitimaci\u00f3n del titular de los derechos y, en su caso, el de representaci\u00f3n para actuar por cuenta del titular cuando sea persona distinta del comunicante.<\/li>\n<li>Declaraci\u00f3n expresa de que la informaci\u00f3n contenida en la reclamaci\u00f3n es exacta.<\/li>\n<\/ul>\n<p>La recepci\u00f3n por parte de AUTO SEXI SL de la comunicaci\u00f3n prevista en esta cl\u00e1usula no supondr\u00e1, seg\u00fan lo dispuesto en la LSSI, el conocimiento efectivo de las actividades y\/o contenidos indicados por el comunicante.<\/p>\n<hr \/>\n<h3>7. Notificaciones<\/h3>\n<p>Todas las notificaciones y comunicaciones realizadas por las partes ser\u00e1n v\u00e1lidas de conformidad con los medios admitidos en Derecho. Las relativas al presente Sitio Web se considerar\u00e1n eficaces, a todos los efectos, si se realizan a trav\u00e9s del propio Sitio Web.<\/p>\n<hr \/>\n<h3>8. Modificaciones<\/h3>\n<p>AUTO SEXI SL se reserva el derecho de efectuar sin previo aviso las modificaciones que considere oportunas en su web, pudiendo cambiar, suprimir o a\u00f1adir tanto los contenidos y servicios que se presten a trav\u00e9s de la misma como la forma en la que \u00e9stos aparezcan presentados. Por otro lado, los presentes t\u00e9rminos y condiciones podr\u00e1n cambiar en cualquier momento. Las modificaciones entrar\u00e1n en vigor desde el momento de su publicaci\u00f3n.<\/p>\n<hr \/>\n<h3>9. Legislaci\u00f3n<\/h3>\n<p>El presente Aviso Legal se rige en todos y cada uno de sus extremos por la ley espa\u00f1ola. Siempre y cuando la Ley aplicable permita la renuncia al fuero legal establecido, se designa como fuero para dirimir posibles disputas, los juzgados de Granada, renunciando expresamente el usuario a cualquier otro fuero que pudiera corresponder.<\/p>\n<hr \/>\n<p>&nbsp;<\/p>\n<p>[\/vc_column_text][\/vc_column][\/vc_row]<\/p>\n","protected":false},"excerpt":{"rendered":"<p>[vc_row][vc_column][vc_empty_space height=&#8221;42px&#8221;][vc_empty_space height=&#8221;42px&#8221;][vc_column_text] 1. Informaci\u00f3n legal y aceptaci\u00f3n Le informamos que, en virtud del cumplimiento del art\u00edculo 10 de la Ley 34\/2002, de 11 de julio, de Servicios de la Sociedad de la Informaci\u00f3n y Comercio Electr\u00f3nico (LSSICE), los datos identificativos de la empresa responsable de este sitio web son: Raz\u00f3n Social: AUTO SEXI SL&#8230;<\/p>\n","protected":false},"author":3,"featured_media":0,"parent":0,"menu_order":0,"comment_status":"closed","ping_status":"closed","template":"","meta":{"footnotes":""},"class_list":["post-162790","page","type-page","status-publish","hentry"],"yoast_head":"<!-- This site is optimized with the Yoast SEO Premium plugin v27.3 (Yoast SEO v27.3) - https:\/\/yoast.com\/product\/yoast-seo-premium-wordpress\/ -->\n<title>Aviso Legal - Bahia Sexi Rent a Car<\/title>\n<meta name=\"robots\" content=\"index, follow, max-snippet:-1, max-image-preview:large, max-video-preview:-1\" \/>\n<link rel=\"canonical\" href=\"https:\/\/bahiasexirentacar.com\/es\/aviso-legal\/\" \/>\n<meta property=\"og:locale\" content=\"es_ES\" \/>\n<meta property=\"og:type\" content=\"article\" \/>\n<meta property=\"og:title\" content=\"Aviso Legal\" \/>\n<meta property=\"og:description\" content=\"[vc_row][vc_column][vc_empty_space height=&#8221;42px&#8221;][vc_empty_space height=&#8221;42px&#8221;][vc_column_text] 1. Informaci\u00f3n legal y aceptaci\u00f3n Le informamos que, en virtud del cumplimiento del art\u00edculo 10 de la Ley 34\/2002, de 11 de julio, de Servicios de la Sociedad de la Informaci\u00f3n y Comercio Electr\u00f3nico (LSSICE), los datos identificativos de la empresa responsable de este sitio web son: Raz\u00f3n Social: AUTO SEXI SL...\" \/>\n<meta property=\"og:url\" content=\"https:\/\/bahiasexirentacar.com\/es\/aviso-legal\/\" \/>\n<meta property=\"og:site_name\" content=\"Bahia Sexi Rent a Car\" \/>\n<meta property=\"article:publisher\" content=\"https:\/\/www.facebook.com\/bahiasexi\" \/>\n<meta property=\"article:modified_time\" content=\"2025-08-20T15:10:06+00:00\" \/>\n<meta name=\"twitter:card\" content=\"summary_large_image\" \/>\n<meta name=\"twitter:label1\" content=\"Tiempo de lectura\" \/>\n\t<meta name=\"twitter:data1\" content=\"12 minutos\" \/>\n<script type=\"application\/ld+json\" class=\"yoast-schema-graph\">{\"@context\":\"https:\\\/\\\/schema.org\",\"@graph\":[{\"@type\":\"WebPage\",\"@id\":\"https:\\\/\\\/bahiasexirentacar.com\\\/es\\\/aviso-legal\\\/\",\"url\":\"https:\\\/\\\/bahiasexirentacar.com\\\/es\\\/aviso-legal\\\/\",\"name\":\"Aviso Legal - Bahia Sexi Rent a Car\",\"isPartOf\":{\"@id\":\"https:\\\/\\\/bahiasexirentacar.com\\\/es\\\/#website\"},\"datePublished\":\"2022-06-28T16:56:42+00:00\",\"dateModified\":\"2025-08-20T15:10:06+00:00\",\"breadcrumb\":{\"@id\":\"https:\\\/\\\/bahiasexirentacar.com\\\/es\\\/aviso-legal\\\/#breadcrumb\"},\"inLanguage\":\"es\",\"potentialAction\":[{\"@type\":\"ReadAction\",\"target\":[\"https:\\\/\\\/bahiasexirentacar.com\\\/es\\\/aviso-legal\\\/\"]}]},{\"@type\":\"BreadcrumbList\",\"@id\":\"https:\\\/\\\/bahiasexirentacar.com\\\/es\\\/aviso-legal\\\/#breadcrumb\",\"itemListElement\":[{\"@type\":\"ListItem\",\"position\":1,\"name\":\"Home\",\"item\":\"https:\\\/\\\/bahiasexirentacar.com\\\/es\\\/\"},{\"@type\":\"ListItem\",\"position\":2,\"name\":\"Aviso Legal\"}]},{\"@type\":\"WebSite\",\"@id\":\"https:\\\/\\\/bahiasexirentacar.com\\\/es\\\/#website\",\"url\":\"https:\\\/\\\/bahiasexirentacar.com\\\/es\\\/\",\"name\":\"Bahia Sexi Rent a Car\",\"description\":\"Car rental at Malaga Airport\",\"publisher\":{\"@id\":\"https:\\\/\\\/bahiasexirentacar.com\\\/es\\\/#organization\"},\"potentialAction\":[{\"@type\":\"SearchAction\",\"target\":{\"@type\":\"EntryPoint\",\"urlTemplate\":\"https:\\\/\\\/bahiasexirentacar.com\\\/es\\\/?s={search_term_string}\"},\"query-input\":{\"@type\":\"PropertyValueSpecification\",\"valueRequired\":true,\"valueName\":\"search_term_string\"}}],\"inLanguage\":\"es\"},{\"@type\":\"Organization\",\"@id\":\"https:\\\/\\\/bahiasexirentacar.com\\\/es\\\/#organization\",\"name\":\"Bahia Sexi Rent a Car\",\"url\":\"https:\\\/\\\/bahiasexirentacar.com\\\/es\\\/\",\"logo\":{\"@type\":\"ImageObject\",\"inLanguage\":\"es\",\"@id\":\"https:\\\/\\\/bahiasexirentacar.com\\\/es\\\/#\\\/schema\\\/logo\\\/image\\\/\",\"url\":\"https:\\\/\\\/bahiasexirentacar.com\\\/wp-content\\\/uploads\\\/2024\\\/11\\\/cropped-Icono-sitio-web.jpg\",\"contentUrl\":\"https:\\\/\\\/bahiasexirentacar.com\\\/wp-content\\\/uploads\\\/2024\\\/11\\\/cropped-Icono-sitio-web.jpg\",\"width\":512,\"height\":512,\"caption\":\"Bahia Sexi Rent a Car\"},\"image\":{\"@id\":\"https:\\\/\\\/bahiasexirentacar.com\\\/es\\\/#\\\/schema\\\/logo\\\/image\\\/\"},\"sameAs\":[\"https:\\\/\\\/www.facebook.com\\\/bahiasexi\"]}]}<\/script>\n<!-- \/ Yoast SEO Premium plugin. -->","yoast_head_json":{"title":"Aviso Legal - Bahia Sexi Rent a Car","robots":{"index":"index","follow":"follow","max-snippet":"max-snippet:-1","max-image-preview":"max-image-preview:large","max-video-preview":"max-video-preview:-1"},"canonical":"https:\/\/bahiasexirentacar.com\/es\/aviso-legal\/","og_locale":"es_ES","og_type":"article","og_title":"Aviso Legal","og_description":"[vc_row][vc_column][vc_empty_space height=&#8221;42px&#8221;][vc_empty_space height=&#8221;42px&#8221;][vc_column_text] 1. Informaci\u00f3n legal y aceptaci\u00f3n Le informamos que, en virtud del cumplimiento del art\u00edculo 10 de la Ley 34\/2002, de 11 de julio, de Servicios de la Sociedad de la Informaci\u00f3n y Comercio Electr\u00f3nico (LSSICE), los datos identificativos de la empresa responsable de este sitio web son: Raz\u00f3n Social: AUTO SEXI SL...","og_url":"https:\/\/bahiasexirentacar.com\/es\/aviso-legal\/","og_site_name":"Bahia Sexi Rent a Car","article_publisher":"https:\/\/www.facebook.com\/bahiasexi","article_modified_time":"2025-08-20T15:10:06+00:00","twitter_card":"summary_large_image","twitter_misc":{"Tiempo de lectura":"12 minutos"},"schema":{"@context":"https:\/\/schema.org","@graph":[{"@type":"WebPage","@id":"https:\/\/bahiasexirentacar.com\/es\/aviso-legal\/","url":"https:\/\/bahiasexirentacar.com\/es\/aviso-legal\/","name":"Aviso Legal - Bahia Sexi Rent a Car","isPartOf":{"@id":"https:\/\/bahiasexirentacar.com\/es\/#website"},"datePublished":"2022-06-28T16:56:42+00:00","dateModified":"2025-08-20T15:10:06+00:00","breadcrumb":{"@id":"https:\/\/bahiasexirentacar.com\/es\/aviso-legal\/#breadcrumb"},"inLanguage":"es","potentialAction":[{"@type":"ReadAction","target":["https:\/\/bahiasexirentacar.com\/es\/aviso-legal\/"]}]},{"@type":"BreadcrumbList","@id":"https:\/\/bahiasexirentacar.com\/es\/aviso-legal\/#breadcrumb","itemListElement":[{"@type":"ListItem","position":1,"name":"Home","item":"https:\/\/bahiasexirentacar.com\/es\/"},{"@type":"ListItem","position":2,"name":"Aviso Legal"}]},{"@type":"WebSite","@id":"https:\/\/bahiasexirentacar.com\/es\/#website","url":"https:\/\/bahiasexirentacar.com\/es\/","name":"Bahia Sexi Rent a Car","description":"Car rental at Malaga Airport","publisher":{"@id":"https:\/\/bahiasexirentacar.com\/es\/#organization"},"potentialAction":[{"@type":"SearchAction","target":{"@type":"EntryPoint","urlTemplate":"https:\/\/bahiasexirentacar.com\/es\/?s={search_term_string}"},"query-input":{"@type":"PropertyValueSpecification","valueRequired":true,"valueName":"search_term_string"}}],"inLanguage":"es"},{"@type":"Organization","@id":"https:\/\/bahiasexirentacar.com\/es\/#organization","name":"Bahia Sexi Rent a Car","url":"https:\/\/bahiasexirentacar.com\/es\/","logo":{"@type":"ImageObject","inLanguage":"es","@id":"https:\/\/bahiasexirentacar.com\/es\/#\/schema\/logo\/image\/","url":"https:\/\/bahiasexirentacar.com\/wp-content\/uploads\/2024\/11\/cropped-Icono-sitio-web.jpg","contentUrl":"https:\/\/bahiasexirentacar.com\/wp-content\/uploads\/2024\/11\/cropped-Icono-sitio-web.jpg","width":512,"height":512,"caption":"Bahia Sexi Rent a Car"},"image":{"@id":"https:\/\/bahiasexirentacar.com\/es\/#\/schema\/logo\/image\/"},"sameAs":["https:\/\/www.facebook.com\/bahiasexi"]}]}},"_links":{"self":[{"href":"https:\/\/bahiasexirentacar.com\/es\/wp-json\/wp\/v2\/pages\/162790","targetHints":{"allow":["GET"]}}],"collection":[{"href":"https:\/\/bahiasexirentacar.com\/es\/wp-json\/wp\/v2\/pages"}],"about":[{"href":"https:\/\/bahiasexirentacar.com\/es\/wp-json\/wp\/v2\/types\/page"}],"author":[{"embeddable":true,"href":"https:\/\/bahiasexirentacar.com\/es\/wp-json\/wp\/v2\/users\/3"}],"replies":[{"embeddable":true,"href":"https:\/\/bahiasexirentacar.com\/es\/wp-json\/wp\/v2\/comments?post=162790"}],"version-history":[{"count":5,"href":"https:\/\/bahiasexirentacar.com\/es\/wp-json\/wp\/v2\/pages\/162790\/revisions"}],"predecessor-version":[{"id":1954110,"href":"https:\/\/bahiasexirentacar.com\/es\/wp-json\/wp\/v2\/pages\/162790\/revisions\/1954110"}],"wp:attachment":[{"href":"https:\/\/bahiasexirentacar.com\/es\/wp-json\/wp\/v2\/media?parent=162790"}],"curies":[{"name":"wp","href":"https:\/\/api.w.org\/{rel}","templated":true}]}}