{"id":2085141,"date":"2025-11-11T11:41:13","date_gmt":"2025-11-11T11:41:13","guid":{"rendered":"https:\/\/bahiasexirentacar.com\/?page_id=2085141"},"modified":"2026-03-09T17:12:33","modified_gmt":"2026-03-09T17:12:33","slug":"hotels-campings","status":"publish","type":"page","link":"https:\/\/bahiasexirentacar.com\/fr\/hotels-campings\/","title":{"rendered":"H\u00f4tels et campings"},"content":{"rendered":"<p>[vc_row][vc_column][vc_column_text]<\/p>\n<h1 class=\"servicios-title\">Service de livraison de v\u00e9hicules dans les h\u00f4tels et campings<\/h1>\n<p>Profitez de votre voiture <strong>quand et o\u00f9 vous en avez besoin<\/strong>. Gr\u00e2ce \u00e0 notre <strong>service de livraison \u00e0 votre h\u00e9bergement (h\u00f4tel, camping ou point de rencontre)<\/strong>, vous aurez votre v\u00e9hicule pr\u00eat \u00e0 <strong>Malaga et Grenade<\/strong>, <strong>au meilleur prix<\/strong> et <strong>sans files d\u2019attente ni transferts<\/strong>. Explorez la c\u00f4te andalouse \u00e0 votre rythme d\u00e8s la premi\u00e8re minute.<\/p>\n<p>Comment \u00e7a marche\u00a0?<\/p>\n<ol>\n<li><strong>Choisissez votre localit\u00e9.<\/strong><\/li>\n<li><strong>Indiquez-nous la date et l\u2019heure.<\/strong><\/li>\n<li><strong>Nous livrons la voiture \u00e0 la r\u00e9ception<\/strong> (ou au point de rencontre convenu) et vous commencez votre voyage. Au retour, <strong>vous la laissez \u00e0 la r\u00e9ception ou au point de rencontre, et c\u2019est tout<\/strong>.<\/li>\n<\/ol>\n<section class=\"destacadas\" aria-labelledby=\"titulo-destacadas\">\n<h2 id=\"titulo-destacadas\" class=\"servicios-title\">Destinations phares<\/h2>\n<div class=\"grid-cards\" role=\"list\">\n<article class=\"card-destino\" role=\"listitem\">\n<figure class=\"card-media\"><img decoding=\"async\" src=\"https:\/\/bahiasexirentacar.com\/wp-content\/uploads\/2025\/06\/nerja-portada-2.jpg\" alt=\"Livraison de voitures \u00e0 Nerja \u2013 Bahia Sexi\" width=\"1080\" height=\"1920\" \/><\/figure>\n<h3>Nerja<\/h3>\n<p><a class=\"btn-detalles\" href=\"https:\/\/bahiasexirentacar.com\/fr\/louer-une-voiture-nerja\/\" target=\"_blank\" rel=\"noopener\" aria-label=\"Voir les d\u00e9tails \u2014 Nerja\">D\u00e9tails<\/a><\/p>\n<\/article>\n<article class=\"card-destino\" role=\"listitem\">\n<figure class=\"card-media\"><img decoding=\"async\" src=\"https:\/\/bahiasexirentacar.com\/wp-content\/uploads\/2025\/07\/playa-almu.webp\" alt=\"Livraison de voitures \u00e0 Almu\u00f1\u00e9car \u2013 Bahia Sexi\" width=\"1080\" height=\"1920\" \/><\/figure>\n<h3>Almu\u00f1\u00e9car<\/h3>\n<p><a class=\"btn-detalles\" href=\"https:\/\/bahiasexirentacar.com\/fr\/location-de-voitures-almunecar\/\" target=\"_blank\" rel=\"noopener\" aria-label=\"Voir les d\u00e9tails \u2014 Almu\u00f1\u00e9car\">D\u00e9tails<\/a><\/p>\n<\/article>\n<article class=\"card-destino\" role=\"listitem\">\n<figure class=\"card-media\"><img decoding=\"async\" src=\"https:\/\/bahiasexirentacar.com\/wp-content\/uploads\/2025\/11\/faro-e1762336257241.webp\" alt=\"Livraison de voitures \u00e0 Torrox \u2013 Bahia Sexi\" width=\"1080\" height=\"1920\" \/><\/figure>\n<h3>Torrox<\/h3>\n<p><a class=\"btn-detalles\" href=\"https:\/\/bahiasexirentacar.com\/fr\/location-voiture-torrox\/\" target=\"_blank\" rel=\"noopener\" aria-label=\"Voir les d\u00e9tails \u2014 Torrox\">D\u00e9tails<\/a><\/p>\n<\/article>\n<article class=\"card-destino\" role=\"listitem\">\n<figure class=\"card-media\"><img decoding=\"async\" src=\"https:\/\/bahiasexirentacar.com\/wp-content\/uploads\/2025\/06\/iglesia-motril-1.webp\" alt=\"Livraison de voitures \u00e0 Motril \u2013 Bahia Sexi\" width=\"1080\" height=\"1920\" \/><\/figure>\n<h3>Motril<\/h3>\n<p><a class=\"btn-detalles\" href=\"https:\/\/bahiasexirentacar.com\/fr\/location-de-voiture-a-motril\/\" target=\"_blank\" rel=\"noopener\" aria-label=\"Voir les d\u00e9tails \u2014 Motril\">D\u00e9tails<\/a><\/p>\n<\/article>\n<\/div>\n<\/section>\n<section id=\"ubicaciones\" class=\"listado\" aria-labelledby=\"titulo-todas\">\n<h2 id=\"titulo-todas\" class=\"servicios-title\">Choisissez votre localit\u00e9<\/h2>\n<p class=\"intro-ubicaciones\">Service de livraison en <strong>h\u00f4tel<\/strong> et <strong>camping<\/strong>\u00a0; <strong>point de rencontre<\/strong> lorsque c\u2019est indiqu\u00e9.<\/p>\n<div id=\"prov-malaga\" class=\"bloque-provincia\" data-provincia=\"malaga\">\n<h3>M\u00e1laga<\/h3>\n<div class=\"grid-cards\" role=\"list\">\n<article class=\"card-destino\" role=\"listitem\">\n<figure class=\"card-media\"><img decoding=\"async\" src=\"https:\/\/bahiasexirentacar.com\/wp-content\/uploads\/2025\/06\/nerja-portada-2.jpg\" alt=\"Livraison de voitures \u00e0 Nerja \u2013 Bahia Sexi\" width=\"1080\" height=\"1080\" \/><\/figure>\n<h4>Nerja<\/h4>\n<p class=\"tipos\">H\u00f4tel \u00b7 Camping \u00b7 Point de rencontre<\/p>\n<p><a class=\"btn-detalles\" href=\"https:\/\/bahiasexirentacar.com\/fr\/louer-une-voiture-nerja\/\" target=\"_blank\" rel=\"noopener\" aria-label=\"Voir les d\u00e9tails \u2014 Nerja\">D\u00e9tails<\/a><\/p>\n<\/article>\n<article class=\"card-destino\" role=\"listitem\">\n<figure class=\"card-media\"><img decoding=\"async\" src=\"https:\/\/bahiasexirentacar.com\/wp-content\/uploads\/2025\/11\/faro-e1762336257241.webp\" alt=\"Livraison de voitures \u00e0 Torrox \u2013 Bahia Sexi\" width=\"1080\" height=\"1080\" \/><\/figure>\n<h4>Torrox<\/h4>\n<p class=\"tipos\">H\u00f4tel \u00b7 Camping<\/p>\n<p><a class=\"btn-detalles\" href=\"https:\/\/bahiasexirentacar.com\/fr\/location-voiture-torrox\/\" target=\"_blank\" rel=\"noopener\" aria-label=\"Voir les d\u00e9tails \u2014 Torrox\">D\u00e9tails<\/a><\/p>\n<\/article>\n<article class=\"card-destino\" role=\"listitem\">\n<figure class=\"card-media\"><img decoding=\"async\" src=\"https:\/\/bahiasexirentacar.com\/wp-content\/uploads\/2025\/07\/frigiliana.webp\" alt=\"Livraison de voitures \u00e0 Frigiliana \u2013 Bahia Sexi\" width=\"1080\" height=\"1080\" \/><\/figure>\n<h4>Frigiliana<\/h4>\n<p class=\"tipos\">H\u00f4tel \u00b7 Camping<\/p>\n<p><a class=\"btn-detalles\" href=\"https:\/\/bahiasexirentacar.com\/fr\/louer-une-voiture-a-frigiliana\/\" target=\"_blank\" rel=\"noopener\" aria-label=\"Voir les d\u00e9tails \u2014 Frigiliana\">D\u00e9tails<\/a><\/p>\n<\/article>\n<article class=\"card-destino\" role=\"listitem\">\n<figure class=\"card-media\"><img decoding=\"async\" src=\"https:\/\/bahiasexirentacar.com\/wp-content\/uploads\/2025\/07\/torre-del-mar-atardecer-nublado.jpg\" alt=\"Livraison de voitures \u00e0 Torre del Mar \u2013 Bahia Sexi\" width=\"1080\" height=\"1080\" \/><\/figure>\n<h4>Torre del Mar<\/h4>\n<p class=\"tipos\">H\u00f4tel \u00b7 Camping<\/p>\n<p><a class=\"btn-detalles\" href=\"https:\/\/bahiasexirentacar.com\/fr\/louer-une-voiture-a-torre-del-mar\/\" target=\"_blank\" rel=\"noopener\" aria-label=\"Voir les d\u00e9tails \u2014 Torre del Mar\">D\u00e9tails<\/a><\/p>\n<\/article>\n<article class=\"card-destino\" role=\"listitem\">\n<figure class=\"card-media\"><img decoding=\"async\" src=\"https:\/\/bahiasexirentacar.com\/wp-content\/uploads\/2025\/11\/almayate.webp\" alt=\"Livraison de voitures \u00e0 Almayate \u2013 Bahia Sexi\" width=\"1080\" height=\"1080\" \/><\/figure>\n<h4>Almayate<\/h4>\n<p class=\"tipos\">H\u00f4tel \u00b7 Camping<\/p>\n<p><a class=\"btn-detalles\" href=\"https:\/\/bahiasexirentacar.com\/fr\/location-voiture-almayate\/\" target=\"_blank\" rel=\"noopener\" aria-label=\"Voir les d\u00e9tails \u2014 Almayate\">D\u00e9tails<\/a><\/p>\n<\/article>\n<article class=\"card-destino\" role=\"listitem\">\n<figure class=\"card-media\"><img decoding=\"async\" src=\"https:\/\/bahiasexirentacar.com\/wp-content\/uploads\/2025\/11\/rincon-de-la-victoria-scaled.jpg\" alt=\"Livraison de voitures \u00e0 Rinc\u00f3n de la Victoria \u2013 Bahia Sexi\" width=\"1080\" height=\"1080\" \/><\/figure>\n<h4>Rinc\u00f3n de la Victoria<\/h4>\n<p class=\"tipos\">H\u00f4tel \u00b7 Camping<\/p>\n<p><a class=\"btn-detalles\" href=\"https:\/\/bahiasexirentacar.com\/fr\/location-voiture-rincon-de-la-victoria\/\" target=\"_blank\" rel=\"noopener\" aria-label=\"Voir les d\u00e9tails \u2014 Rinc\u00f3n de la Victoria\">D\u00e9tails<\/a><\/p>\n<\/article>\n<article class=\"card-destino\" role=\"listitem\">\n<figure class=\"card-media\"><img decoding=\"async\" src=\"https:\/\/bahiasexirentacar.com\/wp-content\/uploads\/2025\/09\/parque-de-la-bateria.jpg\" alt=\"Livraison de voitures \u00e0 Torremolinos \u2013 Bahia Sexi\" width=\"1080\" height=\"1080\" \/><\/figure>\n<h4>Torremolinos<\/h4>\n<p class=\"tipos\">H\u00f4tel \u00b7 Camping<\/p>\n<p><a class=\"btn-detalles\" href=\"https:\/\/bahiasexirentacar.com\/fr\/location-de-voitures-torremolinos\/\" target=\"_blank\" rel=\"noopener\" aria-label=\"Voir les d\u00e9tails \u2014 Torremolinos\">D\u00e9tails<\/a><\/p>\n<\/article>\n<article class=\"card-destino\" role=\"listitem\">\n<figure class=\"card-media\"><img decoding=\"async\" src=\"https:\/\/bahiasexirentacar.com\/wp-content\/uploads\/2025\/11\/benalmadena.webp\" alt=\"Livraison de voitures \u00e0 Benalm\u00e1dena \u2013 Bahia Sexi\" width=\"1080\" height=\"1080\" \/><\/figure>\n<h4>Benalm\u00e1dena<\/h4>\n<p class=\"tipos\">H\u00f4tel \u00b7 Camping<\/p>\n<p><a class=\"btn-detalles\" href=\"https:\/\/bahiasexirentacar.com\/fr\/louer-une-voiture-benalmadena\/\" target=\"_blank\" rel=\"noopener\" aria-label=\"Voir les d\u00e9tails \u2014 Benalm\u00e1dena\">D\u00e9tails<\/a><\/p>\n<\/article>\n<article class=\"card-destino\" role=\"listitem\">\n<figure class=\"card-media\"><img decoding=\"async\" src=\"https:\/\/bahiasexirentacar.com\/wp-content\/uploads\/2025\/11\/mijas-costa.webp\" alt=\"Livraison de voitures \u00e0 Mijas Costa \u2013 Bahia Sexi\" width=\"1080\" height=\"1080\" \/><\/figure>\n<h4>Mijas Costa<\/h4>\n<p class=\"tipos\">H\u00f4tel \u00b7 Camping<\/p>\n<p><a class=\"btn-detalles\" href=\"https:\/\/bahiasexirentacar.com\/fr\/location-voiture-mijas-costa\/\" target=\"_blank\" rel=\"noopener\" aria-label=\"Voir les d\u00e9tails \u2014 Mijas Costa\">D\u00e9tails<\/a><\/p>\n<\/article>\n<\/div>\n<\/div>\n<div id=\"prov-granada\" class=\"bloque-provincia\" data-provincia=\"granada\">\n<h3>Granada<\/h3>\n<div class=\"grid-cards\" role=\"list\">\n<article class=\"card-destino\" role=\"listitem\">\n<figure class=\"card-media\"><img decoding=\"async\" src=\"https:\/\/bahiasexirentacar.com\/wp-content\/uploads\/2025\/07\/playa-almu.webp\" alt=\"Livraison de voitures \u00e0 Almu\u00f1\u00e9car \u2013 Bahia Sexi\" width=\"1080\" height=\"1080\" \/><\/figure>\n<h4>Almu\u00f1\u00e9car<\/h4>\n<p class=\"tipos\">H\u00f4tel \u00b7 Camping<\/p>\n<p><a class=\"btn-detalles\" href=\"https:\/\/bahiasexirentacar.com\/fr\/location-de-voitures-almunecar\/\" target=\"_blank\" rel=\"noopener\" aria-label=\"Voir les d\u00e9tails \u2014 Almu\u00f1\u00e9car\">D\u00e9tails<\/a><\/p>\n<\/article>\n<article class=\"card-destino\" role=\"listitem\">\n<figure class=\"card-media\"><img decoding=\"async\" src=\"https:\/\/bahiasexirentacar.com\/wp-content\/uploads\/2025\/07\/Atardecer-en-La-Herradura-scaled-e1753257717142.jpg\" alt=\"Livraison de voitures \u00e0 La Herradura \u2013 Bahia Sexi\" width=\"1080\" height=\"1080\" \/><\/figure>\n<h4>La Herradura<\/h4>\n<p class=\"tipos\">H\u00f4tel \u00b7 Camping \u00b7 Point de rencontre<\/p>\n<p><a class=\"btn-detalles\" href=\"https:\/\/bahiasexirentacar.com\/fr\/louer-une-voiture-la-herradura\/\" target=\"_blank\" rel=\"noopener\" aria-label=\"Voir les d\u00e9tails \u2014 La Herradura\">D\u00e9tails<\/a><\/p>\n<\/article>\n<article class=\"card-destino\" role=\"listitem\">\n<figure class=\"card-media\"><img decoding=\"async\" src=\"https:\/\/bahiasexirentacar.com\/wp-content\/uploads\/2023\/02\/Salobrena.webp\" alt=\"Livraison de voitures \u00e0 Salobre\u00f1a \u2013 Bahia Sexi\" width=\"1080\" height=\"1080\" \/><\/figure>\n<h4>Salobre\u00f1a<\/h4>\n<p class=\"tipos\">H\u00f4tel \u00b7 Camping<\/p>\n<p><a class=\"btn-detalles\" href=\"https:\/\/bahiasexirentacar.com\/fr\/louer-une-voiture-a-salobrena\/\" target=\"_blank\" rel=\"noopener\" aria-label=\"Voir les d\u00e9tails \u2014 Salobre\u00f1a\">D\u00e9tails<\/a><\/p>\n<\/article>\n<article class=\"card-destino\" role=\"listitem\">\n<figure class=\"card-media\"><img decoding=\"async\" src=\"https:\/\/bahiasexirentacar.com\/wp-content\/uploads\/2025\/06\/iglesia-motril-1.webp\" alt=\"Livraison de voitures \u00e0 Motril \u2013 Bahia Sexi\" width=\"1080\" height=\"1080\" \/><\/figure>\n<h4>Motril<\/h4>\n<p class=\"tipos\">H\u00f4tel \u00b7 Camping \u00b7 Point de rencontre<\/p>\n<p><a class=\"btn-detalles\" href=\"https:\/\/bahiasexirentacar.com\/fr\/location-de-voiture-a-motril\/\" target=\"_blank\" rel=\"noopener\" aria-label=\"Voir les d\u00e9tails \u2014 Motril\">D\u00e9tails<\/a><\/p>\n<\/article>\n<article class=\"card-destino\" role=\"listitem\">\n<figure class=\"card-media\"><img decoding=\"async\" src=\"https:\/\/bahiasexirentacar.com\/wp-content\/uploads\/2025\/11\/Carchuna.jpg\" alt=\"Livraison de voitures \u00e0 Carchuna \u2013 Bahia Sexi\" width=\"1080\" height=\"1080\" \/><\/figure>\n<h4>Carchuna<\/h4>\n<p class=\"tipos\">H\u00f4tel \u00b7 Camping<\/p>\n<p><a class=\"btn-detalles\" href=\"https:\/\/bahiasexirentacar.com\/fr\/location-voiture-carchuna\/\" target=\"_blank\" rel=\"noopener\" aria-label=\"Voir les d\u00e9tails \u2014 Carchuna\">D\u00e9tails<\/a><\/p>\n<\/article>\n<article class=\"card-destino\" role=\"listitem\">\n<figure class=\"card-media\"><img decoding=\"async\" src=\"https:\/\/bahiasexirentacar.com\/wp-content\/uploads\/2025\/11\/castell-de-ferro.jpg\" alt=\"Livraison de voitures \u00e0 Castell de Ferro \u2013 Bahia Sexi\" width=\"1080\" height=\"1080\" \/><\/figure>\n<h4>Castell de Ferro<\/h4>\n<p class=\"tipos\">H\u00f4tel \u00b7 Camping<\/p>\n<p><a class=\"btn-detalles\" href=\"https:\/\/bahiasexirentacar.com\/fr\/location-voiture-castell-de-ferro\/\" target=\"_blank\" rel=\"noopener\" aria-label=\"Voir les d\u00e9tails \u2014 Castell de Ferro\">D\u00e9tails<\/a><\/p>\n<\/article>\n<article class=\"card-destino\" role=\"listitem\">\n<figure class=\"card-media\"><img decoding=\"async\" src=\"https:\/\/bahiasexirentacar.com\/wp-content\/uploads\/2025\/11\/orgiva.webp\" alt=\"Livraison de voitures \u00e0 \u00d3rgiva \u2013 Bahia Sexi\" width=\"1080\" height=\"1080\" \/><\/figure>\n<h4>\u00d3rgiva<\/h4>\n<p class=\"tipos\">H\u00f4tel \u00b7 Camping \u00b7 Point de rencontre<\/p>\n<p><a class=\"btn-detalles\" href=\"https:\/\/bahiasexirentacar.com\/fr\/louer-une-voiture-orgiva\/\" target=\"_blank\" rel=\"noopener\" aria-label=\"Voir les d\u00e9tails \u2014 \u00d3rgiva\">D\u00e9tails<\/a><\/p>\n<\/article>\n<\/div>\n<\/div>\n<\/section>\n<p>[\/vc_column_text][\/vc_column][\/vc_row][vc_row][vc_column][vc_empty_space][\/vc_column][\/vc_row]<\/p>\n","protected":false},"excerpt":{"rendered":"<p>[vc_row][vc_column][vc_column_text] Service de livraison de v\u00e9hicules dans les h\u00f4tels et campings Profitez de votre voiture quand et o\u00f9 vous en avez besoin. Gr\u00e2ce \u00e0 notre service de livraison \u00e0 votre h\u00e9bergement (h\u00f4tel, camping ou point de rencontre), vous aurez votre v\u00e9hicule pr\u00eat \u00e0 Malaga et Grenade, au meilleur prix et sans files d\u2019attente ni transferts&#8230;.<\/p>\n","protected":false},"author":10,"featured_media":0,"parent":0,"menu_order":0,"comment_status":"closed","ping_status":"closed","template":"","meta":{"footnotes":""},"class_list":["post-2085141","page","type-page","status-publish","hentry"],"yoast_head":"<!-- This site is optimized with the Yoast SEO Premium plugin v27.3 (Yoast SEO v27.3) - https:\/\/yoast.com\/product\/yoast-seo-premium-wordpress\/ -->\n<title>Service de livraison dans les h\u00f4tels et les campings | Bahia Sexi<\/title>\n<meta name=\"robots\" content=\"index, follow, max-snippet:-1, max-image-preview:large, max-video-preview:-1\" \/>\n<link rel=\"canonical\" href=\"https:\/\/bahiasexirentacar.com\/fr\/hotels-campings\/\" \/>\n<meta property=\"og:locale\" content=\"fr_FR\" \/>\n<meta property=\"og:type\" content=\"article\" \/>\n<meta property=\"og:title\" content=\"H\u00f4tels et campings\" \/>\n<meta property=\"og:description\" content=\"[vc_row][vc_column][vc_column_text] Service de livraison de v\u00e9hicules dans les h\u00f4tels et campings Profitez de votre voiture quand et o\u00f9 vous en avez besoin. Gr\u00e2ce \u00e0 notre service de livraison \u00e0 votre h\u00e9bergement (h\u00f4tel, camping ou point de rencontre), vous aurez votre v\u00e9hicule pr\u00eat \u00e0 Malaga et Grenade, au meilleur prix et sans files d\u2019attente ni transferts....\" \/>\n<meta property=\"og:url\" content=\"https:\/\/bahiasexirentacar.com\/fr\/hotels-campings\/\" \/>\n<meta property=\"og:site_name\" content=\"Bahia Sexi Rent a Car\" \/>\n<meta property=\"article:publisher\" content=\"https:\/\/www.facebook.com\/bahiasexi\" \/>\n<meta property=\"article:modified_time\" content=\"2026-03-09T17:12:33+00:00\" \/>\n<meta property=\"og:image\" content=\"https:\/\/bahiasexirentacar.com\/wp-content\/uploads\/2025\/06\/nerja-portada-2.jpg\" \/>\n<meta name=\"twitter:card\" content=\"summary_large_image\" \/>\n<meta name=\"twitter:label1\" content=\"Dur\u00e9e de lecture estim\u00e9e\" \/>\n\t<meta name=\"twitter:data1\" content=\"6 minutes\" \/>\n<script type=\"application\/ld+json\" class=\"yoast-schema-graph\">{\"@context\":\"https:\\\/\\\/schema.org\",\"@graph\":[{\"@type\":\"WebPage\",\"@id\":\"https:\\\/\\\/bahiasexirentacar.com\\\/fr\\\/hotels-campings\\\/\",\"url\":\"https:\\\/\\\/bahiasexirentacar.com\\\/fr\\\/hotels-campings\\\/\",\"name\":\"Service de livraison dans les h\u00f4tels et les campings | Bahia Sexi\",\"isPartOf\":{\"@id\":\"https:\\\/\\\/bahiasexirentacar.com\\\/fr\\\/#website\"},\"primaryImageOfPage\":{\"@id\":\"https:\\\/\\\/bahiasexirentacar.com\\\/fr\\\/hotels-campings\\\/#primaryimage\"},\"image\":{\"@id\":\"https:\\\/\\\/bahiasexirentacar.com\\\/fr\\\/hotels-campings\\\/#primaryimage\"},\"thumbnailUrl\":\"https:\\\/\\\/bahiasexirentacar.com\\\/wp-content\\\/uploads\\\/2025\\\/06\\\/nerja-portada-2.jpg\",\"datePublished\":\"2025-11-11T11:41:13+00:00\",\"dateModified\":\"2026-03-09T17:12:33+00:00\",\"breadcrumb\":{\"@id\":\"https:\\\/\\\/bahiasexirentacar.com\\\/fr\\\/hotels-campings\\\/#breadcrumb\"},\"inLanguage\":\"fr-FR\",\"potentialAction\":[{\"@type\":\"ReadAction\",\"target\":[\"https:\\\/\\\/bahiasexirentacar.com\\\/fr\\\/hotels-campings\\\/\"]}]},{\"@type\":\"ImageObject\",\"inLanguage\":\"fr-FR\",\"@id\":\"https:\\\/\\\/bahiasexirentacar.com\\\/fr\\\/hotels-campings\\\/#primaryimage\",\"url\":\"https:\\\/\\\/bahiasexirentacar.com\\\/wp-content\\\/uploads\\\/2025\\\/06\\\/nerja-portada-2.jpg\",\"contentUrl\":\"https:\\\/\\\/bahiasexirentacar.com\\\/wp-content\\\/uploads\\\/2025\\\/06\\\/nerja-portada-2.jpg\"},{\"@type\":\"BreadcrumbList\",\"@id\":\"https:\\\/\\\/bahiasexirentacar.com\\\/fr\\\/hotels-campings\\\/#breadcrumb\",\"itemListElement\":[{\"@type\":\"ListItem\",\"position\":1,\"name\":\"Home\",\"item\":\"https:\\\/\\\/bahiasexirentacar.com\\\/fr\\\/\"},{\"@type\":\"ListItem\",\"position\":2,\"name\":\"H\u00f4tels et campings\"}]},{\"@type\":\"WebSite\",\"@id\":\"https:\\\/\\\/bahiasexirentacar.com\\\/fr\\\/#website\",\"url\":\"https:\\\/\\\/bahiasexirentacar.com\\\/fr\\\/\",\"name\":\"Bahia Sexi Rent a Car\",\"description\":\"Car rental at Malaga Airport\",\"publisher\":{\"@id\":\"https:\\\/\\\/bahiasexirentacar.com\\\/fr\\\/#organization\"},\"potentialAction\":[{\"@type\":\"SearchAction\",\"target\":{\"@type\":\"EntryPoint\",\"urlTemplate\":\"https:\\\/\\\/bahiasexirentacar.com\\\/fr\\\/?s={search_term_string}\"},\"query-input\":{\"@type\":\"PropertyValueSpecification\",\"valueRequired\":true,\"valueName\":\"search_term_string\"}}],\"inLanguage\":\"fr-FR\"},{\"@type\":\"Organization\",\"@id\":\"https:\\\/\\\/bahiasexirentacar.com\\\/fr\\\/#organization\",\"name\":\"Bahia Sexi Rent a Car\",\"url\":\"https:\\\/\\\/bahiasexirentacar.com\\\/fr\\\/\",\"logo\":{\"@type\":\"ImageObject\",\"inLanguage\":\"fr-FR\",\"@id\":\"https:\\\/\\\/bahiasexirentacar.com\\\/fr\\\/#\\\/schema\\\/logo\\\/image\\\/\",\"url\":\"https:\\\/\\\/bahiasexirentacar.com\\\/wp-content\\\/uploads\\\/2024\\\/11\\\/cropped-Icono-sitio-web.jpg\",\"contentUrl\":\"https:\\\/\\\/bahiasexirentacar.com\\\/wp-content\\\/uploads\\\/2024\\\/11\\\/cropped-Icono-sitio-web.jpg\",\"width\":512,\"height\":512,\"caption\":\"Bahia Sexi Rent a Car\"},\"image\":{\"@id\":\"https:\\\/\\\/bahiasexirentacar.com\\\/fr\\\/#\\\/schema\\\/logo\\\/image\\\/\"},\"sameAs\":[\"https:\\\/\\\/www.facebook.com\\\/bahiasexi\"]}]}<\/script>\n<!-- \/ Yoast SEO Premium plugin. -->","yoast_head_json":{"title":"Service de livraison dans les h\u00f4tels et les campings | Bahia Sexi","robots":{"index":"index","follow":"follow","max-snippet":"max-snippet:-1","max-image-preview":"max-image-preview:large","max-video-preview":"max-video-preview:-1"},"canonical":"https:\/\/bahiasexirentacar.com\/fr\/hotels-campings\/","og_locale":"fr_FR","og_type":"article","og_title":"H\u00f4tels et campings","og_description":"[vc_row][vc_column][vc_column_text] Service de livraison de v\u00e9hicules dans les h\u00f4tels et campings Profitez de votre voiture quand et o\u00f9 vous en avez besoin. Gr\u00e2ce \u00e0 notre service de livraison \u00e0 votre h\u00e9bergement (h\u00f4tel, camping ou point de rencontre), vous aurez votre v\u00e9hicule pr\u00eat \u00e0 Malaga et Grenade, au meilleur prix et sans files d\u2019attente ni transferts....","og_url":"https:\/\/bahiasexirentacar.com\/fr\/hotels-campings\/","og_site_name":"Bahia Sexi Rent a Car","article_publisher":"https:\/\/www.facebook.com\/bahiasexi","article_modified_time":"2026-03-09T17:12:33+00:00","og_image":[{"url":"https:\/\/bahiasexirentacar.com\/wp-content\/uploads\/2025\/06\/nerja-portada-2.jpg","type":"","width":"","height":""}],"twitter_card":"summary_large_image","twitter_misc":{"Dur\u00e9e de lecture estim\u00e9e":"6 minutes"},"schema":{"@context":"https:\/\/schema.org","@graph":[{"@type":"WebPage","@id":"https:\/\/bahiasexirentacar.com\/fr\/hotels-campings\/","url":"https:\/\/bahiasexirentacar.com\/fr\/hotels-campings\/","name":"Service de livraison dans les h\u00f4tels et les campings | Bahia Sexi","isPartOf":{"@id":"https:\/\/bahiasexirentacar.com\/fr\/#website"},"primaryImageOfPage":{"@id":"https:\/\/bahiasexirentacar.com\/fr\/hotels-campings\/#primaryimage"},"image":{"@id":"https:\/\/bahiasexirentacar.com\/fr\/hotels-campings\/#primaryimage"},"thumbnailUrl":"https:\/\/bahiasexirentacar.com\/wp-content\/uploads\/2025\/06\/nerja-portada-2.jpg","datePublished":"2025-11-11T11:41:13+00:00","dateModified":"2026-03-09T17:12:33+00:00","breadcrumb":{"@id":"https:\/\/bahiasexirentacar.com\/fr\/hotels-campings\/#breadcrumb"},"inLanguage":"fr-FR","potentialAction":[{"@type":"ReadAction","target":["https:\/\/bahiasexirentacar.com\/fr\/hotels-campings\/"]}]},{"@type":"ImageObject","inLanguage":"fr-FR","@id":"https:\/\/bahiasexirentacar.com\/fr\/hotels-campings\/#primaryimage","url":"https:\/\/bahiasexirentacar.com\/wp-content\/uploads\/2025\/06\/nerja-portada-2.jpg","contentUrl":"https:\/\/bahiasexirentacar.com\/wp-content\/uploads\/2025\/06\/nerja-portada-2.jpg"},{"@type":"BreadcrumbList","@id":"https:\/\/bahiasexirentacar.com\/fr\/hotels-campings\/#breadcrumb","itemListElement":[{"@type":"ListItem","position":1,"name":"Home","item":"https:\/\/bahiasexirentacar.com\/fr\/"},{"@type":"ListItem","position":2,"name":"H\u00f4tels et campings"}]},{"@type":"WebSite","@id":"https:\/\/bahiasexirentacar.com\/fr\/#website","url":"https:\/\/bahiasexirentacar.com\/fr\/","name":"Bahia Sexi Rent a Car","description":"Car rental at Malaga Airport","publisher":{"@id":"https:\/\/bahiasexirentacar.com\/fr\/#organization"},"potentialAction":[{"@type":"SearchAction","target":{"@type":"EntryPoint","urlTemplate":"https:\/\/bahiasexirentacar.com\/fr\/?s={search_term_string}"},"query-input":{"@type":"PropertyValueSpecification","valueRequired":true,"valueName":"search_term_string"}}],"inLanguage":"fr-FR"},{"@type":"Organization","@id":"https:\/\/bahiasexirentacar.com\/fr\/#organization","name":"Bahia Sexi Rent a Car","url":"https:\/\/bahiasexirentacar.com\/fr\/","logo":{"@type":"ImageObject","inLanguage":"fr-FR","@id":"https:\/\/bahiasexirentacar.com\/fr\/#\/schema\/logo\/image\/","url":"https:\/\/bahiasexirentacar.com\/wp-content\/uploads\/2024\/11\/cropped-Icono-sitio-web.jpg","contentUrl":"https:\/\/bahiasexirentacar.com\/wp-content\/uploads\/2024\/11\/cropped-Icono-sitio-web.jpg","width":512,"height":512,"caption":"Bahia Sexi Rent a Car"},"image":{"@id":"https:\/\/bahiasexirentacar.com\/fr\/#\/schema\/logo\/image\/"},"sameAs":["https:\/\/www.facebook.com\/bahiasexi"]}]}},"_links":{"self":[{"href":"https:\/\/bahiasexirentacar.com\/fr\/wp-json\/wp\/v2\/pages\/2085141","targetHints":{"allow":["GET"]}}],"collection":[{"href":"https:\/\/bahiasexirentacar.com\/fr\/wp-json\/wp\/v2\/pages"}],"about":[{"href":"https:\/\/bahiasexirentacar.com\/fr\/wp-json\/wp\/v2\/types\/page"}],"author":[{"embeddable":true,"href":"https:\/\/bahiasexirentacar.com\/fr\/wp-json\/wp\/v2\/users\/10"}],"replies":[{"embeddable":true,"href":"https:\/\/bahiasexirentacar.com\/fr\/wp-json\/wp\/v2\/comments?post=2085141"}],"version-history":[{"count":6,"href":"https:\/\/bahiasexirentacar.com\/fr\/wp-json\/wp\/v2\/pages\/2085141\/revisions"}],"predecessor-version":[{"id":2239618,"href":"https:\/\/bahiasexirentacar.com\/fr\/wp-json\/wp\/v2\/pages\/2085141\/revisions\/2239618"}],"wp:attachment":[{"href":"https:\/\/bahiasexirentacar.com\/fr\/wp-json\/wp\/v2\/media?parent=2085141"}],"curies":[{"name":"wp","href":"https:\/\/api.w.org\/{rel}","templated":true}]}}