{"id":2119860,"date":"2025-12-03T11:59:39","date_gmt":"2025-12-03T11:59:39","guid":{"rendered":"https:\/\/bahiasexirentacar.com\/?page_id=2119860"},"modified":"2025-12-03T13:13:47","modified_gmt":"2025-12-03T13:13:47","slug":"location-de-voiture-de-longue-duree","status":"publish","type":"page","link":"https:\/\/bahiasexirentacar.com\/fr\/location-de-voiture-de-longue-duree\/","title":{"rendered":"Location de voiture de longue dur\u00e9e"},"content":{"rendered":"<p>[vc_row][vc_column][vc_column_text]<\/p>\n<h1>Location de voiture de longue dur\u00e9e<\/h1>\n<p>Remplissez le formulaire et nous vous enverrons un devis sous 24 \u00e0 72 heures.[\/vc_column_text][vc_raw_html]JTVCZmx1ZW50Zm9ybSUyMGlkJTNEJTIyMTUlMjIlNUQ=[\/vc_raw_html][vc_column_text]<\/p>\n<h2>Location de voiture de longue dur\u00e9e \u00e0 l\u2019a\u00e9roport de Malaga, sur la Costa del Sol et la Costa Tropical<\/h2>\n<p>Vous pr\u00e9voyez de passer l\u2019hiver dans le sud de l\u2019Espagne et vous avez besoin d\u2019une voiture pendant plusieurs semaines ou plusieurs mois\u00a0? Avec le service de <strong>location de voiture de longue dur\u00e9e<\/strong> de Bahia Sexi, vous pourrez profiter de Malaga, de la Costa del Sol et de la Costa Tropical en toute libert\u00e9, au meilleur prix et sans complications.<\/p>\n<p>Remplissez le <strong>formulaire ci-dessus<\/strong> et nous vous enverrons un devis personnalis\u00e9 pour votre s\u00e9jour d\u2019hiver en Espagne p\u00e9ninsulaire.<\/p>\n<h2>Con\u00e7u pour vous<\/h2>\n<p>Notre mod\u00e8le de <strong>location de voiture de longue dur\u00e9e<\/strong> est con\u00e7u pour tous ceux qui veulent fuir le froid et profiter du soleil andalou\u00a0:<\/p>\n<ul>\n<li>Les voyageurs d\u2019hiver qui passent plusieurs semaines \u00e0 <strong>Nerja, Almu\u00f1\u00e9car, Fuengirola, Torrox ou Malaga<\/strong>.<\/li>\n<li>Les retrait\u00e9s et \u00ab\u00a0snowbirds\u00a0\u00bb \u00e0 la recherche d\u2019une voiture confortable pour leur usage quotidien.<\/li>\n<li>Les nomades num\u00e9riques qui travaillent \u00e0 distance et ont besoin d\u2019une mobilit\u00e9 flexible.<\/li>\n<li>Les couples ou familles qui s\u00e9journent longtemps sur la Costa del Sol ou la Costa Tropical.<\/li>\n<\/ul>\n<p>Avec votre voiture de location, vous pourrez faire les courses, visiter les villages voisins, aller \u00e0 la plage, sortir d\u00eener ou partir en escapade le week-end vers des destinations comme <strong>Grenade, S\u00e9ville ou Cordoue<\/strong>, sans d\u00e9pendre des horaires des transports publics.<\/p>\n<h2>Principales zones de service<\/h2>\n<h3>A\u00e9roport de Malaga<\/h3>\n<p>La <strong>location de voiture de longue dur\u00e9e \u00e0 l\u2019a\u00e9roport de Malaga<\/strong> est l\u2019option la plus pratique si vous arrivez en avion. R\u00e9cup\u00e9rez votre voiture d\u00e8s l\u2019atterrissage et commencez votre hiver au soleil d\u00e8s la premi\u00e8re minute, sans transferts suppl\u00e9mentaires ni attentes. D\u2019ici, vous pouvez facilement rejoindre <strong>Nerja, Torrox, Fuengirola, Almu\u00f1\u00e9car<\/strong> et n\u2019importe quel point de l\u2019Espagne p\u00e9ninsulaire.<\/p>\n<h3>Costa del Sol\u00a0: location de voiture de longue dur\u00e9e dans ses principales stations<\/h3>\n<p>Nous proposons la <strong>location de voiture de longue dur\u00e9e sur la Costa del Sol<\/strong>, en nous concentrant sur les principaux p\u00f4les touristiques\u00a0:<\/p>\n<ul>\n<li><strong>Ville de Malaga<\/strong>\u00a0: parfaite comme base urbaine, combinant t\u00e9l\u00e9travail, loisirs et culture.<\/li>\n<li><strong>Torremolinos et Benalm\u00e1dena<\/strong>\u00a0: id\u00e9ales si vous recherchez une atmosph\u00e8re anim\u00e9e, des promenades en bord de mer et des services ouverts toute l\u2019ann\u00e9e.<\/li>\n<li><strong>Fuengirola et Mijas Costa<\/strong>\u00a0: des zones tr\u00e8s recherch\u00e9es pour la <strong>location de voiture de longue dur\u00e9e sur la Costa del Sol<\/strong>, avec tous les services \u00e0 proximit\u00e9 et de bonnes liaisons routi\u00e8res.<\/li>\n<li><strong>Marbella et Estepona<\/strong>\u00a0: si vous pr\u00e9f\u00e9rez un hiver plus haut de gamme, votre <strong>location de voiture de longue dur\u00e9e \u00e0 Marbella ou Estepona<\/strong> vous permettra de profiter des ports de plaisance, des restaurants et du golf.<\/li>\n<li><strong>Nerja et Torrox<\/strong> (Costa del Sol orientale)\u00a0: des destinations tr\u00e8s pris\u00e9es pour la <strong>location de voiture de longue dur\u00e9e \u00e0 Nerja et Torrox<\/strong>, avec un climat doux, de belles plages et une ambiance hivernale paisible.<\/li>\n<\/ul>\n<p>Depuis chacune de ces villes, vous pouvez facilement parcourir toute la c\u00f4te et pr\u00e9voir des excursions vers l\u2019int\u00e9rieur de l\u2019Andalousie.<\/p>\n<h3>Costa Tropical\u00a0: location de voiture de longue dur\u00e9e au bord de la mer<\/h3>\n<p>Nous proposons \u00e9galement la <strong>location de voiture de longue dur\u00e9e sur la Costa Tropical<\/strong>, une zone dot\u00e9e d\u2019un microclimat hivernal particuli\u00e8rement doux et tr\u00e8s appr\u00e9ci\u00e9e de ceux qui restent plusieurs semaines ou mois\u00a0:<\/p>\n<ul>\n<li><strong>Almu\u00f1\u00e9car et La Herradura<\/strong>\u00a0: deux destinations classiques pour la <strong>location de voiture de longue dur\u00e9e sur la Costa Tropical<\/strong>, avec de jolies criques, des promenades en bord de mer et tous les services n\u00e9cessaires pour les longs s\u00e9jours.<\/li>\n<li><strong>Salobre\u00f1a<\/strong>\u00a0: id\u00e9ale si vous souhaitez combiner plage et charme d\u2019une vieille ville blanche perch\u00e9e sur une colline.<\/li>\n<li><strong>Motril<\/strong>\u00a0: une option pratique pour la <strong>location de voiture de longue dur\u00e9e \u00e0 Motril<\/strong>, avec un bon acc\u00e8s routier et toutes les commodit\u00e9s d\u2019une ville moyenne.<\/li>\n<\/ul>\n<p>M\u00eame si nous nous concentrons sur ces zones, vous pouvez utiliser votre voiture de location dans toute <strong>l\u2019Espagne p\u00e9ninsulaire<\/strong>, en toute libert\u00e9.<\/p>\n<h2>Avantages de la location de voiture de longue dur\u00e9e avec Bahia Sexi<\/h2>\n<p>\u00c0 Bahia Sexi, nous combinons la convivialit\u00e9 d\u2019une entreprise locale avec de nombreuses ann\u00e9es d\u2019exp\u00e9rience dans le secteur de la location de voitures\u00a0:<\/p>\n<p><strong>Tarifs adapt\u00e9s aux longs s\u00e9jours<\/strong><br \/>\nPlus vous restez longtemps, plus nous optimisons le tarif pour vous. Vous ne payez que pour la p\u00e9riode dont vous avez r\u00e9ellement besoin.<\/p>\n<p><strong>Kilom\u00e9trage illimit\u00e9 en Espagne p\u00e9ninsulaire<\/strong><br \/>\nCirculez librement \u00e0 Malaga, sur la Costa del Sol, la Costa Tropical et dans le reste de la p\u00e9ninsule sans vous soucier des kilom\u00e8tres.<\/p>\n<p><strong>Retrait et restitution flexibles<\/strong><br \/>\nVous pouvez r\u00e9cup\u00e9rer votre voiture dans des lieux cl\u00e9s comme <strong>l\u2019a\u00e9roport de Malaga<\/strong> ou nos zones d\u2019op\u00e9ration habituelles, et organiser la restitution \u00e0 l\u2019endroit qui vous convient le mieux.<\/p>\n<p><strong>Large gamme de v\u00e9hicules pour chaque type de s\u00e9jour<\/strong><br \/>\nDes citadines faciles \u00e0 garer aux voitures familiales spacieuses, SUV ou monospaces de 7 \u00e0 9 places. Vous pouvez consulter l\u2019ensemble de notre flotte sur la page des v\u00e9hicules de Bahia Sexi.<\/p>\n<p><strong>Assistance 24\u00a0h\/24<\/strong><br \/>\nEn hiver comme \u00e0 tout moment de l\u2019ann\u00e9e, vous b\u00e9n\u00e9ficiez d\u2019une assistance t\u00e9l\u00e9phonique et d\u2019un v\u00e9hicule de remplacement si n\u00e9cessaire.<\/p>\n<p><strong>Pas de mauvaises surprises ni de frais cach\u00e9s<\/strong><br \/>\nNous vous envoyons un prix clair et fixe bas\u00e9 sur votre p\u00e9riode de location, afin que vous sachiez d\u00e8s le d\u00e9part combien vous allez payer.<\/p>\n<h2>La voiture id\u00e9ale pour votre hiver sur la c\u00f4te<\/h2>\n<p>Chaque s\u00e9jour est diff\u00e9rent, c\u2019est pourquoi nous vous aidons \u00e0 choisir la voiture qui vous convient le mieux\u00a0:<\/p>\n<ul>\n<li><strong>Citadines<\/strong>\u00a0: id\u00e9ales si vous vous d\u00e9placez principalement dans des zones comme Nerja, Torrox ou Fuengirola et que vous souhaitez une faible consommation et un stationnement facile.<\/li>\n<li><strong>Voitures familiales et SUV<\/strong>\u00a0: plus d\u2019espace pour les bagages, les grosses courses et davantage de confort sur les longs trajets \u00e0 travers la p\u00e9ninsule.<\/li>\n<li><strong>Bo\u00eetes automatiques<\/strong>\u00a0: parfaites si vous recherchez une conduite plus d\u00e9tendue en ville comme sur route.<\/li>\n<li><strong>Monospaces 6\u20139 places<\/strong>\u00a0: id\u00e9als pour les grandes familles ou les groupes d\u2019amis qui passent l\u2019hiver ensemble sur la c\u00f4te.<\/li>\n<\/ul>\n<p>Indiquez-nous dans le formulaire combien de personnes voyagent, la quantit\u00e9 de bagages et l\u2019usage que vous ferez de la voiture, et nous vous recommanderons la cat\u00e9gorie la plus adapt\u00e9e.<\/p>\n<h2>Conditions de location et paiement<\/h2>\n<p>Pour profiter de votre <strong>location de voiture de longue dur\u00e9e<\/strong> avec Bahia Sexi, vous devez simplement\u00a0:<\/p>\n<ul>\n<li>\u00catre \u00e2g\u00e9 de plus de <strong>21 ans<\/strong>.<\/li>\n<li>Avoir au moins <strong>1 an d\u2019exp\u00e9rience de conduite<\/strong>.<\/li>\n<li>Pr\u00e9senter un <strong>permis de conduire en cours de validit\u00e9<\/strong>, une <strong>carte d\u2019identit\u00e9 ou un passeport<\/strong> et une <strong>carte de cr\u00e9dit<\/strong>.<\/li>\n<\/ul>\n<p>Si vous remplissez ces conditions, vous pouvez payer facilement par <strong>carte (Visa ou Mastercard)<\/strong> et, dans de nombreux cas, \u00e9galement en esp\u00e8ces selon les conditions en vigueur.<\/p>\n<h2>Questions fr\u00e9quentes sur la location de voiture de longue dur\u00e9e<\/h2>\n<p><strong>Comment r\u00e9server ma voiture de location de longue dur\u00e9e\u00a0?<\/strong><br \/>\nC\u2019est tr\u00e8s simple\u00a0: remplissez le formulaire, recevez votre devis personnalis\u00e9, confirmez la r\u00e9servation et r\u00e9cup\u00e9rez la voiture \u00e0 l\u2019endroit convenu (par exemple, l\u2019a\u00e9roport de Malaga).<\/p>\n<p><strong>Qu\u2019est-ce qui est consid\u00e9r\u00e9 comme une location de voiture de longue dur\u00e9e\u00a0?<\/strong><br \/>\nToute location de voiture de 30 jours ou plus.<\/p>\n<p><strong>Quelle est la dur\u00e9e minimale et maximale\u00a0?<\/strong><br \/>\nLa dur\u00e9e minimale est de 30 jours et la dur\u00e9e maximale est de 6 mois par contrat.<\/p>\n<p><strong>O\u00f9 puis-je conduire la voiture\u00a0?<\/strong><br \/>\nLa voiture peut \u00eatre conduite en Espagne p\u00e9ninsulaire. Il n\u2019est pas permis de voyager vers les \u00eeles, Ceuta, Melilla ou d\u2019autres pays.<\/p>\n<p><strong>Comment les mois r\u00e9serv\u00e9s influencent-ils le prix\u00a0?<\/strong><br \/>\nPlus vous r\u00e9servez de mois dans un seul contrat, plus le prix moyen mensuel est bas.<\/p>\n<p><strong>Est-il moins cher de r\u00e9server plusieurs mois d\u2019un coup que de prolonger ensuite\u00a0?<\/strong><br \/>\nOui. Par exemple, 3 mois r\u00e9serv\u00e9s en une seule fois sont moins chers qu\u20191 mois plus une prolongation d\u2019un mois, plus une autre prolongation.<\/p>\n<p><strong>Puis-je commencer par un mois puis prolonger au m\u00eame tarif\u00a0?<\/strong><br \/>\nVous pouvez prolonger, mais les prolongations sont factur\u00e9es selon les conditions en vigueur au moment de la demande.<\/p>\n<p><strong>Quand doit-on payer la location de longue dur\u00e9e\u00a0?<\/strong><br \/>\nLe co\u00fbt total de la p\u00e9riode r\u00e9serv\u00e9e est pay\u00e9 lors de la remise du v\u00e9hicule. Si vous r\u00e9servez 3 mois, vous payez les 3 mois en une seule fois.<\/p>\n<p><strong>Le montant est-il rembours\u00e9 si je rends la voiture plus t\u00f4t\u00a0?<\/strong><br \/>\nAucun remboursement n\u2019est effectu\u00e9. Toute somme non utilis\u00e9e est conserv\u00e9e comme cr\u00e9dit en votre faveur pour de futures locations.<\/p>\n<p><strong>Qui est responsable de l\u2019entretien du v\u00e9hicule\u00a0?<\/strong><br \/>\nNous nous chargeons de l\u2019entretien et nous vous contacterons si vous devez amener la voiture dans nos installations. Le client doit \u00e9galement nous informer si le v\u00e9hicule affiche un voyant ou des signes indiquant qu\u2019un contr\u00f4le est n\u00e9cessaire.<\/p>\n<p><strong>De quels documents ai-je besoin\u00a0?<\/strong><br \/>\nD\u2019un permis de conduire en cours de validit\u00e9, d\u2019une carte d\u2019identit\u00e9 ou d\u2019un passeport et d\u2019une carte de cr\u00e9dit, ainsi que du respect des conditions d\u2019\u00e2ge et d\u2019exp\u00e9rience de conduite.<\/p>\n<p><strong>Le kilom\u00e9trage est-il limit\u00e9\u00a0?<\/strong><br \/>\nNon. La location de voiture de longue dur\u00e9e comprend un kilom\u00e9trage illimit\u00e9 en Espagne p\u00e9ninsulaire.<\/p>\n<p><strong>Puis-je ajouter des conducteurs suppl\u00e9mentaires\u00a0?<\/strong><br \/>\nOui, \u00e0 condition qu\u2019ils remplissent les m\u00eames conditions d\u2019\u00e2ge et de permis de conduire. Des frais suppl\u00e9mentaires peuvent s\u2019appliquer.<\/p>\n<p><strong>Que dois-je faire en cas de panne ou d\u2019accident\u00a0?<\/strong><br \/>\nVous devez appeler le num\u00e9ro d\u2019assistance indiqu\u00e9 dans votre contrat et suivre les instructions pour recevoir de l\u2019aide et, le cas \u00e9ch\u00e9ant, un v\u00e9hicule de remplacement.[\/vc_column_text][vc_empty_space][\/vc_column][\/vc_row]<\/p>\n","protected":false},"excerpt":{"rendered":"<p>[vc_row][vc_column][vc_column_text] Location de voiture de longue dur\u00e9e Remplissez le formulaire et nous vous enverrons un devis sous 24 \u00e0 72 heures.[\/vc_column_text][vc_raw_html]JTVCZmx1ZW50Zm9ybSUyMGlkJTNEJTIyMTUlMjIlNUQ=[\/vc_raw_html][vc_column_text] Location de voiture de longue dur\u00e9e \u00e0 l\u2019a\u00e9roport de Malaga, sur la Costa del Sol et la Costa Tropical Vous pr\u00e9voyez de passer l\u2019hiver dans le sud de l\u2019Espagne et vous avez besoin d\u2019une&#8230;<\/p>\n","protected":false},"author":10,"featured_media":0,"parent":0,"menu_order":0,"comment_status":"closed","ping_status":"closed","template":"","meta":{"footnotes":""},"class_list":["post-2119860","page","type-page","status-publish","hentry"],"yoast_head":"<!-- This site is optimized with the Yoast SEO Premium plugin v27.3 (Yoast SEO v27.3) - https:\/\/yoast.com\/product\/yoast-seo-premium-wordpress\/ -->\n<title>Location de voiture de longue dur\u00e9e | Bahia Sexi Rent a Car<\/title>\n<meta name=\"description\" content=\"Location de voiture de longue dur\u00e9e \u00e0 M\u00e1laga, sur la Costa del Sol et la Costa Tropical. Prix ajust\u00e9s, kilom\u00e9trage illimit\u00e9 et service local proche.\" \/>\n<meta name=\"robots\" content=\"index, follow, max-snippet:-1, max-image-preview:large, max-video-preview:-1\" \/>\n<link rel=\"canonical\" href=\"https:\/\/bahiasexirentacar.com\/fr\/location-de-voiture-de-longue-duree\/\" \/>\n<meta property=\"og:locale\" content=\"fr_FR\" \/>\n<meta property=\"og:type\" content=\"article\" \/>\n<meta property=\"og:title\" content=\"Location de voiture de longue dur\u00e9e\" \/>\n<meta property=\"og:description\" content=\"Location de voiture de longue dur\u00e9e \u00e0 M\u00e1laga, sur la Costa del Sol et la Costa Tropical. Prix ajust\u00e9s, kilom\u00e9trage illimit\u00e9 et service local proche.\" \/>\n<meta property=\"og:url\" content=\"https:\/\/bahiasexirentacar.com\/fr\/location-de-voiture-de-longue-duree\/\" \/>\n<meta property=\"og:site_name\" content=\"Bahia Sexi Rent a Car\" \/>\n<meta property=\"article:publisher\" content=\"https:\/\/www.facebook.com\/bahiasexi\" \/>\n<meta property=\"article:modified_time\" content=\"2025-12-03T13:13:47+00:00\" \/>\n<meta name=\"twitter:card\" content=\"summary_large_image\" \/>\n<meta name=\"twitter:label1\" content=\"Dur\u00e9e de lecture estim\u00e9e\" \/>\n\t<meta name=\"twitter:data1\" content=\"7 minutes\" \/>\n<script type=\"application\/ld+json\" class=\"yoast-schema-graph\">{\"@context\":\"https:\\\/\\\/schema.org\",\"@graph\":[{\"@type\":\"WebPage\",\"@id\":\"https:\\\/\\\/bahiasexirentacar.com\\\/fr\\\/location-de-voiture-de-longue-duree\\\/\",\"url\":\"https:\\\/\\\/bahiasexirentacar.com\\\/fr\\\/location-de-voiture-de-longue-duree\\\/\",\"name\":\"Location de voiture de longue dur\u00e9e | Bahia Sexi Rent a Car\",\"isPartOf\":{\"@id\":\"https:\\\/\\\/bahiasexirentacar.com\\\/fr\\\/#website\"},\"datePublished\":\"2025-12-03T11:59:39+00:00\",\"dateModified\":\"2025-12-03T13:13:47+00:00\",\"description\":\"Location de voiture de longue dur\u00e9e \u00e0 M\u00e1laga, sur la Costa del Sol et la Costa Tropical. Prix ajust\u00e9s, kilom\u00e9trage illimit\u00e9 et service local proche.\",\"breadcrumb\":{\"@id\":\"https:\\\/\\\/bahiasexirentacar.com\\\/fr\\\/location-de-voiture-de-longue-duree\\\/#breadcrumb\"},\"inLanguage\":\"fr-FR\",\"potentialAction\":[{\"@type\":\"ReadAction\",\"target\":[\"https:\\\/\\\/bahiasexirentacar.com\\\/fr\\\/location-de-voiture-de-longue-duree\\\/\"]}]},{\"@type\":\"BreadcrumbList\",\"@id\":\"https:\\\/\\\/bahiasexirentacar.com\\\/fr\\\/location-de-voiture-de-longue-duree\\\/#breadcrumb\",\"itemListElement\":[{\"@type\":\"ListItem\",\"position\":1,\"name\":\"Home\",\"item\":\"https:\\\/\\\/bahiasexirentacar.com\\\/fr\\\/\"},{\"@type\":\"ListItem\",\"position\":2,\"name\":\"Location de voiture de longue dur\u00e9e\"}]},{\"@type\":\"WebSite\",\"@id\":\"https:\\\/\\\/bahiasexirentacar.com\\\/fr\\\/#website\",\"url\":\"https:\\\/\\\/bahiasexirentacar.com\\\/fr\\\/\",\"name\":\"Bahia Sexi Rent a Car\",\"description\":\"Car rental at Malaga Airport\",\"publisher\":{\"@id\":\"https:\\\/\\\/bahiasexirentacar.com\\\/fr\\\/#organization\"},\"potentialAction\":[{\"@type\":\"SearchAction\",\"target\":{\"@type\":\"EntryPoint\",\"urlTemplate\":\"https:\\\/\\\/bahiasexirentacar.com\\\/fr\\\/?s={search_term_string}\"},\"query-input\":{\"@type\":\"PropertyValueSpecification\",\"valueRequired\":true,\"valueName\":\"search_term_string\"}}],\"inLanguage\":\"fr-FR\"},{\"@type\":\"Organization\",\"@id\":\"https:\\\/\\\/bahiasexirentacar.com\\\/fr\\\/#organization\",\"name\":\"Bahia Sexi Rent a Car\",\"url\":\"https:\\\/\\\/bahiasexirentacar.com\\\/fr\\\/\",\"logo\":{\"@type\":\"ImageObject\",\"inLanguage\":\"fr-FR\",\"@id\":\"https:\\\/\\\/bahiasexirentacar.com\\\/fr\\\/#\\\/schema\\\/logo\\\/image\\\/\",\"url\":\"https:\\\/\\\/bahiasexirentacar.com\\\/wp-content\\\/uploads\\\/2024\\\/11\\\/cropped-Icono-sitio-web.jpg\",\"contentUrl\":\"https:\\\/\\\/bahiasexirentacar.com\\\/wp-content\\\/uploads\\\/2024\\\/11\\\/cropped-Icono-sitio-web.jpg\",\"width\":512,\"height\":512,\"caption\":\"Bahia Sexi Rent a Car\"},\"image\":{\"@id\":\"https:\\\/\\\/bahiasexirentacar.com\\\/fr\\\/#\\\/schema\\\/logo\\\/image\\\/\"},\"sameAs\":[\"https:\\\/\\\/www.facebook.com\\\/bahiasexi\"]}]}<\/script>\n<!-- \/ Yoast SEO Premium plugin. -->","yoast_head_json":{"title":"Location de voiture de longue dur\u00e9e | Bahia Sexi Rent a Car","description":"Location de voiture de longue dur\u00e9e \u00e0 M\u00e1laga, sur la Costa del Sol et la Costa Tropical. Prix ajust\u00e9s, kilom\u00e9trage illimit\u00e9 et service local proche.","robots":{"index":"index","follow":"follow","max-snippet":"max-snippet:-1","max-image-preview":"max-image-preview:large","max-video-preview":"max-video-preview:-1"},"canonical":"https:\/\/bahiasexirentacar.com\/fr\/location-de-voiture-de-longue-duree\/","og_locale":"fr_FR","og_type":"article","og_title":"Location de voiture de longue dur\u00e9e","og_description":"Location de voiture de longue dur\u00e9e \u00e0 M\u00e1laga, sur la Costa del Sol et la Costa Tropical. Prix ajust\u00e9s, kilom\u00e9trage illimit\u00e9 et service local proche.","og_url":"https:\/\/bahiasexirentacar.com\/fr\/location-de-voiture-de-longue-duree\/","og_site_name":"Bahia Sexi Rent a Car","article_publisher":"https:\/\/www.facebook.com\/bahiasexi","article_modified_time":"2025-12-03T13:13:47+00:00","twitter_card":"summary_large_image","twitter_misc":{"Dur\u00e9e de lecture estim\u00e9e":"7 minutes"},"schema":{"@context":"https:\/\/schema.org","@graph":[{"@type":"WebPage","@id":"https:\/\/bahiasexirentacar.com\/fr\/location-de-voiture-de-longue-duree\/","url":"https:\/\/bahiasexirentacar.com\/fr\/location-de-voiture-de-longue-duree\/","name":"Location de voiture de longue dur\u00e9e | Bahia Sexi Rent a Car","isPartOf":{"@id":"https:\/\/bahiasexirentacar.com\/fr\/#website"},"datePublished":"2025-12-03T11:59:39+00:00","dateModified":"2025-12-03T13:13:47+00:00","description":"Location de voiture de longue dur\u00e9e \u00e0 M\u00e1laga, sur la Costa del Sol et la Costa Tropical. Prix ajust\u00e9s, kilom\u00e9trage illimit\u00e9 et service local proche.","breadcrumb":{"@id":"https:\/\/bahiasexirentacar.com\/fr\/location-de-voiture-de-longue-duree\/#breadcrumb"},"inLanguage":"fr-FR","potentialAction":[{"@type":"ReadAction","target":["https:\/\/bahiasexirentacar.com\/fr\/location-de-voiture-de-longue-duree\/"]}]},{"@type":"BreadcrumbList","@id":"https:\/\/bahiasexirentacar.com\/fr\/location-de-voiture-de-longue-duree\/#breadcrumb","itemListElement":[{"@type":"ListItem","position":1,"name":"Home","item":"https:\/\/bahiasexirentacar.com\/fr\/"},{"@type":"ListItem","position":2,"name":"Location de voiture de longue dur\u00e9e"}]},{"@type":"WebSite","@id":"https:\/\/bahiasexirentacar.com\/fr\/#website","url":"https:\/\/bahiasexirentacar.com\/fr\/","name":"Bahia Sexi Rent a Car","description":"Car rental at Malaga Airport","publisher":{"@id":"https:\/\/bahiasexirentacar.com\/fr\/#organization"},"potentialAction":[{"@type":"SearchAction","target":{"@type":"EntryPoint","urlTemplate":"https:\/\/bahiasexirentacar.com\/fr\/?s={search_term_string}"},"query-input":{"@type":"PropertyValueSpecification","valueRequired":true,"valueName":"search_term_string"}}],"inLanguage":"fr-FR"},{"@type":"Organization","@id":"https:\/\/bahiasexirentacar.com\/fr\/#organization","name":"Bahia Sexi Rent a Car","url":"https:\/\/bahiasexirentacar.com\/fr\/","logo":{"@type":"ImageObject","inLanguage":"fr-FR","@id":"https:\/\/bahiasexirentacar.com\/fr\/#\/schema\/logo\/image\/","url":"https:\/\/bahiasexirentacar.com\/wp-content\/uploads\/2024\/11\/cropped-Icono-sitio-web.jpg","contentUrl":"https:\/\/bahiasexirentacar.com\/wp-content\/uploads\/2024\/11\/cropped-Icono-sitio-web.jpg","width":512,"height":512,"caption":"Bahia Sexi Rent a Car"},"image":{"@id":"https:\/\/bahiasexirentacar.com\/fr\/#\/schema\/logo\/image\/"},"sameAs":["https:\/\/www.facebook.com\/bahiasexi"]}]}},"_links":{"self":[{"href":"https:\/\/bahiasexirentacar.com\/fr\/wp-json\/wp\/v2\/pages\/2119860","targetHints":{"allow":["GET"]}}],"collection":[{"href":"https:\/\/bahiasexirentacar.com\/fr\/wp-json\/wp\/v2\/pages"}],"about":[{"href":"https:\/\/bahiasexirentacar.com\/fr\/wp-json\/wp\/v2\/types\/page"}],"author":[{"embeddable":true,"href":"https:\/\/bahiasexirentacar.com\/fr\/wp-json\/wp\/v2\/users\/10"}],"replies":[{"embeddable":true,"href":"https:\/\/bahiasexirentacar.com\/fr\/wp-json\/wp\/v2\/comments?post=2119860"}],"version-history":[{"count":2,"href":"https:\/\/bahiasexirentacar.com\/fr\/wp-json\/wp\/v2\/pages\/2119860\/revisions"}],"predecessor-version":[{"id":2119879,"href":"https:\/\/bahiasexirentacar.com\/fr\/wp-json\/wp\/v2\/pages\/2119860\/revisions\/2119879"}],"wp:attachment":[{"href":"https:\/\/bahiasexirentacar.com\/fr\/wp-json\/wp\/v2\/media?parent=2119860"}],"curies":[{"name":"wp","href":"https:\/\/api.w.org\/{rel}","templated":true}]}}