{"id":2085180,"date":"2025-11-11T12:12:21","date_gmt":"2025-11-11T12:12:21","guid":{"rendered":"https:\/\/bahiasexirentacar.com\/?page_id=2085180"},"modified":"2026-03-10T09:01:07","modified_gmt":"2026-03-10T09:01:07","slug":"hotele-i-kempingi","status":"publish","type":"page","link":"https:\/\/bahiasexirentacar.com\/pl\/hotele-i-kempingi\/","title":{"rendered":"Hotele i kempingi"},"content":{"rendered":"<p>[vc_row][vc_column][vc_column_text]<\/p>\n<h1 class=\"servicios-title\">Us\u0142uga dostawy samochod\u00f3w do hoteli i kemping\u00f3w<\/h1>\n<p>Korzystaj z samochodu <strong>dok\u0142adnie wtedy i tam, gdzie go potrzebujesz<\/strong>. Dzi\u0119ki naszej <strong>us\u0142udze dostawy pod Twoje zakwaterowanie (hotel, kemping lub ustalone miejsce spotkania)<\/strong> auto b\u0119dzie czeka\u0142o na Ciebie w <strong>Maladze i Granadzie<\/strong>, <strong>w najlepszej cenie<\/strong> i <strong>bez kolejek ani transfer\u00f3w<\/strong>. Odkrywaj wybrze\u017ce Andaluzji we w\u0142asnym tempie od pierwszej minuty.<\/p>\n<p>Jak to dzia\u0142a?<\/p>\n<ol>\n<li><strong>Wybierz miejscowo\u015b\u0107.<\/strong><\/li>\n<li><strong>Podaj nam dat\u0119 i godzin\u0119.<\/strong><\/li>\n<li><strong>Dostarczymy samoch\u00f3d do recepcji<\/strong> (lub w ustalone miejsce spotkania), a Ty rozpoczynasz podr\u00f3\u017c. Po powrocie <strong>zostawiasz auto w recepcji lub w miejscu spotkania i gotowe<\/strong>.<\/li>\n<\/ol>\n<section class=\"destacadas\" aria-labelledby=\"titulo-destacadas\">\n<h2 id=\"titulo-destacadas\" class=\"servicios-title\">Polecane lokalizacje<\/h2>\n<div class=\"grid-cards\" role=\"list\">\n<article class=\"card-destino\" role=\"listitem\">\n<figure class=\"card-media\"><img decoding=\"async\" src=\"https:\/\/bahiasexirentacar.com\/wp-content\/uploads\/2025\/06\/nerja-portada-2.jpg\" alt=\"Dostawa samochodu w Nerja \u2013 Bahia Sexi\" width=\"1080\" height=\"1920\" \/><\/figure>\n<h3>Nerja<\/h3>\n<p><a class=\"btn-detalles\" href=\"https:\/\/bahiasexirentacar.com\/pl\/wynajem-samochodu-nerja\/\" target=\"_blank\" rel=\"noopener\" aria-label=\"Zobacz szczeg\u00f3\u0142y \u2014 Nerja\">Szczeg\u00f3\u0142y<\/a><\/p>\n<\/article>\n<article class=\"card-destino\" role=\"listitem\">\n<figure class=\"card-media\"><img decoding=\"async\" src=\"https:\/\/bahiasexirentacar.com\/wp-content\/uploads\/2025\/07\/playa-almu.webp\" alt=\"Dostawa samochodu w Almu\u00f1\u00e9car \u2013 Bahia Sexi\" width=\"1080\" height=\"1920\" \/><\/figure>\n<h3>Almu\u00f1\u00e9car<\/h3>\n<p><a class=\"btn-detalles\" href=\"https:\/\/bahiasexirentacar.com\/pl\/wynajem-samochodu-w-almunecar\/\" target=\"_blank\" rel=\"noopener\" aria-label=\"Zobacz szczeg\u00f3\u0142y \u2014 Almu\u00f1\u00e9car\">Szczeg\u00f3\u0142y<\/a><\/p>\n<\/article>\n<article class=\"card-destino\" role=\"listitem\">\n<figure class=\"card-media\"><img decoding=\"async\" src=\"https:\/\/bahiasexirentacar.com\/wp-content\/uploads\/2025\/11\/faro-e1762336257241.webp\" alt=\"Dostawa samochodu w Torrox \u2013 Bahia Sexi\" width=\"1080\" height=\"1920\" \/><\/figure>\n<h3>Torrox<\/h3>\n<p><a class=\"btn-detalles\" href=\"https:\/\/bahiasexirentacar.com\/pl\/wynajem-samochodu-torrox\/\" target=\"_blank\" rel=\"noopener\" aria-label=\"Zobacz szczeg\u00f3\u0142y \u2014 Torrox\">Szczeg\u00f3\u0142y<\/a><\/p>\n<\/article>\n<article class=\"card-destino\" role=\"listitem\">\n<figure class=\"card-media\"><img decoding=\"async\" src=\"https:\/\/bahiasexirentacar.com\/wp-content\/uploads\/2025\/06\/iglesia-motril-1.webp\" alt=\"Dostawa samochodu w Motril \u2013 Bahia Sexi\" width=\"1080\" height=\"1920\" \/><\/figure>\n<h3>Motril<\/h3>\n<p><a class=\"btn-detalles\" href=\"https:\/\/bahiasexirentacar.com\/pl\/wynajem-samochodu-motril\/\" target=\"_blank\" rel=\"noopener\" aria-label=\"Zobacz szczeg\u00f3\u0142y \u2014 Motril\">Szczeg\u00f3\u0142y<\/a><\/p>\n<\/article>\n<\/div>\n<\/section>\n<section id=\"ubicaciones\" class=\"listado\" aria-labelledby=\"titulo-todas\">\n<h2 id=\"titulo-todas\" class=\"servicios-title\">Wybierz miejscowo\u015b\u0107<\/h2>\n<p class=\"intro-ubicaciones\">Us\u0142uga dostawy do <strong>hoteli<\/strong> i <strong>kemping\u00f3w<\/strong>; <strong>miejsce spotkania<\/strong> tam, gdzie jest to zaznaczone.<\/p>\n<div id=\"prov-malaga\" class=\"bloque-provincia\" data-provincia=\"malaga\">\n<h3>M\u00e1laga<\/h3>\n<div class=\"grid-cards\" role=\"list\">\n<article class=\"card-destino\" role=\"listitem\">\n<figure class=\"card-media\"><img decoding=\"async\" src=\"https:\/\/bahiasexirentacar.com\/wp-content\/uploads\/2025\/06\/nerja-portada-2.jpg\" alt=\"Dostawa samochodu w Nerja \u2013 Bahia Sexi\" width=\"1080\" height=\"1080\" \/><\/figure>\n<h4>Nerja<\/h4>\n<p class=\"tipos\">Hotel \u00b7 Kemping \u00b7 Miejsce spotkania<\/p>\n<p><a class=\"btn-detalles\" href=\"https:\/\/bahiasexirentacar.com\/pl\/wynajem-samochodu-nerja\/\" target=\"_blank\" rel=\"noopener\" aria-label=\"Zobacz szczeg\u00f3\u0142y \u2014 Nerja\">Szczeg\u00f3\u0142y<\/a><\/p>\n<\/article>\n<article class=\"card-destino\" role=\"listitem\">\n<figure class=\"card-media\"><img decoding=\"async\" src=\"https:\/\/bahiasexirentacar.com\/wp-content\/uploads\/2025\/11\/faro-e1762336257241.webp\" alt=\"Dostawa samochodu w Torrox \u2013 Bahia Sexi\" width=\"1080\" height=\"1080\" \/><\/figure>\n<h4>Torrox<\/h4>\n<p class=\"tipos\">Hotel \u00b7 Kemping<\/p>\n<p><a class=\"btn-detalles\" href=\"https:\/\/bahiasexirentacar.com\/pl\/wynajem-samochodu-torrox\/\" target=\"_blank\" rel=\"noopener\" aria-label=\"Zobacz szczeg\u00f3\u0142y \u2014 Torrox\">Szczeg\u00f3\u0142y<\/a><\/p>\n<\/article>\n<article class=\"card-destino\" role=\"listitem\">\n<figure class=\"card-media\"><img decoding=\"async\" src=\"https:\/\/bahiasexirentacar.com\/wp-content\/uploads\/2025\/07\/frigiliana.webp\" alt=\"Dostawa samochodu w Frigiliana \u2013 Bahia Sexi\" width=\"1080\" height=\"1080\" \/><\/figure>\n<h4>Frigiliana<\/h4>\n<p class=\"tipos\">Hotel \u00b7 Kemping<\/p>\n<p><a class=\"btn-detalles\" href=\"https:\/\/bahiasexirentacar.com\/pl\/wynajem-samochodu-w-frigiliana\/\" target=\"_blank\" rel=\"noopener\" aria-label=\"Zobacz szczeg\u00f3\u0142y \u2014 Frigiliana\">Szczeg\u00f3\u0142y<\/a><\/p>\n<\/article>\n<article class=\"card-destino\" role=\"listitem\">\n<figure class=\"card-media\"><img decoding=\"async\" src=\"https:\/\/bahiasexirentacar.com\/wp-content\/uploads\/2025\/07\/torre-del-mar-atardecer-nublado.jpg\" alt=\"Dostawa samochodu w Torre del Mar \u2013 Bahia Sexi\" width=\"1080\" height=\"1080\" \/><\/figure>\n<h4>Torre del Mar<\/h4>\n<p class=\"tipos\">Hotel \u00b7 Kemping<\/p>\n<p><a class=\"btn-detalles\" href=\"https:\/\/bahiasexirentacar.com\/pl\/wynajem-samochodu-w-torre-del-mar\/\" target=\"_blank\" rel=\"noopener\" aria-label=\"Zobacz szczeg\u00f3\u0142y \u2014 Torre del Mar\">Szczeg\u00f3\u0142y<\/a><\/p>\n<\/article>\n<article class=\"card-destino\" role=\"listitem\">\n<figure class=\"card-media\"><img decoding=\"async\" src=\"https:\/\/bahiasexirentacar.com\/wp-content\/uploads\/2025\/11\/almayate.webp\" alt=\"Dostawa samochodu w Almayate \u2013 Bahia Sexi\" width=\"1080\" height=\"1080\" \/><\/figure>\n<h4>Almayate<\/h4>\n<p class=\"tipos\">Hotel \u00b7 Kemping<\/p>\n<p><a class=\"btn-detalles\" href=\"https:\/\/bahiasexirentacar.com\/pl\/wynajem-samochodu-almayate\/\" target=\"_blank\" rel=\"noopener\" aria-label=\"Zobacz szczeg\u00f3\u0142y \u2014 Almayate\">Szczeg\u00f3\u0142y<\/a><\/p>\n<\/article>\n<article class=\"card-destino\" role=\"listitem\">\n<figure class=\"card-media\"><img decoding=\"async\" src=\"https:\/\/bahiasexirentacar.com\/wp-content\/uploads\/2025\/11\/rincon-de-la-victoria-scaled.jpg\" alt=\"Dostawa samochodu w Rinc\u00f3n de la Victoria \u2013 Bahia Sexi\" width=\"1080\" height=\"1080\" \/><\/figure>\n<h4>Rinc\u00f3n de la Victoria<\/h4>\n<p class=\"tipos\">Hotel \u00b7 Kemping<\/p>\n<p><a class=\"btn-detalles\" href=\"https:\/\/bahiasexirentacar.com\/pl\/wynajem-samochodu-rincon-de-la-victoria\/\" target=\"_blank\" rel=\"noopener\" aria-label=\"Zobacz szczeg\u00f3\u0142y \u2014 Rinc\u00f3n de la Victoria\">Szczeg\u00f3\u0142y<\/a><\/p>\n<\/article>\n<article class=\"card-destino\" role=\"listitem\">\n<figure class=\"card-media\"><img decoding=\"async\" src=\"https:\/\/bahiasexirentacar.com\/wp-content\/uploads\/2025\/09\/parque-de-la-bateria.jpg\" alt=\"Dostawa samochodu w Torremolinos \u2013 Bahia Sexi\" width=\"1080\" height=\"1080\" \/><\/figure>\n<h4>Torremolinos<\/h4>\n<p class=\"tipos\">Hotel \u00b7 Kemping<\/p>\n<p><a class=\"btn-detalles\" href=\"https:\/\/bahiasexirentacar.com\/pl\/wynajem-samochodu-w-torremolinos\/\" target=\"_blank\" rel=\"noopener\" aria-label=\"Zobacz szczeg\u00f3\u0142y \u2014 Torremolinos\">Szczeg\u00f3\u0142y<\/a><\/p>\n<\/article>\n<article class=\"card-destino\" role=\"listitem\">\n<figure class=\"card-media\"><img decoding=\"async\" src=\"https:\/\/bahiasexirentacar.com\/wp-content\/uploads\/2025\/11\/benalmadena.webp\" alt=\"Dostawa samochodu w Benalm\u00e1dena \u2013 Bahia Sexi\" width=\"1080\" height=\"1080\" \/><\/figure>\n<h4>Benalm\u00e1dena<\/h4>\n<p class=\"tipos\">Hotel \u00b7 Kemping<\/p>\n<p><a class=\"btn-detalles\" href=\"https:\/\/bahiasexirentacar.com\/pl\/wynajem-samochodu-w-benalmadena\/\" target=\"_blank\" rel=\"noopener\" aria-label=\"Zobacz szczeg\u00f3\u0142y \u2014 Benalm\u00e1dena\">Szczeg\u00f3\u0142y<\/a><\/p>\n<\/article>\n<article class=\"card-destino\" role=\"listitem\">\n<figure class=\"card-media\"><img decoding=\"async\" src=\"https:\/\/bahiasexirentacar.com\/wp-content\/uploads\/2025\/11\/mijas-costa.webp\" alt=\"Dostawa samochodu w Mijas Costa \u2013 Bahia Sexi\" width=\"1080\" height=\"1080\" \/><\/figure>\n<h4>Mijas Costa<\/h4>\n<p class=\"tipos\">Hotel \u00b7 Kemping<\/p>\n<p><a class=\"btn-detalles\" href=\"https:\/\/bahiasexirentacar.com\/pl\/wynajem-samochodu-mijas-costa\/\" target=\"_blank\" rel=\"noopener\" aria-label=\"Zobacz szczeg\u00f3\u0142y \u2014 Mijas Costa\">Szczeg\u00f3\u0142y<\/a><\/p>\n<\/article>\n<\/div>\n<\/div>\n<div id=\"prov-granada\" class=\"bloque-provincia\" data-provincia=\"granada\">\n<h3>Granada<\/h3>\n<div class=\"grid-cards\" role=\"list\">\n<article class=\"card-destino\" role=\"listitem\">\n<figure class=\"card-media\"><img decoding=\"async\" src=\"https:\/\/bahiasexirentacar.com\/wp-content\/uploads\/2025\/07\/playa-almu.webp\" alt=\"Dostawa samochodu w Almu\u00f1\u00e9car \u2013 Bahia Sexi\" width=\"1080\" height=\"1080\" \/><\/figure>\n<h4>Almu\u00f1\u00e9car<\/h4>\n<p class=\"tipos\">Hotel \u00b7 Kemping<\/p>\n<p><a class=\"btn-detalles\" href=\"https:\/\/bahiasexirentacar.com\/pl\/wynajem-samochodu-w-almunecar\/\" target=\"_blank\" rel=\"noopener\" aria-label=\"Zobacz szczeg\u00f3\u0142y \u2014 Almu\u00f1\u00e9car\">Szczeg\u00f3\u0142y<\/a><\/p>\n<\/article>\n<article class=\"card-destino\" role=\"listitem\">\n<figure class=\"card-media\"><img decoding=\"async\" src=\"https:\/\/bahiasexirentacar.com\/wp-content\/uploads\/2025\/07\/Atardecer-en-La-Herradura-scaled-e1753257717142.jpg\" alt=\"Dostawa samochodu w La Herradura \u2013 Bahia Sexi\" width=\"1080\" height=\"1080\" \/><\/figure>\n<h4>La Herradura<\/h4>\n<p class=\"tipos\">Hotel \u00b7 Kemping \u00b7 Miejsce spotkania<\/p>\n<p><a class=\"btn-detalles\" href=\"https:\/\/bahiasexirentacar.com\/pl\/wynajem-samochodu-w-la-herradura\/\" target=\"_blank\" rel=\"noopener\" aria-label=\"Zobacz szczeg\u00f3\u0142y \u2014 La Herradura\">Szczeg\u00f3\u0142y<\/a><\/p>\n<\/article>\n<article class=\"card-destino\" role=\"listitem\">\n<figure class=\"card-media\"><img decoding=\"async\" src=\"https:\/\/bahiasexirentacar.com\/wp-content\/uploads\/2023\/02\/Salobrena.webp\" alt=\"Dostawa samochodu w Salobre\u00f1a \u2013 Bahia Sexi\" width=\"1080\" height=\"1080\" \/><\/figure>\n<h4>Salobre\u00f1a<\/h4>\n<p class=\"tipos\">Hotel \u00b7 Kemping<\/p>\n<p><a class=\"btn-detalles\" href=\"https:\/\/bahiasexirentacar.com\/pl\/wynajem-samochodu-w-salobrena\/\" target=\"_blank\" rel=\"noopener\" aria-label=\"Zobacz szczeg\u00f3\u0142y \u2014 Salobre\u00f1a\">Szczeg\u00f3\u0142y<\/a><\/p>\n<\/article>\n<article class=\"card-destino\" role=\"listitem\">\n<figure class=\"card-media\"><img decoding=\"async\" src=\"https:\/\/bahiasexirentacar.com\/wp-content\/uploads\/2025\/06\/iglesia-motril-1.webp\" alt=\"Dostawa samochodu w Motril \u2013 Bahia Sexi\" width=\"1080\" height=\"1080\" \/><\/figure>\n<h4>Motril<\/h4>\n<p class=\"tipos\">Hotel \u00b7 Kemping \u00b7 Miejsce spotkania<\/p>\n<p><a class=\"btn-detalles\" href=\"https:\/\/bahiasexirentacar.com\/pl\/wynajem-samochodu-motril\/\" target=\"_blank\" rel=\"noopener\" aria-label=\"Zobacz szczeg\u00f3\u0142y \u2014 Motril\">Szczeg\u00f3\u0142y<\/a><\/p>\n<\/article>\n<article class=\"card-destino\" role=\"listitem\">\n<figure class=\"card-media\"><img decoding=\"async\" src=\"https:\/\/bahiasexirentacar.com\/wp-content\/uploads\/2025\/11\/Carchuna.jpg\" alt=\"Dostawa samochodu w Carchuna \u2013 Bahia Sexi\" width=\"1080\" height=\"1080\" \/><\/figure>\n<h4>Carchuna<\/h4>\n<p class=\"tipos\">Hotel \u00b7 Kemping<\/p>\n<p><a class=\"btn-detalles\" href=\"https:\/\/bahiasexirentacar.com\/pl\/wynajem-samochodu-carchuna\/\" target=\"_blank\" rel=\"noopener\" aria-label=\"Zobacz szczeg\u00f3\u0142y \u2014 Carchuna\">Szczeg\u00f3\u0142y<\/a><\/p>\n<\/article>\n<article class=\"card-destino\" role=\"listitem\">\n<figure class=\"card-media\"><img decoding=\"async\" src=\"https:\/\/bahiasexirentacar.com\/wp-content\/uploads\/2025\/11\/castell-de-ferro.jpg\" alt=\"Dostawa samochodu w Castell de Ferro \u2013 Bahia Sexi\" width=\"1080\" height=\"1080\" \/><\/figure>\n<h4>Castell de Ferro<\/h4>\n<p class=\"tipos\">Hotel \u00b7 Kemping<\/p>\n<p><a class=\"btn-detalles\" href=\"https:\/\/bahiasexirentacar.com\/pl\/wynajem-samochodu-castell-de-ferro\/\" target=\"_blank\" rel=\"noopener\" aria-label=\"Zobacz szczeg\u00f3\u0142y \u2014 Castell de Ferro\">Szczeg\u00f3\u0142y<\/a><\/p>\n<\/article>\n<article class=\"card-destino\" role=\"listitem\">\n<figure class=\"card-media\"><img decoding=\"async\" src=\"https:\/\/bahiasexirentacar.com\/wp-content\/uploads\/2025\/11\/orgiva.webp\" alt=\"Dostawa samochodu w \u00d3rgiva \u2013 Bahia Sexi\" width=\"1080\" height=\"1080\" \/><\/figure>\n<h4>\u00d3rgiva<\/h4>\n<p class=\"tipos\">Hotel \u00b7 Kemping \u00b7 Miejsce spotkania<\/p>\n<p><a class=\"btn-detalles\" href=\"https:\/\/bahiasexirentacar.com\/pl\/wynajem-samochodu-w-orgiva\/\" target=\"_blank\" rel=\"noopener\" aria-label=\"Zobacz szczeg\u00f3\u0142y \u2014 \u00d3rgiva\">Szczeg\u00f3\u0142y<\/a><\/p>\n<\/article>\n<\/div>\n<\/div>\n<\/section>\n<p>[\/vc_column_text][\/vc_column][\/vc_row][vc_row][vc_column][vc_empty_space][\/vc_column][\/vc_row]<\/p>\n","protected":false},"excerpt":{"rendered":"<p>[vc_row][vc_column][vc_column_text] Us\u0142uga dostawy samochod\u00f3w do hoteli i kemping\u00f3w Korzystaj z samochodu dok\u0142adnie wtedy i tam, gdzie go potrzebujesz. Dzi\u0119ki naszej us\u0142udze dostawy pod Twoje zakwaterowanie (hotel, kemping lub ustalone miejsce spotkania) auto b\u0119dzie czeka\u0142o na Ciebie w Maladze i Granadzie, w najlepszej cenie i bez kolejek ani transfer\u00f3w. Odkrywaj wybrze\u017ce Andaluzji we w\u0142asnym tempie od&#8230;<\/p>\n","protected":false},"author":10,"featured_media":0,"parent":0,"menu_order":0,"comment_status":"closed","ping_status":"closed","template":"","meta":{"footnotes":""},"class_list":["post-2085180","page","type-page","status-publish","hentry"],"yoast_head":"<!-- This site is optimized with the Yoast SEO Premium plugin v27.3 (Yoast SEO v27.3) - https:\/\/yoast.com\/product\/yoast-seo-premium-wordpress\/ -->\n<title>Hotele i kempingi - Bahia Sexi Rent a Car<\/title>\n<meta name=\"robots\" content=\"index, follow, max-snippet:-1, max-image-preview:large, max-video-preview:-1\" \/>\n<link rel=\"canonical\" href=\"https:\/\/bahiasexirentacar.com\/pl\/hotele-i-kempingi\/\" \/>\n<meta property=\"og:locale\" content=\"pl_PL\" \/>\n<meta property=\"og:type\" content=\"article\" \/>\n<meta property=\"og:title\" content=\"Hotele i kempingi\" \/>\n<meta property=\"og:description\" content=\"[vc_row][vc_column][vc_column_text] Us\u0142uga dostawy samochod\u00f3w do hoteli i kemping\u00f3w Korzystaj z samochodu dok\u0142adnie wtedy i tam, gdzie go potrzebujesz. Dzi\u0119ki naszej us\u0142udze dostawy pod Twoje zakwaterowanie (hotel, kemping lub ustalone miejsce spotkania) auto b\u0119dzie czeka\u0142o na Ciebie w Maladze i Granadzie, w najlepszej cenie i bez kolejek ani transfer\u00f3w. Odkrywaj wybrze\u017ce Andaluzji we w\u0142asnym tempie od...\" \/>\n<meta property=\"og:url\" content=\"https:\/\/bahiasexirentacar.com\/pl\/hotele-i-kempingi\/\" \/>\n<meta property=\"og:site_name\" content=\"Bahia Sexi Rent a Car\" \/>\n<meta property=\"article:publisher\" content=\"https:\/\/www.facebook.com\/bahiasexi\" \/>\n<meta property=\"article:modified_time\" content=\"2026-03-10T09:01:07+00:00\" \/>\n<meta property=\"og:image\" content=\"https:\/\/bahiasexirentacar.com\/wp-content\/uploads\/2025\/06\/nerja-portada-2.jpg\" \/>\n<meta name=\"twitter:card\" content=\"summary_large_image\" \/>\n<meta name=\"twitter:label1\" content=\"Szacowany czas czytania\" \/>\n\t<meta name=\"twitter:data1\" content=\"5 minut\" \/>\n<script type=\"application\/ld+json\" class=\"yoast-schema-graph\">{\"@context\":\"https:\\\/\\\/schema.org\",\"@graph\":[{\"@type\":\"WebPage\",\"@id\":\"https:\\\/\\\/bahiasexirentacar.com\\\/pl\\\/hotele-i-kempingi\\\/\",\"url\":\"https:\\\/\\\/bahiasexirentacar.com\\\/pl\\\/hotele-i-kempingi\\\/\",\"name\":\"Hotele i kempingi - Bahia Sexi Rent a Car\",\"isPartOf\":{\"@id\":\"https:\\\/\\\/bahiasexirentacar.com\\\/pl\\\/#website\"},\"primaryImageOfPage\":{\"@id\":\"https:\\\/\\\/bahiasexirentacar.com\\\/pl\\\/hotele-i-kempingi\\\/#primaryimage\"},\"image\":{\"@id\":\"https:\\\/\\\/bahiasexirentacar.com\\\/pl\\\/hotele-i-kempingi\\\/#primaryimage\"},\"thumbnailUrl\":\"https:\\\/\\\/bahiasexirentacar.com\\\/wp-content\\\/uploads\\\/2025\\\/06\\\/nerja-portada-2.jpg\",\"datePublished\":\"2025-11-11T12:12:21+00:00\",\"dateModified\":\"2026-03-10T09:01:07+00:00\",\"breadcrumb\":{\"@id\":\"https:\\\/\\\/bahiasexirentacar.com\\\/pl\\\/hotele-i-kempingi\\\/#breadcrumb\"},\"inLanguage\":\"pl-PL\",\"potentialAction\":[{\"@type\":\"ReadAction\",\"target\":[\"https:\\\/\\\/bahiasexirentacar.com\\\/pl\\\/hotele-i-kempingi\\\/\"]}]},{\"@type\":\"ImageObject\",\"inLanguage\":\"pl-PL\",\"@id\":\"https:\\\/\\\/bahiasexirentacar.com\\\/pl\\\/hotele-i-kempingi\\\/#primaryimage\",\"url\":\"https:\\\/\\\/bahiasexirentacar.com\\\/wp-content\\\/uploads\\\/2025\\\/06\\\/nerja-portada-2.jpg\",\"contentUrl\":\"https:\\\/\\\/bahiasexirentacar.com\\\/wp-content\\\/uploads\\\/2025\\\/06\\\/nerja-portada-2.jpg\"},{\"@type\":\"BreadcrumbList\",\"@id\":\"https:\\\/\\\/bahiasexirentacar.com\\\/pl\\\/hotele-i-kempingi\\\/#breadcrumb\",\"itemListElement\":[{\"@type\":\"ListItem\",\"position\":1,\"name\":\"Home\",\"item\":\"https:\\\/\\\/bahiasexirentacar.com\\\/pl\\\/\"},{\"@type\":\"ListItem\",\"position\":2,\"name\":\"Hotele i kempingi\"}]},{\"@type\":\"WebSite\",\"@id\":\"https:\\\/\\\/bahiasexirentacar.com\\\/pl\\\/#website\",\"url\":\"https:\\\/\\\/bahiasexirentacar.com\\\/pl\\\/\",\"name\":\"Bahia Sexi Rent a Car\",\"description\":\"Car rental at Malaga Airport\",\"publisher\":{\"@id\":\"https:\\\/\\\/bahiasexirentacar.com\\\/pl\\\/#organization\"},\"potentialAction\":[{\"@type\":\"SearchAction\",\"target\":{\"@type\":\"EntryPoint\",\"urlTemplate\":\"https:\\\/\\\/bahiasexirentacar.com\\\/pl\\\/?s={search_term_string}\"},\"query-input\":{\"@type\":\"PropertyValueSpecification\",\"valueRequired\":true,\"valueName\":\"search_term_string\"}}],\"inLanguage\":\"pl-PL\"},{\"@type\":\"Organization\",\"@id\":\"https:\\\/\\\/bahiasexirentacar.com\\\/pl\\\/#organization\",\"name\":\"Bahia Sexi Rent a Car\",\"url\":\"https:\\\/\\\/bahiasexirentacar.com\\\/pl\\\/\",\"logo\":{\"@type\":\"ImageObject\",\"inLanguage\":\"pl-PL\",\"@id\":\"https:\\\/\\\/bahiasexirentacar.com\\\/pl\\\/#\\\/schema\\\/logo\\\/image\\\/\",\"url\":\"https:\\\/\\\/bahiasexirentacar.com\\\/wp-content\\\/uploads\\\/2024\\\/11\\\/cropped-Icono-sitio-web.jpg\",\"contentUrl\":\"https:\\\/\\\/bahiasexirentacar.com\\\/wp-content\\\/uploads\\\/2024\\\/11\\\/cropped-Icono-sitio-web.jpg\",\"width\":512,\"height\":512,\"caption\":\"Bahia Sexi Rent a Car\"},\"image\":{\"@id\":\"https:\\\/\\\/bahiasexirentacar.com\\\/pl\\\/#\\\/schema\\\/logo\\\/image\\\/\"},\"sameAs\":[\"https:\\\/\\\/www.facebook.com\\\/bahiasexi\"]}]}<\/script>\n<!-- \/ Yoast SEO Premium plugin. -->","yoast_head_json":{"title":"Hotele i kempingi - Bahia Sexi Rent a Car","robots":{"index":"index","follow":"follow","max-snippet":"max-snippet:-1","max-image-preview":"max-image-preview:large","max-video-preview":"max-video-preview:-1"},"canonical":"https:\/\/bahiasexirentacar.com\/pl\/hotele-i-kempingi\/","og_locale":"pl_PL","og_type":"article","og_title":"Hotele i kempingi","og_description":"[vc_row][vc_column][vc_column_text] Us\u0142uga dostawy samochod\u00f3w do hoteli i kemping\u00f3w Korzystaj z samochodu dok\u0142adnie wtedy i tam, gdzie go potrzebujesz. Dzi\u0119ki naszej us\u0142udze dostawy pod Twoje zakwaterowanie (hotel, kemping lub ustalone miejsce spotkania) auto b\u0119dzie czeka\u0142o na Ciebie w Maladze i Granadzie, w najlepszej cenie i bez kolejek ani transfer\u00f3w. Odkrywaj wybrze\u017ce Andaluzji we w\u0142asnym tempie od...","og_url":"https:\/\/bahiasexirentacar.com\/pl\/hotele-i-kempingi\/","og_site_name":"Bahia Sexi Rent a Car","article_publisher":"https:\/\/www.facebook.com\/bahiasexi","article_modified_time":"2026-03-10T09:01:07+00:00","og_image":[{"url":"https:\/\/bahiasexirentacar.com\/wp-content\/uploads\/2025\/06\/nerja-portada-2.jpg","type":"","width":"","height":""}],"twitter_card":"summary_large_image","twitter_misc":{"Szacowany czas czytania":"5 minut"},"schema":{"@context":"https:\/\/schema.org","@graph":[{"@type":"WebPage","@id":"https:\/\/bahiasexirentacar.com\/pl\/hotele-i-kempingi\/","url":"https:\/\/bahiasexirentacar.com\/pl\/hotele-i-kempingi\/","name":"Hotele i kempingi - Bahia Sexi Rent a Car","isPartOf":{"@id":"https:\/\/bahiasexirentacar.com\/pl\/#website"},"primaryImageOfPage":{"@id":"https:\/\/bahiasexirentacar.com\/pl\/hotele-i-kempingi\/#primaryimage"},"image":{"@id":"https:\/\/bahiasexirentacar.com\/pl\/hotele-i-kempingi\/#primaryimage"},"thumbnailUrl":"https:\/\/bahiasexirentacar.com\/wp-content\/uploads\/2025\/06\/nerja-portada-2.jpg","datePublished":"2025-11-11T12:12:21+00:00","dateModified":"2026-03-10T09:01:07+00:00","breadcrumb":{"@id":"https:\/\/bahiasexirentacar.com\/pl\/hotele-i-kempingi\/#breadcrumb"},"inLanguage":"pl-PL","potentialAction":[{"@type":"ReadAction","target":["https:\/\/bahiasexirentacar.com\/pl\/hotele-i-kempingi\/"]}]},{"@type":"ImageObject","inLanguage":"pl-PL","@id":"https:\/\/bahiasexirentacar.com\/pl\/hotele-i-kempingi\/#primaryimage","url":"https:\/\/bahiasexirentacar.com\/wp-content\/uploads\/2025\/06\/nerja-portada-2.jpg","contentUrl":"https:\/\/bahiasexirentacar.com\/wp-content\/uploads\/2025\/06\/nerja-portada-2.jpg"},{"@type":"BreadcrumbList","@id":"https:\/\/bahiasexirentacar.com\/pl\/hotele-i-kempingi\/#breadcrumb","itemListElement":[{"@type":"ListItem","position":1,"name":"Home","item":"https:\/\/bahiasexirentacar.com\/pl\/"},{"@type":"ListItem","position":2,"name":"Hotele i kempingi"}]},{"@type":"WebSite","@id":"https:\/\/bahiasexirentacar.com\/pl\/#website","url":"https:\/\/bahiasexirentacar.com\/pl\/","name":"Bahia Sexi Rent a Car","description":"Car rental at Malaga Airport","publisher":{"@id":"https:\/\/bahiasexirentacar.com\/pl\/#organization"},"potentialAction":[{"@type":"SearchAction","target":{"@type":"EntryPoint","urlTemplate":"https:\/\/bahiasexirentacar.com\/pl\/?s={search_term_string}"},"query-input":{"@type":"PropertyValueSpecification","valueRequired":true,"valueName":"search_term_string"}}],"inLanguage":"pl-PL"},{"@type":"Organization","@id":"https:\/\/bahiasexirentacar.com\/pl\/#organization","name":"Bahia Sexi Rent a Car","url":"https:\/\/bahiasexirentacar.com\/pl\/","logo":{"@type":"ImageObject","inLanguage":"pl-PL","@id":"https:\/\/bahiasexirentacar.com\/pl\/#\/schema\/logo\/image\/","url":"https:\/\/bahiasexirentacar.com\/wp-content\/uploads\/2024\/11\/cropped-Icono-sitio-web.jpg","contentUrl":"https:\/\/bahiasexirentacar.com\/wp-content\/uploads\/2024\/11\/cropped-Icono-sitio-web.jpg","width":512,"height":512,"caption":"Bahia Sexi Rent a Car"},"image":{"@id":"https:\/\/bahiasexirentacar.com\/pl\/#\/schema\/logo\/image\/"},"sameAs":["https:\/\/www.facebook.com\/bahiasexi"]}]}},"_links":{"self":[{"href":"https:\/\/bahiasexirentacar.com\/pl\/wp-json\/wp\/v2\/pages\/2085180","targetHints":{"allow":["GET"]}}],"collection":[{"href":"https:\/\/bahiasexirentacar.com\/pl\/wp-json\/wp\/v2\/pages"}],"about":[{"href":"https:\/\/bahiasexirentacar.com\/pl\/wp-json\/wp\/v2\/types\/page"}],"author":[{"embeddable":true,"href":"https:\/\/bahiasexirentacar.com\/pl\/wp-json\/wp\/v2\/users\/10"}],"replies":[{"embeddable":true,"href":"https:\/\/bahiasexirentacar.com\/pl\/wp-json\/wp\/v2\/comments?post=2085180"}],"version-history":[{"count":5,"href":"https:\/\/bahiasexirentacar.com\/pl\/wp-json\/wp\/v2\/pages\/2085180\/revisions"}],"predecessor-version":[{"id":2239702,"href":"https:\/\/bahiasexirentacar.com\/pl\/wp-json\/wp\/v2\/pages\/2085180\/revisions\/2239702"}],"wp:attachment":[{"href":"https:\/\/bahiasexirentacar.com\/pl\/wp-json\/wp\/v2\/media?parent=2085180"}],"curies":[{"name":"wp","href":"https:\/\/api.w.org\/{rel}","templated":true}]}}