{"id":2085185,"date":"2025-11-11T12:23:05","date_gmt":"2025-11-11T12:23:05","guid":{"rendered":"https:\/\/bahiasexirentacar.com\/?page_id=2085185"},"modified":"2026-03-10T09:01:41","modified_gmt":"2026-03-10T09:01:41","slug":"hotell-campingplatser","status":"publish","type":"page","link":"https:\/\/bahiasexirentacar.com\/sv\/hotell-campingplatser\/","title":{"rendered":"Hotell och campingplatser"},"content":{"rendered":"<p>[vc_row][vc_column][vc_column_text]<\/p>\n<h1 class=\"servicios-title\">Leveransservice av bilar till hotell och campingar<\/h1>\n<p>Njut av din bil <strong>n\u00e4r och d\u00e4r du beh\u00f6ver den<\/strong>. Med v\u00e5r <strong>leveransservice direkt till ditt boende (hotell, camping eller m\u00f6tesplats)<\/strong> st\u00e5r bilen redo f\u00f6r dig i <strong>M\u00e1laga och Granada<\/strong>, <strong>till b\u00e4sta pris<\/strong> och <strong>utan k\u00f6er eller transfer<\/strong>. Uppt\u00e4ck den andalusiska kusten i din egen takt fr\u00e5n f\u00f6rsta minuten.<\/p>\n<p>Hur fungerar det?<\/p>\n<ol>\n<li><strong>V\u00e4lj din ort.<\/strong><\/li>\n<li><strong>Tala om datum och tid.<\/strong><\/li>\n<li><strong>Vi levererar bilen till receptionen<\/strong> (eller till den \u00f6verenskomna m\u00f6tesplatsen) och du p\u00e5b\u00f6rjar din resa. N\u00e4r du kommer tillbaka <strong>l\u00e4mnar du den i receptionen eller p\u00e5 m\u00f6tesplatsen, s\u00e5 \u00e4r du klar<\/strong>.<\/li>\n<\/ol>\n<section class=\"destacadas\" aria-labelledby=\"titulo-destacadas\">\n<h2 id=\"titulo-destacadas\" class=\"servicios-title\">Utvalda destinationer<\/h2>\n<div class=\"grid-cards\" role=\"list\">\n<article class=\"card-destino\" role=\"listitem\">\n<figure class=\"card-media\"><img decoding=\"async\" src=\"https:\/\/bahiasexirentacar.com\/wp-content\/uploads\/2025\/06\/nerja-portada-2.jpg\" alt=\"Leverans av hyrbil i Nerja \u2013 Bahia Sexi\" width=\"1080\" height=\"1920\" \/><\/figure>\n<h3>Nerja<\/h3>\n<p><a class=\"btn-detalles\" href=\"https:\/\/bahiasexirentacar.com\/sv\/hyra-bil-nerja\/\" target=\"_blank\" rel=\"noopener\" aria-label=\"Visa detaljer \u2014 Nerja\">Detaljer<\/a><\/p>\n<\/article>\n<article class=\"card-destino\" role=\"listitem\">\n<figure class=\"card-media\"><img decoding=\"async\" src=\"https:\/\/bahiasexirentacar.com\/wp-content\/uploads\/2025\/07\/playa-almu.webp\" alt=\"Leverans av hyrbil i Almu\u00f1\u00e9car \u2013 Bahia Sexi\" width=\"1080\" height=\"1920\" \/><\/figure>\n<h3>Almu\u00f1\u00e9car<\/h3>\n<p><a class=\"btn-detalles\" href=\"https:\/\/bahiasexirentacar.com\/sv\/hyra-bil-almunecar\/\" target=\"_blank\" rel=\"noopener\" aria-label=\"Visa detaljer \u2014 Almu\u00f1\u00e9car\">Detaljer<\/a><\/p>\n<\/article>\n<article class=\"card-destino\" role=\"listitem\">\n<figure class=\"card-media\"><img decoding=\"async\" src=\"https:\/\/bahiasexirentacar.com\/wp-content\/uploads\/2025\/11\/faro-e1762336257241.webp\" alt=\"Leverans av hyrbil i Torrox \u2013 Bahia Sexi\" width=\"1080\" height=\"1920\" \/><\/figure>\n<h3>Torrox<\/h3>\n<p><a class=\"btn-detalles\" href=\"https:\/\/bahiasexirentacar.com\/sv\/hyra-bil-torrox\/\" target=\"_blank\" rel=\"noopener\" aria-label=\"Visa detaljer \u2014 Torrox\">Detaljer<\/a><\/p>\n<\/article>\n<article class=\"card-destino\" role=\"listitem\">\n<figure class=\"card-media\"><img decoding=\"async\" src=\"https:\/\/bahiasexirentacar.com\/wp-content\/uploads\/2025\/06\/iglesia-motril-1.webp\" alt=\"Leverans av hyrbil i Motril \u2013 Bahia Sexi\" width=\"1080\" height=\"1920\" \/><\/figure>\n<h3>Motril<\/h3>\n<p><a class=\"btn-detalles\" href=\"https:\/\/bahiasexirentacar.com\/sv\/hyra-bil-motril\/\" target=\"_blank\" rel=\"noopener\" aria-label=\"Visa detaljer \u2014 Motril\">Detaljer<\/a><\/p>\n<\/article>\n<\/div>\n<\/section>\n<section id=\"ubicaciones\" class=\"listado\" aria-labelledby=\"titulo-todas\">\n<h2 id=\"titulo-todas\" class=\"servicios-title\">V\u00e4lj din ort<\/h2>\n<p class=\"intro-ubicaciones\">Leveransservice till <strong>hotell<\/strong> och <strong>camping<\/strong>; <strong>m\u00f6tesplats<\/strong> d\u00e4r detta anges.<\/p>\n<div id=\"prov-malaga\" class=\"bloque-provincia\" data-provincia=\"malaga\">\n<h3>M\u00e1laga<\/h3>\n<div class=\"grid-cards\" role=\"list\">\n<article class=\"card-destino\" role=\"listitem\">\n<figure class=\"card-media\"><img decoding=\"async\" src=\"https:\/\/bahiasexirentacar.com\/wp-content\/uploads\/2025\/06\/nerja-portada-2.jpg\" alt=\"Leverans av hyrbil i Nerja \u2013 Bahia Sexi\" width=\"1080\" height=\"1080\" \/><\/figure>\n<h4>Nerja<\/h4>\n<p class=\"tipos\">Hotell \u00b7 Camping \u00b7 M\u00f6tesplats<\/p>\n<p><a class=\"btn-detalles\" href=\"https:\/\/bahiasexirentacar.com\/sv\/hyra-bil-nerja\/\" target=\"_blank\" rel=\"noopener\" aria-label=\"Visa detaljer \u2014 Nerja\">Detaljer<\/a><\/p>\n<\/article>\n<article class=\"card-destino\" role=\"listitem\">\n<figure class=\"card-media\"><img decoding=\"async\" src=\"https:\/\/bahiasexirentacar.com\/wp-content\/uploads\/2025\/11\/faro-e1762336257241.webp\" alt=\"Leverans av hyrbil i Torrox \u2013 Bahia Sexi\" width=\"1080\" height=\"1080\" \/><\/figure>\n<h4>Torrox<\/h4>\n<p class=\"tipos\">Hotell \u00b7 Camping<\/p>\n<p><a class=\"btn-detalles\" href=\"https:\/\/bahiasexirentacar.com\/sv\/hyra-bil-torrox\/\" target=\"_blank\" rel=\"noopener\" aria-label=\"Visa detaljer \u2014 Torrox\">Detaljer<\/a><\/p>\n<\/article>\n<article class=\"card-destino\" role=\"listitem\">\n<figure class=\"card-media\"><img decoding=\"async\" src=\"https:\/\/bahiasexirentacar.com\/wp-content\/uploads\/2025\/07\/frigiliana.webp\" alt=\"Leverans av hyrbil i Frigiliana \u2013 Bahia Sexi\" width=\"1080\" height=\"1080\" \/><\/figure>\n<h4>Frigiliana<\/h4>\n<p class=\"tipos\">Hotell \u00b7 Camping<\/p>\n<p><a class=\"btn-detalles\" href=\"https:\/\/bahiasexirentacar.com\/sv\/hyra-bil-frigiliana\/\" target=\"_blank\" rel=\"noopener\" aria-label=\"Visa detaljer \u2014 Frigiliana\">Detaljer<\/a><\/p>\n<\/article>\n<article class=\"card-destino\" role=\"listitem\">\n<figure class=\"card-media\"><img decoding=\"async\" src=\"https:\/\/bahiasexirentacar.com\/wp-content\/uploads\/2025\/07\/torre-del-mar-atardecer-nublado.jpg\" alt=\"Leverans av hyrbil i Torre del Mar \u2013 Bahia Sexi\" width=\"1080\" height=\"1080\" \/><\/figure>\n<h4>Torre del Mar<\/h4>\n<p class=\"tipos\">Hotell \u00b7 Camping<\/p>\n<p><a class=\"btn-detalles\" href=\"https:\/\/bahiasexirentacar.com\/sv\/hyra-bil-torre-del-mar\/\" target=\"_blank\" rel=\"noopener\" aria-label=\"Visa detaljer \u2014 Torre del Mar\">Detaljer<\/a><\/p>\n<\/article>\n<article class=\"card-destino\" role=\"listitem\">\n<figure class=\"card-media\"><img decoding=\"async\" src=\"https:\/\/bahiasexirentacar.com\/wp-content\/uploads\/2025\/11\/almayate.webp\" alt=\"Leverans av hyrbil i Almayate \u2013 Bahia Sexi\" width=\"1080\" height=\"1080\" \/><\/figure>\n<h4>Almayate<\/h4>\n<p class=\"tipos\">Hotell \u00b7 Camping<\/p>\n<p><a class=\"btn-detalles\" href=\"https:\/\/bahiasexirentacar.com\/sv\/hyrbil-almayate\/\" target=\"_blank\" rel=\"noopener\" aria-label=\"Visa detaljer \u2014 Almayate\">Detaljer<\/a><\/p>\n<\/article>\n<article class=\"card-destino\" role=\"listitem\">\n<figure class=\"card-media\"><img decoding=\"async\" src=\"https:\/\/bahiasexirentacar.com\/wp-content\/uploads\/2025\/11\/rincon-de-la-victoria-scaled.jpg\" alt=\"Leverans av hyrbil i Rinc\u00f3n de la Victoria \u2013 Bahia Sexi\" width=\"1080\" height=\"1080\" \/><\/figure>\n<h4>Rinc\u00f3n de la Victoria<\/h4>\n<p class=\"tipos\">Hotell \u00b7 Camping<\/p>\n<p><a class=\"btn-detalles\" href=\"https:\/\/bahiasexirentacar.com\/sv\/hyrbil-rincon-de-la-victoria\/\" target=\"_blank\" rel=\"noopener\" aria-label=\"Visa detaljer \u2014 Rinc\u00f3n de la Victoria\">Detaljer<\/a><\/p>\n<\/article>\n<article class=\"card-destino\" role=\"listitem\">\n<figure class=\"card-media\"><img decoding=\"async\" src=\"https:\/\/bahiasexirentacar.com\/wp-content\/uploads\/2025\/09\/parque-de-la-bateria.jpg\" alt=\"Leverans av hyrbil i Torremolinos \u2013 Bahia Sexi\" width=\"1080\" height=\"1080\" \/><\/figure>\n<h4>Torremolinos<\/h4>\n<p class=\"tipos\">Hotell \u00b7 Camping<\/p>\n<p><a class=\"btn-detalles\" href=\"https:\/\/bahiasexirentacar.com\/sv\/hyra-bil-torremolinos\/\" target=\"_blank\" rel=\"noopener\" aria-label=\"Visa detaljer \u2014 Torremolinos\">Detaljer<\/a><\/p>\n<\/article>\n<article class=\"card-destino\" role=\"listitem\">\n<figure class=\"card-media\"><img decoding=\"async\" src=\"https:\/\/bahiasexirentacar.com\/wp-content\/uploads\/2025\/11\/benalmadena.webp\" alt=\"Leverans av hyrbil i Benalm\u00e1dena \u2013 Bahia Sexi\" width=\"1080\" height=\"1080\" \/><\/figure>\n<h4>Benalm\u00e1dena<\/h4>\n<p class=\"tipos\">Hotell \u00b7 Camping<\/p>\n<p><a class=\"btn-detalles\" href=\"https:\/\/bahiasexirentacar.com\/sv\/hyra-bil-benalmadena\/\" target=\"_blank\" rel=\"noopener\" aria-label=\"Visa detaljer \u2014 Benalm\u00e1dena\">Detaljer<\/a><\/p>\n<\/article>\n<article class=\"card-destino\" role=\"listitem\">\n<figure class=\"card-media\"><img decoding=\"async\" src=\"https:\/\/bahiasexirentacar.com\/wp-content\/uploads\/2025\/11\/mijas-costa.webp\" alt=\"Leverans av hyrbil i Mijas Costa \u2013 Bahia Sexi\" width=\"1080\" height=\"1080\" \/><\/figure>\n<h4>Mijas Costa<\/h4>\n<p class=\"tipos\">Hotell \u00b7 Camping<\/p>\n<p><a class=\"btn-detalles\" href=\"https:\/\/bahiasexirentacar.com\/sv\/hyrbil-mijas-costa\/\" target=\"_blank\" rel=\"noopener\" aria-label=\"Visa detaljer \u2014 Mijas Costa\">Detaljer<\/a><\/p>\n<\/article>\n<\/div>\n<\/div>\n<div id=\"prov-granada\" class=\"bloque-provincia\" data-provincia=\"granada\">\n<h3>Granada<\/h3>\n<div class=\"grid-cards\" role=\"list\">\n<article class=\"card-destino\" role=\"listitem\">\n<figure class=\"card-media\"><img decoding=\"async\" src=\"https:\/\/bahiasexirentacar.com\/wp-content\/uploads\/2025\/07\/playa-almu.webp\" alt=\"Leverans av hyrbil i Almu\u00f1\u00e9car \u2013 Bahia Sexi\" width=\"1080\" height=\"1080\" \/><\/figure>\n<h4>Almu\u00f1\u00e9car<\/h4>\n<p class=\"tipos\">Hotell \u00b7 Camping<\/p>\n<p><a class=\"btn-detalles\" href=\"https:\/\/bahiasexirentacar.com\/sv\/hyra-bil-almunecar\/\" target=\"_blank\" rel=\"noopener\" aria-label=\"Visa detaljer \u2014 Almu\u00f1\u00e9car\">Detaljer<\/a><\/p>\n<\/article>\n<article class=\"card-destino\" role=\"listitem\">\n<figure class=\"card-media\"><img decoding=\"async\" src=\"https:\/\/bahiasexirentacar.com\/wp-content\/uploads\/2025\/07\/Atardecer-en-La-Herradura-scaled-e1753257717142.jpg\" alt=\"Leverans av hyrbil i La Herradura \u2013 Bahia Sexi\" width=\"1080\" height=\"1080\" \/><\/figure>\n<h4>La Herradura<\/h4>\n<p class=\"tipos\">Hotell \u00b7 Camping \u00b7 M\u00f6tesplats<\/p>\n<p><a class=\"btn-detalles\" href=\"https:\/\/bahiasexirentacar.com\/sv\/hyra-bil-la-herradura\/\" target=\"_blank\" rel=\"noopener\" aria-label=\"Visa detaljer \u2014 La Herradura\">Detaljer<\/a><\/p>\n<\/article>\n<article class=\"card-destino\" role=\"listitem\">\n<figure class=\"card-media\"><img decoding=\"async\" src=\"https:\/\/bahiasexirentacar.com\/wp-content\/uploads\/2023\/02\/Salobrena.webp\" alt=\"Leverans av hyrbil i Salobre\u00f1a \u2013 Bahia Sexi\" width=\"1080\" height=\"1080\" \/><\/figure>\n<h4>Salobre\u00f1a<\/h4>\n<p class=\"tipos\">Hotell \u00b7 Camping<\/p>\n<p><a class=\"btn-detalles\" href=\"https:\/\/bahiasexirentacar.com\/sv\/hyra-bil-salobrena\/\" target=\"_blank\" rel=\"noopener\" aria-label=\"Visa detaljer \u2014 Salobre\u00f1a\">Detaljer<\/a><\/p>\n<\/article>\n<article class=\"card-destino\" role=\"listitem\">\n<figure class=\"card-media\"><img decoding=\"async\" src=\"https:\/\/bahiasexirentacar.com\/wp-content\/uploads\/2025\/06\/iglesia-motril-1.webp\" alt=\"Leverans av hyrbil i Motril \u2013 Bahia Sexi\" width=\"1080\" height=\"1080\" \/><\/figure>\n<h4>Motril<\/h4>\n<p class=\"tipos\">Hotell \u00b7 Camping \u00b7 M\u00f6tesplats<\/p>\n<p><a class=\"btn-detalles\" href=\"https:\/\/bahiasexirentacar.com\/sv\/hyra-bil-motril\/\" target=\"_blank\" rel=\"noopener\" aria-label=\"Visa detaljer \u2014 Motril\">Detaljer<\/a><\/p>\n<\/article>\n<article class=\"card-destino\" role=\"listitem\">\n<figure class=\"card-media\"><img decoding=\"async\" src=\"https:\/\/bahiasexirentacar.com\/wp-content\/uploads\/2025\/11\/Carchuna.jpg\" alt=\"Leverans av hyrbil i Carchuna \u2013 Bahia Sexi\" width=\"1080\" height=\"1080\" \/><\/figure>\n<h4>Carchuna<\/h4>\n<p class=\"tipos\">Hotell \u00b7 Camping<\/p>\n<p><a class=\"btn-detalles\" href=\"https:\/\/bahiasexirentacar.com\/sv\/hyrbil-carchuna\/\" target=\"_blank\" rel=\"noopener\" aria-label=\"Visa detaljer \u2014 Carchuna\">Detaljer<\/a><\/p>\n<\/article>\n<article class=\"card-destino\" role=\"listitem\">\n<figure class=\"card-media\"><img decoding=\"async\" src=\"https:\/\/bahiasexirentacar.com\/wp-content\/uploads\/2025\/11\/castell-de-ferro.jpg\" alt=\"Leverans av hyrbil i Castell de Ferro \u2013 Bahia Sexi\" width=\"1080\" height=\"1080\" \/><\/figure>\n<h4>Castell de Ferro<\/h4>\n<p class=\"tipos\">Hotell \u00b7 Camping<\/p>\n<p><a class=\"btn-detalles\" href=\"https:\/\/bahiasexirentacar.com\/sv\/hyrbil-castell-de-ferro\/\" target=\"_blank\" rel=\"noopener\" aria-label=\"Visa detaljer \u2014 Castell de Ferro\">Detaljer<\/a><\/p>\n<\/article>\n<article class=\"card-destino\" role=\"listitem\">\n<figure class=\"card-media\"><img decoding=\"async\" src=\"https:\/\/bahiasexirentacar.com\/wp-content\/uploads\/2025\/11\/orgiva.webp\" alt=\"Leverans av hyrbil i \u00d3rgiva \u2013 Bahia Sexi\" width=\"1080\" height=\"1080\" \/><\/figure>\n<h4>\u00d3rgiva<\/h4>\n<p class=\"tipos\">Hotell \u00b7 Camping \u00b7 M\u00f6tesplats<\/p>\n<p><a class=\"btn-detalles\" href=\"https:\/\/bahiasexirentacar.com\/sv\/hyra-bil-orgiva\/\" target=\"_blank\" rel=\"noopener\" aria-label=\"Visa detaljer \u2014 \u00d3rgiva\">Detaljer<\/a><\/p>\n<\/article>\n<\/div>\n<\/div>\n<\/section>\n<p>[\/vc_column_text][\/vc_column][\/vc_row][vc_row][vc_column][vc_empty_space][\/vc_column][\/vc_row]<\/p>\n","protected":false},"excerpt":{"rendered":"<p>[vc_row][vc_column][vc_column_text] Leveransservice av bilar till hotell och campingar Njut av din bil n\u00e4r och d\u00e4r du beh\u00f6ver den. Med v\u00e5r leveransservice direkt till ditt boende (hotell, camping eller m\u00f6tesplats) st\u00e5r bilen redo f\u00f6r dig i M\u00e1laga och Granada, till b\u00e4sta pris och utan k\u00f6er eller transfer. Uppt\u00e4ck den andalusiska kusten i din egen takt fr\u00e5n&#8230;<\/p>\n","protected":false},"author":10,"featured_media":0,"parent":0,"menu_order":0,"comment_status":"closed","ping_status":"closed","template":"","meta":{"footnotes":""},"class_list":["post-2085185","page","type-page","status-publish","hentry"],"yoast_head":"<!-- This site is optimized with the Yoast SEO Premium plugin v27.3 (Yoast SEO v27.3) - https:\/\/yoast.com\/product\/yoast-seo-premium-wordpress\/ -->\n<title>Leveransservice till hotell och campingplatser | Bahia Sexi<\/title>\n<meta name=\"robots\" content=\"index, follow, max-snippet:-1, max-image-preview:large, max-video-preview:-1\" \/>\n<link rel=\"canonical\" href=\"https:\/\/bahiasexirentacar.com\/sv\/hotell-campingplatser\/\" \/>\n<meta property=\"og:locale\" content=\"sv_SE\" \/>\n<meta property=\"og:type\" content=\"article\" \/>\n<meta property=\"og:title\" content=\"Hotell och campingplatser\" \/>\n<meta property=\"og:description\" content=\"[vc_row][vc_column][vc_column_text] Leveransservice av bilar till hotell och campingar Njut av din bil n\u00e4r och d\u00e4r du beh\u00f6ver den. Med v\u00e5r leveransservice direkt till ditt boende (hotell, camping eller m\u00f6tesplats) st\u00e5r bilen redo f\u00f6r dig i M\u00e1laga och Granada, till b\u00e4sta pris och utan k\u00f6er eller transfer. Uppt\u00e4ck den andalusiska kusten i din egen takt fr\u00e5n...\" \/>\n<meta property=\"og:url\" content=\"https:\/\/bahiasexirentacar.com\/sv\/hotell-campingplatser\/\" \/>\n<meta property=\"og:site_name\" content=\"Bahia Sexi Rent a Car\" \/>\n<meta property=\"article:publisher\" content=\"https:\/\/www.facebook.com\/bahiasexi\" \/>\n<meta property=\"article:modified_time\" content=\"2026-03-10T09:01:41+00:00\" \/>\n<meta property=\"og:image\" content=\"https:\/\/bahiasexirentacar.com\/wp-content\/uploads\/2025\/06\/nerja-portada-2.jpg\" \/>\n<meta name=\"twitter:card\" content=\"summary_large_image\" \/>\n<meta name=\"twitter:label1\" content=\"Ber\u00e4knad l\u00e4stid\" \/>\n\t<meta name=\"twitter:data1\" content=\"5 minuter\" \/>\n<script type=\"application\/ld+json\" class=\"yoast-schema-graph\">{\"@context\":\"https:\\\/\\\/schema.org\",\"@graph\":[{\"@type\":\"WebPage\",\"@id\":\"https:\\\/\\\/bahiasexirentacar.com\\\/sv\\\/hotell-campingplatser\\\/\",\"url\":\"https:\\\/\\\/bahiasexirentacar.com\\\/sv\\\/hotell-campingplatser\\\/\",\"name\":\"Leveransservice till hotell och campingplatser | Bahia Sexi\",\"isPartOf\":{\"@id\":\"https:\\\/\\\/bahiasexirentacar.com\\\/sv\\\/#website\"},\"primaryImageOfPage\":{\"@id\":\"https:\\\/\\\/bahiasexirentacar.com\\\/sv\\\/hotell-campingplatser\\\/#primaryimage\"},\"image\":{\"@id\":\"https:\\\/\\\/bahiasexirentacar.com\\\/sv\\\/hotell-campingplatser\\\/#primaryimage\"},\"thumbnailUrl\":\"https:\\\/\\\/bahiasexirentacar.com\\\/wp-content\\\/uploads\\\/2025\\\/06\\\/nerja-portada-2.jpg\",\"datePublished\":\"2025-11-11T12:23:05+00:00\",\"dateModified\":\"2026-03-10T09:01:41+00:00\",\"breadcrumb\":{\"@id\":\"https:\\\/\\\/bahiasexirentacar.com\\\/sv\\\/hotell-campingplatser\\\/#breadcrumb\"},\"inLanguage\":\"sv-SE\",\"potentialAction\":[{\"@type\":\"ReadAction\",\"target\":[\"https:\\\/\\\/bahiasexirentacar.com\\\/sv\\\/hotell-campingplatser\\\/\"]}]},{\"@type\":\"ImageObject\",\"inLanguage\":\"sv-SE\",\"@id\":\"https:\\\/\\\/bahiasexirentacar.com\\\/sv\\\/hotell-campingplatser\\\/#primaryimage\",\"url\":\"https:\\\/\\\/bahiasexirentacar.com\\\/wp-content\\\/uploads\\\/2025\\\/06\\\/nerja-portada-2.jpg\",\"contentUrl\":\"https:\\\/\\\/bahiasexirentacar.com\\\/wp-content\\\/uploads\\\/2025\\\/06\\\/nerja-portada-2.jpg\"},{\"@type\":\"BreadcrumbList\",\"@id\":\"https:\\\/\\\/bahiasexirentacar.com\\\/sv\\\/hotell-campingplatser\\\/#breadcrumb\",\"itemListElement\":[{\"@type\":\"ListItem\",\"position\":1,\"name\":\"Home\",\"item\":\"https:\\\/\\\/bahiasexirentacar.com\\\/sv\\\/\"},{\"@type\":\"ListItem\",\"position\":2,\"name\":\"Hotell och campingplatser\"}]},{\"@type\":\"WebSite\",\"@id\":\"https:\\\/\\\/bahiasexirentacar.com\\\/sv\\\/#website\",\"url\":\"https:\\\/\\\/bahiasexirentacar.com\\\/sv\\\/\",\"name\":\"Bahia Sexi Rent a Car\",\"description\":\"Car rental at Malaga Airport\",\"publisher\":{\"@id\":\"https:\\\/\\\/bahiasexirentacar.com\\\/sv\\\/#organization\"},\"potentialAction\":[{\"@type\":\"SearchAction\",\"target\":{\"@type\":\"EntryPoint\",\"urlTemplate\":\"https:\\\/\\\/bahiasexirentacar.com\\\/sv\\\/?s={search_term_string}\"},\"query-input\":{\"@type\":\"PropertyValueSpecification\",\"valueRequired\":true,\"valueName\":\"search_term_string\"}}],\"inLanguage\":\"sv-SE\"},{\"@type\":\"Organization\",\"@id\":\"https:\\\/\\\/bahiasexirentacar.com\\\/sv\\\/#organization\",\"name\":\"Bahia Sexi Rent a Car\",\"url\":\"https:\\\/\\\/bahiasexirentacar.com\\\/sv\\\/\",\"logo\":{\"@type\":\"ImageObject\",\"inLanguage\":\"sv-SE\",\"@id\":\"https:\\\/\\\/bahiasexirentacar.com\\\/sv\\\/#\\\/schema\\\/logo\\\/image\\\/\",\"url\":\"https:\\\/\\\/bahiasexirentacar.com\\\/wp-content\\\/uploads\\\/2024\\\/11\\\/cropped-Icono-sitio-web.jpg\",\"contentUrl\":\"https:\\\/\\\/bahiasexirentacar.com\\\/wp-content\\\/uploads\\\/2024\\\/11\\\/cropped-Icono-sitio-web.jpg\",\"width\":512,\"height\":512,\"caption\":\"Bahia Sexi Rent a Car\"},\"image\":{\"@id\":\"https:\\\/\\\/bahiasexirentacar.com\\\/sv\\\/#\\\/schema\\\/logo\\\/image\\\/\"},\"sameAs\":[\"https:\\\/\\\/www.facebook.com\\\/bahiasexi\"]}]}<\/script>\n<!-- \/ Yoast SEO Premium plugin. -->","yoast_head_json":{"title":"Leveransservice till hotell och campingplatser | Bahia Sexi","robots":{"index":"index","follow":"follow","max-snippet":"max-snippet:-1","max-image-preview":"max-image-preview:large","max-video-preview":"max-video-preview:-1"},"canonical":"https:\/\/bahiasexirentacar.com\/sv\/hotell-campingplatser\/","og_locale":"sv_SE","og_type":"article","og_title":"Hotell och campingplatser","og_description":"[vc_row][vc_column][vc_column_text] Leveransservice av bilar till hotell och campingar Njut av din bil n\u00e4r och d\u00e4r du beh\u00f6ver den. Med v\u00e5r leveransservice direkt till ditt boende (hotell, camping eller m\u00f6tesplats) st\u00e5r bilen redo f\u00f6r dig i M\u00e1laga och Granada, till b\u00e4sta pris och utan k\u00f6er eller transfer. Uppt\u00e4ck den andalusiska kusten i din egen takt fr\u00e5n...","og_url":"https:\/\/bahiasexirentacar.com\/sv\/hotell-campingplatser\/","og_site_name":"Bahia Sexi Rent a Car","article_publisher":"https:\/\/www.facebook.com\/bahiasexi","article_modified_time":"2026-03-10T09:01:41+00:00","og_image":[{"url":"https:\/\/bahiasexirentacar.com\/wp-content\/uploads\/2025\/06\/nerja-portada-2.jpg","type":"","width":"","height":""}],"twitter_card":"summary_large_image","twitter_misc":{"Ber\u00e4knad l\u00e4stid":"5 minuter"},"schema":{"@context":"https:\/\/schema.org","@graph":[{"@type":"WebPage","@id":"https:\/\/bahiasexirentacar.com\/sv\/hotell-campingplatser\/","url":"https:\/\/bahiasexirentacar.com\/sv\/hotell-campingplatser\/","name":"Leveransservice till hotell och campingplatser | Bahia Sexi","isPartOf":{"@id":"https:\/\/bahiasexirentacar.com\/sv\/#website"},"primaryImageOfPage":{"@id":"https:\/\/bahiasexirentacar.com\/sv\/hotell-campingplatser\/#primaryimage"},"image":{"@id":"https:\/\/bahiasexirentacar.com\/sv\/hotell-campingplatser\/#primaryimage"},"thumbnailUrl":"https:\/\/bahiasexirentacar.com\/wp-content\/uploads\/2025\/06\/nerja-portada-2.jpg","datePublished":"2025-11-11T12:23:05+00:00","dateModified":"2026-03-10T09:01:41+00:00","breadcrumb":{"@id":"https:\/\/bahiasexirentacar.com\/sv\/hotell-campingplatser\/#breadcrumb"},"inLanguage":"sv-SE","potentialAction":[{"@type":"ReadAction","target":["https:\/\/bahiasexirentacar.com\/sv\/hotell-campingplatser\/"]}]},{"@type":"ImageObject","inLanguage":"sv-SE","@id":"https:\/\/bahiasexirentacar.com\/sv\/hotell-campingplatser\/#primaryimage","url":"https:\/\/bahiasexirentacar.com\/wp-content\/uploads\/2025\/06\/nerja-portada-2.jpg","contentUrl":"https:\/\/bahiasexirentacar.com\/wp-content\/uploads\/2025\/06\/nerja-portada-2.jpg"},{"@type":"BreadcrumbList","@id":"https:\/\/bahiasexirentacar.com\/sv\/hotell-campingplatser\/#breadcrumb","itemListElement":[{"@type":"ListItem","position":1,"name":"Home","item":"https:\/\/bahiasexirentacar.com\/sv\/"},{"@type":"ListItem","position":2,"name":"Hotell och campingplatser"}]},{"@type":"WebSite","@id":"https:\/\/bahiasexirentacar.com\/sv\/#website","url":"https:\/\/bahiasexirentacar.com\/sv\/","name":"Bahia Sexi Rent a Car","description":"Car rental at Malaga Airport","publisher":{"@id":"https:\/\/bahiasexirentacar.com\/sv\/#organization"},"potentialAction":[{"@type":"SearchAction","target":{"@type":"EntryPoint","urlTemplate":"https:\/\/bahiasexirentacar.com\/sv\/?s={search_term_string}"},"query-input":{"@type":"PropertyValueSpecification","valueRequired":true,"valueName":"search_term_string"}}],"inLanguage":"sv-SE"},{"@type":"Organization","@id":"https:\/\/bahiasexirentacar.com\/sv\/#organization","name":"Bahia Sexi Rent a Car","url":"https:\/\/bahiasexirentacar.com\/sv\/","logo":{"@type":"ImageObject","inLanguage":"sv-SE","@id":"https:\/\/bahiasexirentacar.com\/sv\/#\/schema\/logo\/image\/","url":"https:\/\/bahiasexirentacar.com\/wp-content\/uploads\/2024\/11\/cropped-Icono-sitio-web.jpg","contentUrl":"https:\/\/bahiasexirentacar.com\/wp-content\/uploads\/2024\/11\/cropped-Icono-sitio-web.jpg","width":512,"height":512,"caption":"Bahia Sexi Rent a Car"},"image":{"@id":"https:\/\/bahiasexirentacar.com\/sv\/#\/schema\/logo\/image\/"},"sameAs":["https:\/\/www.facebook.com\/bahiasexi"]}]}},"_links":{"self":[{"href":"https:\/\/bahiasexirentacar.com\/sv\/wp-json\/wp\/v2\/pages\/2085185","targetHints":{"allow":["GET"]}}],"collection":[{"href":"https:\/\/bahiasexirentacar.com\/sv\/wp-json\/wp\/v2\/pages"}],"about":[{"href":"https:\/\/bahiasexirentacar.com\/sv\/wp-json\/wp\/v2\/types\/page"}],"author":[{"embeddable":true,"href":"https:\/\/bahiasexirentacar.com\/sv\/wp-json\/wp\/v2\/users\/10"}],"replies":[{"embeddable":true,"href":"https:\/\/bahiasexirentacar.com\/sv\/wp-json\/wp\/v2\/comments?post=2085185"}],"version-history":[{"count":5,"href":"https:\/\/bahiasexirentacar.com\/sv\/wp-json\/wp\/v2\/pages\/2085185\/revisions"}],"predecessor-version":[{"id":2239703,"href":"https:\/\/bahiasexirentacar.com\/sv\/wp-json\/wp\/v2\/pages\/2085185\/revisions\/2239703"}],"wp:attachment":[{"href":"https:\/\/bahiasexirentacar.com\/sv\/wp-json\/wp\/v2\/media?parent=2085185"}],"curies":[{"name":"wp","href":"https:\/\/api.w.org\/{rel}","templated":true}]}}